{"id":9623,"date":"2024-04-23T18:25:32","date_gmt":"2024-04-23T21:25:32","guid":{"rendered":"https:\/\/deltamed.cl\/tienda\/?post_type=product&#038;p=9623"},"modified":"2026-03-09T14:01:17","modified_gmt":"2026-03-09T17:01:17","slug":"pack-aneroide-con-fonendo-simple-y-otoscopio-bokang","status":"publish","type":"product","link":"https:\/\/deltamed.cl\/tienda\/producto\/pack-aneroide-con-fonendo-simple-y-otoscopio-bokang\/","title":{"rendered":"Pack aneroide con fonendo simple y otoscopio Bokang"},"content":{"rendered":"<p>Pack aneroide con fonendo simple y otoscopio Bokang<\/p>\n<p>Pack aneroide con fonendo y otoscopio Bokang<br \/>\n\u2022Toma presi\u00f3n aneroide, marca Bokang, resistente, que garantiza m\u00e1xima fiabilidad tanto a nivel profesional, como particular.<br \/>\nFabricado seg\u00fan las normas BK2001.<br \/>\n\u2022Fabricado seg\u00fan las normas EN 1060-1\/2.<br \/>\n\u2022Subdivisi\u00f3n escala: 2mmHg<br \/>\n\u2022Exactitud medida: +- 3mmHg.<br \/>\n\u2022Extensi\u00f3n de la medici\u00f3n: 0 &#8211; 300mmHg<br \/>\n\u2022Uso Cl\u00ednico \u2013 Hospitalario \u2013 Domiciliario -Profesionales y Estudiantes de la Salud.<br \/>\n\u2022Incluye bolso para mejor traslado.<br \/>\n\u2022Incluye manual de instrucciones en espa\u00f1ol.<\/p>\n<p>Fonendoscopio o estetoscopio b\u00e1sico, plano, marca Bokang, modelo BK3001.<br \/>\n\u2022 Solo disponible en azul, rosado, morado y negro.<br \/>\n\u2022 Campana plana o simple, de una membrana. Diafragma de 1 3\/4.<br \/>\n\u2022 Hecho de aluminio. Tubo en \u00aby\u00bb hecho de pvc de una pieza, que asegura una buena transmisi\u00f3n.<br \/>\n\u2022 Uso en adultos.<br \/>\n\u2022 Uso b\u00e1sico, para medir tensi\u00f3n arterial (se necesita un esfingoman\u00f3metro)<br \/>\n\u2022 Origen: China.<\/p>\n<p>**Otoscopio de bolsillo de acero inoxidable delgado con luz blanca y clip de bolsillo.<\/p>\n<p>Los otoscopios son herramientas medicas utilizadas para examinar el canal auditivo y el t\u00edmpano. Son dispositivos que consisten en una fuente de luz y una lente que permite a los profesionales de la salud, como m\u00e9dicos y otorrinos, visualizar el interior del o\u00eddo con detalle. Los otoscopios son especialmente \u00fatiles para diagnosticar problemas en el o\u00eddo, como infecciones del o\u00eddo medio, acumulaci\u00f3n de cerumen, perforaciones en el t\u00edmpano y otras afecciones relacionadas con el o\u00eddo.<\/p>\n<p>Incluye<br \/>\nOtoscopio<br \/>\n4 especulos adulto<br \/>\ncabezal linterna.<\/p>\n<div id=\"attachment_9625\" style=\"width: 214px\" class=\"wp-caption alignnone\"><img decoding=\"async\" aria-describedby=\"caption-attachment-9625\" class=\" wp-image-9625\" src=\"https:\/\/deltamed.cl\/tienda\/wp-content\/uploads\/2024\/04\/Pack-Toma-Presion-Aneroide-otoscopio-fonendo-Simple-Bokang-morado-300x300.png\" alt=\"Pack aneroide con fonendo y otoscopio Bokang\" width=\"204\" height=\"204\" title=\"\" srcset=\"https:\/\/deltamed.cl\/tienda\/wp-content\/uploads\/2024\/04\/Pack-Toma-Presion-Aneroide-otoscopio-fonendo-Simple-Bokang-morado-300x300.png 300w, https:\/\/deltamed.cl\/tienda\/wp-content\/uploads\/2024\/04\/Pack-Toma-Presion-Aneroide-otoscopio-fonendo-Simple-Bokang-morado-1024x1024.png 1024w, https:\/\/deltamed.cl\/tienda\/wp-content\/uploads\/2024\/04\/Pack-Toma-Presion-Aneroide-otoscopio-fonendo-Simple-Bokang-morado-150x150.png 150w, https:\/\/deltamed.cl\/tienda\/wp-content\/uploads\/2024\/04\/Pack-Toma-Presion-Aneroide-otoscopio-fonendo-Simple-Bokang-morado-768x768.png 768w, https:\/\/deltamed.cl\/tienda\/wp-content\/uploads\/2024\/04\/Pack-Toma-Presion-Aneroide-otoscopio-fonendo-Simple-Bokang-morado-600x600.png 600w, https:\/\/deltamed.cl\/tienda\/wp-content\/uploads\/2024\/04\/Pack-Toma-Presion-Aneroide-otoscopio-fonendo-Simple-Bokang-morado-100x100.png 100w, https:\/\/deltamed.cl\/tienda\/wp-content\/uploads\/2024\/04\/Pack-Toma-Presion-Aneroide-otoscopio-fonendo-Simple-Bokang-morado.png 1200w\" sizes=\"(max-width: 204px) 100vw, 204px\" \/><p id=\"caption-attachment-9625\" class=\"wp-caption-text\">Pack aneroide con fonendo y otoscopio Bokang<\/p><\/div>\n","protected":false},"excerpt":{"rendered":"<p>Pack aneroide con fonendo simple y otoscopio Bokang<\/p>\n<p>Incluye :<\/p>\n<ul>\n<li>Toma presi\u00f3n aneroide BK2001<\/li>\n<li>Fonendoscopio simple BK3001<\/li>\n<li>Otoscopio linterna<\/li>\n<\/ul>\n<p>&nbsp;<\/p>\n","protected":false},"featured_media":9624,"comment_status":"open","ping_status":"closed","template":"","meta":{"_acf_changed":false},"product_brand":[1092],"product_cat":[15,355,352,361],"product_tag":[131],"class_list":{"0":"post-9623","1":"product","2":"type-product","3":"status-publish","4":"has-post-thumbnail","6":"product_brand-bokang","7":"product_cat-medicion-y-diagnostico","8":"product_cat-otoscopio-oftalmoscopio","9":"product_cat-fonendo","10":"product_cat-toma-presion","11":"product_tag-bokang","12":"product_shipping_class-extra-pequeno","14":"first","15":"outofstock","16":"shipping-taxable","17":"purchasable","18":"product-type-variable"},"acf":[],"_links":{"self":[{"href":"https:\/\/deltamed.cl\/tienda\/wp-json\/wp\/v2\/product\/9623","targetHints":{"allow":["GET"]}}],"collection":[{"href":"https:\/\/deltamed.cl\/tienda\/wp-json\/wp\/v2\/product"}],"about":[{"href":"https:\/\/deltamed.cl\/tienda\/wp-json\/wp\/v2\/types\/product"}],"replies":[{"embeddable":true,"href":"https:\/\/deltamed.cl\/tienda\/wp-json\/wp\/v2\/comments?post=9623"}],"version-history":[{"count":5,"href":"https:\/\/deltamed.cl\/tienda\/wp-json\/wp\/v2\/product\/9623\/revisions"}],"predecessor-version":[{"id":13103,"href":"https:\/\/deltamed.cl\/tienda\/wp-json\/wp\/v2\/product\/9623\/revisions\/13103"}],"wp:featuredmedia":[{"embeddable":true,"href":"https:\/\/deltamed.cl\/tienda\/wp-json\/wp\/v2\/media\/9624"}],"wp:attachment":[{"href":"https:\/\/deltamed.cl\/tienda\/wp-json\/wp\/v2\/media?parent=9623"}],"wp:term":[{"taxonomy":"product_brand","embeddable":true,"href":"https:\/\/deltamed.cl\/tienda\/wp-json\/wp\/v2\/product_brand?post=9623"},{"taxonomy":"product_cat","embeddable":true,"href":"https:\/\/deltamed.cl\/tienda\/wp-json\/wp\/v2\/product_cat?post=9623"},{"taxonomy":"product_tag","embeddable":true,"href":"https:\/\/deltamed.cl\/tienda\/wp-json\/wp\/v2\/product_tag?post=9623"}],"curies":[{"name":"wp","href":"https:\/\/api.w.org\/{rel}","templated":true}]}}