{"id":961,"date":"2021-03-16T14:03:52","date_gmt":"2021-03-16T17:03:52","guid":{"rendered":"https:\/\/deltamed.cl\/tienda\/?post_type=product&#038;p=961"},"modified":"2026-02-27T13:30:32","modified_gmt":"2026-02-27T16:30:32","slug":"lancetas-easy-life-50-unid","status":"publish","type":"product","link":"https:\/\/deltamed.cl\/tienda\/producto\/lancetas-easy-life-50-unid\/","title":{"rendered":"Lancetas easy life 50 unid"},"content":{"rendered":"<p>Lancetas Easy Life 50 unid<\/p>\n<p>Los dispositivos de punci\u00f3n o lancetas\u00a0se utilizan para facilitar una extracci\u00f3n de peque\u00f1as cantidades de sangre de forma pr\u00e1cticamente indolora mediante, por ej., un pinchazo en el dedo.<\/p>\n<p>Se deben usar lancetas nuevas en cada vez pues est\u00e1n bien afiladas y penetran menos dolorosamente.<\/p>\n<p>Si los pinchazos causan problemas en su piel, debe revisar su lanceta y cambiarla por una de estreno.<\/p>\n<p>Las lanceta por lo regular se utilizan con un lapiz o lancetero.<\/p>\n<ul>\n<li>Lanceta universal<\/li>\n<li>Funciona con los lanceteros<\/li>\n<li>Lanceta est\u00e9ril y desechable para uso en un dispositivo de punci\u00f3n, lanceador o porta lancetas.<\/li>\n<li>Se usa para la obtenci\u00f3n de muestra de sangre en punta del dedo, palma de la mano o antebrazo.<\/li>\n<li>Son compatibles con la mayor\u00eda de los dispositivos.<\/li>\n<li>Contiene 50 unidades<\/li>\n<\/ul>\n<p><strong>Vencen en 2024\/ 12<\/strong><\/p>\n<div id=\"attachment_962\" style=\"width: 271px\" class=\"wp-caption alignnone\"><img fetchpriority=\"high\" decoding=\"async\" aria-describedby=\"caption-attachment-962\" class=\"size-medium wp-image-962\" src=\"https:\/\/deltamed.cl\/tienda\/wp-content\/uploads\/2021\/03\/lancetas-universales-261x300.jpg\" alt=\"Lancetas easy life 50 unidades\" width=\"261\" height=\"300\" title=\"\" srcset=\"https:\/\/deltamed.cl\/tienda\/wp-content\/uploads\/2021\/03\/lancetas-universales-261x300.jpg 261w, https:\/\/deltamed.cl\/tienda\/wp-content\/uploads\/2021\/03\/lancetas-universales.jpg 435w\" sizes=\"(max-width: 261px) 100vw, 261px\" \/><p id=\"caption-attachment-962\" class=\"wp-caption-text\">Lancetas easy life 50 unid<\/p><\/div>\n<p>&nbsp;<\/p>\n","protected":false},"excerpt":{"rendered":"<p>Lancetas Easy Life 50 unid<\/p>\n<p>Lanceta est\u00e9ril y desechable para uso en un dispositivo de punci\u00f3n, lanceador o porta lancetas.<\/p>\n<p>Se usa para la obtenci\u00f3n de muestra de sangre en punta del dedo, palma de la mano o antebrazo.<\/p>\n<p>Son compatibles con la mayor\u00eda de los dispositivos.<\/p>\n<p>Contiene 50 unidaddes<\/p>\n<p>&nbsp;<\/p>\n<p>&nbsp;<\/p>\n<p>&nbsp;<\/p>\n","protected":false},"featured_media":962,"comment_status":"open","ping_status":"closed","template":"","meta":{"_acf_changed":false},"product_brand":[1088],"product_cat":[15,356,94],"product_tag":[486],"class_list":{"0":"post-961","1":"product","2":"type-product","3":"status-publish","4":"has-post-thumbnail","6":"product_brand-easy-life","7":"product_cat-medicion-y-diagnostico","8":"product_cat-glucometro","9":"product_cat-insumos-desechables","10":"product_tag-ayudas-tecnicas","11":"product_shipping_class-extra-pequeno","13":"first","14":"instock","15":"shipping-taxable","16":"purchasable","17":"product-type-simple"},"acf":[],"_links":{"self":[{"href":"https:\/\/deltamed.cl\/tienda\/wp-json\/wp\/v2\/product\/961","targetHints":{"allow":["GET"]}}],"collection":[{"href":"https:\/\/deltamed.cl\/tienda\/wp-json\/wp\/v2\/product"}],"about":[{"href":"https:\/\/deltamed.cl\/tienda\/wp-json\/wp\/v2\/types\/product"}],"replies":[{"embeddable":true,"href":"https:\/\/deltamed.cl\/tienda\/wp-json\/wp\/v2\/comments?post=961"}],"version-history":[{"count":3,"href":"https:\/\/deltamed.cl\/tienda\/wp-json\/wp\/v2\/product\/961\/revisions"}],"predecessor-version":[{"id":8721,"href":"https:\/\/deltamed.cl\/tienda\/wp-json\/wp\/v2\/product\/961\/revisions\/8721"}],"wp:featuredmedia":[{"embeddable":true,"href":"https:\/\/deltamed.cl\/tienda\/wp-json\/wp\/v2\/media\/962"}],"wp:attachment":[{"href":"https:\/\/deltamed.cl\/tienda\/wp-json\/wp\/v2\/media?parent=961"}],"wp:term":[{"taxonomy":"product_brand","embeddable":true,"href":"https:\/\/deltamed.cl\/tienda\/wp-json\/wp\/v2\/product_brand?post=961"},{"taxonomy":"product_cat","embeddable":true,"href":"https:\/\/deltamed.cl\/tienda\/wp-json\/wp\/v2\/product_cat?post=961"},{"taxonomy":"product_tag","embeddable":true,"href":"https:\/\/deltamed.cl\/tienda\/wp-json\/wp\/v2\/product_tag?post=961"}],"curies":[{"name":"wp","href":"https:\/\/api.w.org\/{rel}","templated":true}]}}