{"id":9402,"date":"2024-04-15T18:35:41","date_gmt":"2024-04-15T21:35:41","guid":{"rendered":"https:\/\/deltamed.cl\/tienda\/?post_type=product&#038;p=9402"},"modified":"2026-02-27T13:52:37","modified_gmt":"2026-02-27T16:52:37","slug":"pack-bokang-aneroide-y-otoscopio-linterna","status":"publish","type":"product","link":"https:\/\/deltamed.cl\/tienda\/producto\/pack-bokang-aneroide-y-otoscopio-linterna\/","title":{"rendered":"Pack Bokang aneroide y otoscopio linterna"},"content":{"rendered":"<p>Pack Bokang aneroide y otoscopio linterna incluye un toma presi\u00f3n aneroide BK2001, fonendoscopio (Estetoscopio) doble BK3002 y un otoscopio linterna.<\/p>\n<p>**Toma presi\u00f3n aneroide, marca Bokang, resistente, que garantiza m\u00e1xima fiabilidad tanto a nivel profesional, como particular.<br \/>\nFabricado seg\u00fan las normas BK2001.<br \/>\n\u2022Fabricado seg\u00fan las normas EN 1060-1\/2.<br \/>\n\u2022Subdivisi\u00f3n escala: 2mmHg<br \/>\n\u2022Exactitud medida: +- 3mmHg.<br \/>\n\u2022Extensi\u00f3n de la medici\u00f3n: 0 &#8211; 300mmHg<br \/>\n\u2022Uso Cl\u00ednico \u2013 Hospitalario \u2013 Domiciliario -Profesionales y Estudiantes de la Salud.<br \/>\n\u2022Incluye bolso para mejor traslado.<\/p>\n<p>**Fonendoscopio Doble Campana Bokang b3002<\/p>\n<p>Estetoscopio\/ fonendo con cabezal doble. Su membrana permite detectar frecuencias altas, incluyendo sonidos card\u00edacos; mientras su campana hace posible la detecci\u00f3n de sonidos de baja frecuencia a nivel pulmonar. Ideal en la examinaci\u00f3n tanto de pacientes pedi\u00e1tricos como adultos y veterinaria.<\/p>\n<p>Permite realizar una auscultaci\u00f3n precisa y clara, ya que est\u00e1 dise\u00f1ado bajo el concepto de doble campana, lo que permite realizar los siguientes tipos de auscultaci\u00f3n:<\/p>\n<p>Auscultaci\u00f3n de tipo cabezal plano: capta los sonidos de baja frecuencia.<br \/>\nAuscultaci\u00f3n de tipo campana: capta sonidos de alta frecuencia.<br \/>\nEstetoscopio liviano.<br \/>\n\u2022 Uso adulto y pedi\u00e1trico (edad escolar)<br \/>\n\u2022 Con campana de aluminio.<br \/>\n\u2022 Campana doble.<br \/>\n\u2022 Binaurales ajustables y c\u00f3modos de colocar.<br \/>\n\u2022 Posee manguera de una pieza de PVC para una buena transmisi\u00f3n.<br \/>\n\u2022 Uso profesional y general.<br \/>\n\u2022 Diferentes colores negro, azul, rosado y morado<br \/>\n\u2022 Marca: BOKANG.<br \/>\n\u2022 Origen: China.<br \/>\n\u2022 Producto certificado, CE, FDA, ISO9001, TUV.<\/p>\n<p>**Otoscopio de bolsillo de acero inoxidable delgado con luz blanca y clip de bolsillo.<\/p>\n<p>Los otoscopios son herramientas medicas utilizadas para examinar el canal auditivo y el t\u00edmpano. Son dispositivos que consisten en una fuente de luz y una lente que permite a los profesionales de la salud, como m\u00e9dicos y otorrinos, visualizar el interior del o\u00eddo con detalle. Los otoscopios son especialmente \u00fatiles para diagnosticar problemas en el o\u00eddo, como infecciones del o\u00eddo medio, acumulaci\u00f3n de cerumen, perforaciones en el t\u00edmpano y otras afecciones relacionadas con el o\u00eddo.<\/p>\n<p>Incluye<br \/>\nOtoscopio<br \/>\n4 especulos adulto<br \/>\ncabezal linterna.<\/p>\n<p>&nbsp;<\/p>\n<div id=\"attachment_9404\" style=\"width: 310px\" class=\"wp-caption alignnone\"><img fetchpriority=\"high\" decoding=\"async\" aria-describedby=\"caption-attachment-9404\" class=\"size-medium wp-image-9404\" src=\"https:\/\/deltamed.cl\/tienda\/wp-content\/uploads\/2024\/04\/Bokang-Otoscopio-300x300.png\" alt=\"Pack Bokang aneroide y otoscopio linterna\" width=\"300\" height=\"300\" title=\"\" srcset=\"https:\/\/deltamed.cl\/tienda\/wp-content\/uploads\/2024\/04\/Bokang-Otoscopio-300x300.png 300w, https:\/\/deltamed.cl\/tienda\/wp-content\/uploads\/2024\/04\/Bokang-Otoscopio-1024x1024.png 1024w, https:\/\/deltamed.cl\/tienda\/wp-content\/uploads\/2024\/04\/Bokang-Otoscopio-150x150.png 150w, https:\/\/deltamed.cl\/tienda\/wp-content\/uploads\/2024\/04\/Bokang-Otoscopio-768x768.png 768w, https:\/\/deltamed.cl\/tienda\/wp-content\/uploads\/2024\/04\/Bokang-Otoscopio-600x600.png 600w, https:\/\/deltamed.cl\/tienda\/wp-content\/uploads\/2024\/04\/Bokang-Otoscopio-100x100.png 100w, https:\/\/deltamed.cl\/tienda\/wp-content\/uploads\/2024\/04\/Bokang-Otoscopio.png 1200w\" sizes=\"(max-width: 300px) 100vw, 300px\" \/><p id=\"caption-attachment-9404\" class=\"wp-caption-text\">Pack Bokang aneroide y otoscopio linterna<\/p><\/div>\n","protected":false},"excerpt":{"rendered":"<p>Pack Bokang aneroide y otoscopio linterna incluye un toma presi\u00f3n aneroide BK2001, fonendoscopio (Estetoscopio) doble BK3002 y un otoscopio linterna.<\/p>\n","protected":false},"featured_media":9412,"comment_status":"open","ping_status":"closed","template":"","meta":{"_acf_changed":false},"product_brand":[1092],"product_cat":[15,355,352],"product_tag":[131],"class_list":{"0":"post-9402","1":"product","2":"type-product","3":"status-publish","4":"has-post-thumbnail","6":"product_brand-bokang","7":"product_cat-medicion-y-diagnostico","8":"product_cat-otoscopio-oftalmoscopio","9":"product_cat-fonendo","10":"product_tag-bokang","11":"product_shipping_class-extra-pequeno","13":"first","14":"instock","15":"shipping-taxable","16":"purchasable","17":"product-type-variable"},"acf":[],"_links":{"self":[{"href":"https:\/\/deltamed.cl\/tienda\/wp-json\/wp\/v2\/product\/9402","targetHints":{"allow":["GET"]}}],"collection":[{"href":"https:\/\/deltamed.cl\/tienda\/wp-json\/wp\/v2\/product"}],"about":[{"href":"https:\/\/deltamed.cl\/tienda\/wp-json\/wp\/v2\/types\/product"}],"replies":[{"embeddable":true,"href":"https:\/\/deltamed.cl\/tienda\/wp-json\/wp\/v2\/comments?post=9402"}],"version-history":[{"count":4,"href":"https:\/\/deltamed.cl\/tienda\/wp-json\/wp\/v2\/product\/9402\/revisions"}],"predecessor-version":[{"id":19109,"href":"https:\/\/deltamed.cl\/tienda\/wp-json\/wp\/v2\/product\/9402\/revisions\/19109"}],"wp:featuredmedia":[{"embeddable":true,"href":"https:\/\/deltamed.cl\/tienda\/wp-json\/wp\/v2\/media\/9412"}],"wp:attachment":[{"href":"https:\/\/deltamed.cl\/tienda\/wp-json\/wp\/v2\/media?parent=9402"}],"wp:term":[{"taxonomy":"product_brand","embeddable":true,"href":"https:\/\/deltamed.cl\/tienda\/wp-json\/wp\/v2\/product_brand?post=9402"},{"taxonomy":"product_cat","embeddable":true,"href":"https:\/\/deltamed.cl\/tienda\/wp-json\/wp\/v2\/product_cat?post=9402"},{"taxonomy":"product_tag","embeddable":true,"href":"https:\/\/deltamed.cl\/tienda\/wp-json\/wp\/v2\/product_tag?post=9402"}],"curies":[{"name":"wp","href":"https:\/\/api.w.org\/{rel}","templated":true}]}}