{"id":937,"date":"2021-03-10T17:09:35","date_gmt":"2021-03-10T20:09:35","guid":{"rendered":"https:\/\/deltamed.cl\/tienda\/?post_type=product&#038;p=937"},"modified":"2026-02-27T13:52:23","modified_gmt":"2026-02-27T16:52:23","slug":"jeringa-20-cc-lock-c-a-21x1-1-2-cranberry","status":"publish","type":"product","link":"https:\/\/deltamed.cl\/tienda\/producto\/jeringa-20-cc-lock-c-a-21x1-1-2-cranberry\/","title":{"rendered":"Jeringa 20 cc lock c\/a 21&#215;1 1\/2 Cranberry"},"content":{"rendered":"<p>Jeringa 20 cc lock c\/a 21&#215;1 1\/2 Cranberry<\/p>\n<p>Caja contiene 50 unidades<\/p>\n<p>Marca Cranberry<\/p>\n<p>Dispositivo m\u00e9dico est\u00e9ril. Consiste en un \u00e9mbolo insertado en un cuerpo que tiene una peque\u00f1a apertura en uno de sus extremos.<\/p>\n<p>Las jeringas de 3 y 5 ml poseen alta velocidad de flujo, mientras las de 10 y 20 ml inyectan a velocidad baja por la resistencia que ofrece el cuerpo de la jeringa.<\/p>\n<p>La conexi\u00f3n Luer lock asegura ser firme y segura entre la aguja y el cuerpo de la jeringa.<\/p>\n<p>Son utilizadas para administrar medicamentos y soluciones por v\u00eda endovenosa, intramuscular y oral (sin el uso de la aguja en este \u00faltimo caso).<\/p>\n<p>Producto desechable, no reutilizar.<\/p>\n<p>&#8211; Todas nuestras jeringas se encuentran registradas en el Instituto de Salud P\u00fablica de Chile (ISP).<br \/>\n&#8211; Suave deslizamiento del \u00e9mbolo.<br \/>\n&#8211; El sistema luer look evita fugas de los l\u00edquidos que pueda contener la jeringa.<br \/>\n&#8211; N\u00fameros claros e indelebles<br \/>\nEste producto cuenta con las siguientes certificaciones:<br \/>\n&#8211; Certificado Libre L\u00e1tex.<br \/>\n&#8211; ISO 13485 \u2013 2012.<br \/>\n&#8211; FDA certificate.<\/p>\n<p>Cod AAJECR20<\/p>\n<div id=\"attachment_938\" style=\"width: 310px\" class=\"wp-caption alignnone\"><img fetchpriority=\"high\" decoding=\"async\" aria-describedby=\"caption-attachment-938\" class=\"size-medium wp-image-938\" src=\"https:\/\/deltamed.cl\/tienda\/wp-content\/uploads\/2021\/03\/JERINGA-DESECHABLE-20-CC-CAJA-300x300.jpg\" alt=\"Jeringa 20 cc lock c\/a 21x1 1\/2 Cranberry\" width=\"300\" height=\"300\" title=\"\" srcset=\"https:\/\/deltamed.cl\/tienda\/wp-content\/uploads\/2021\/03\/JERINGA-DESECHABLE-20-CC-CAJA-300x300.jpg 300w, https:\/\/deltamed.cl\/tienda\/wp-content\/uploads\/2021\/03\/JERINGA-DESECHABLE-20-CC-CAJA-100x100.jpg 100w, https:\/\/deltamed.cl\/tienda\/wp-content\/uploads\/2021\/03\/JERINGA-DESECHABLE-20-CC-CAJA-150x150.jpg 150w, https:\/\/deltamed.cl\/tienda\/wp-content\/uploads\/2021\/03\/JERINGA-DESECHABLE-20-CC-CAJA.jpg 600w\" sizes=\"(max-width: 300px) 100vw, 300px\" \/><p id=\"caption-attachment-938\" class=\"wp-caption-text\">Jeringa 20 cc lock c\/a 21&#215;1 1\/2 Cranberry<\/p><\/div>\n","protected":false},"excerpt":{"rendered":"<p>Jeringa 20 cc lock c\/a 21&#215;1 1\/2 Cranberry<\/p>\n<p>Caja contiene 50 unidades<\/p>\n<p>Marca Cranberry<\/p>\n<p>Dispositivo m\u00e9dico est\u00e9ril. Consiste en un \u00e9mbolo insertado en un cuerpo que tiene una peque\u00f1a apertura en uno de sus extremos.<\/p>\n<p>Las jeringas de 3 y 5 ml poseen alta velocidad de flujo, mientras las de 10 y 20 ml inyectan a velocidad baja por la resistencia que ofrece el cuerpo de la jeringa.<\/p>\n<p>La conexi\u00f3n Luer lock asegura ser firme y segura entre la aguja y el cuerpo de la jeringa.<\/p>\n","protected":false},"featured_media":938,"comment_status":"open","ping_status":"closed","template":"","meta":{"_acf_changed":false},"product_brand":[1087],"product_cat":[94,370],"product_tag":[119,118,123,189],"class_list":{"0":"post-937","1":"product","2":"type-product","3":"status-publish","4":"has-post-thumbnail","6":"product_brand-cranberry","7":"product_cat-insumos-desechables","8":"product_cat-jeringas","9":"product_tag-cranberry","10":"product_tag-desechable","11":"product_tag-jeringa","12":"product_tag-luer-lock","13":"product_shipping_class-pequeno","15":"first","16":"instock","17":"sale","18":"shipping-taxable","19":"purchasable","20":"product-type-simple"},"acf":[],"_links":{"self":[{"href":"https:\/\/deltamed.cl\/tienda\/wp-json\/wp\/v2\/product\/937","targetHints":{"allow":["GET"]}}],"collection":[{"href":"https:\/\/deltamed.cl\/tienda\/wp-json\/wp\/v2\/product"}],"about":[{"href":"https:\/\/deltamed.cl\/tienda\/wp-json\/wp\/v2\/types\/product"}],"replies":[{"embeddable":true,"href":"https:\/\/deltamed.cl\/tienda\/wp-json\/wp\/v2\/comments?post=937"}],"version-history":[{"count":2,"href":"https:\/\/deltamed.cl\/tienda\/wp-json\/wp\/v2\/product\/937\/revisions"}],"predecessor-version":[{"id":8797,"href":"https:\/\/deltamed.cl\/tienda\/wp-json\/wp\/v2\/product\/937\/revisions\/8797"}],"wp:featuredmedia":[{"embeddable":true,"href":"https:\/\/deltamed.cl\/tienda\/wp-json\/wp\/v2\/media\/938"}],"wp:attachment":[{"href":"https:\/\/deltamed.cl\/tienda\/wp-json\/wp\/v2\/media?parent=937"}],"wp:term":[{"taxonomy":"product_brand","embeddable":true,"href":"https:\/\/deltamed.cl\/tienda\/wp-json\/wp\/v2\/product_brand?post=937"},{"taxonomy":"product_cat","embeddable":true,"href":"https:\/\/deltamed.cl\/tienda\/wp-json\/wp\/v2\/product_cat?post=937"},{"taxonomy":"product_tag","embeddable":true,"href":"https:\/\/deltamed.cl\/tienda\/wp-json\/wp\/v2\/product_tag?post=937"}],"curies":[{"name":"wp","href":"https:\/\/api.w.org\/{rel}","templated":true}]}}