{"id":924,"date":"2021-03-12T15:25:06","date_gmt":"2021-03-12T18:25:06","guid":{"rendered":"https:\/\/deltamed.cl\/tienda\/?post_type=product&#038;p=924"},"modified":"2026-02-27T13:30:32","modified_gmt":"2026-02-27T16:30:32","slug":"cinta-para-glucosa-easy-mini-touch","status":"publish","type":"product","link":"https:\/\/deltamed.cl\/tienda\/producto\/cinta-para-glucosa-easy-mini-touch\/","title":{"rendered":"Cinta para glucosa Easy mini touch"},"content":{"rendered":"<p>Son una herramienta esencial para el monitoreo preciso de los niveles de glucosa en sangre.<\/p>\n<p>La <strong>cinta para glucosa Easy Mini Touch<\/strong> es un dispositivo desechable utilizado en conjunto con un medidor de glucosa, espec\u00edficamente el <strong>Easy Mini Touch<\/strong>, que es un medidor port\u00e1til para medir los niveles de glucosa en sangre. Las cintas son necesarias para que el medidor pueda realizar la lectura de la muestra de sangre que se coloca en ellas.<\/p>\n<p>Cada cinta est\u00e1 dise\u00f1ada para absorber una peque\u00f1a cantidad de sangre y reaccionar con ella, permitiendo que el medidor de glucosa indique los niveles de glucosa en la sangre del paciente. Estas cintas est\u00e1n dise\u00f1adas para ser precisas y r\u00e1pidas, brindando resultados en minutos.<\/p>\n<p>Es importante utilizar las cintas espec\u00edficas para el modelo de medidor correspondiente para garantizar lecturas confiables y exactas.<\/p>\n<p>&nbsp;<\/p>\n<p>Cintas \/ Tiras reactivas para medir glucosa\/glicemia, marca EasyLife mini touch.<br \/>\n\u2022 Caja contiene 50 unidades.<br \/>\n\u2022 Compatible con medidor EasyLife mini touch.<br \/>\n\u2022 Producto certificado.<br \/>\n\u2022 Hecho en Taiwan.<\/p>\n<p>&nbsp;<\/p>\n<p><img fetchpriority=\"high\" decoding=\"async\" class=\"size-medium wp-image-935\" src=\"https:\/\/deltamed.cl\/tienda\/wp-content\/uploads\/2021\/03\/cintas-easy-touch-mini-300x300.jpg\" alt=\"Cinta para glicemia glucosa Easy mini touch\" width=\"300\" height=\"300\" title=\"\" srcset=\"https:\/\/deltamed.cl\/tienda\/wp-content\/uploads\/2021\/03\/cintas-easy-touch-mini-300x300.jpg 300w, https:\/\/deltamed.cl\/tienda\/wp-content\/uploads\/2021\/03\/cintas-easy-touch-mini-100x100.jpg 100w, https:\/\/deltamed.cl\/tienda\/wp-content\/uploads\/2021\/03\/cintas-easy-touch-mini-150x150.jpg 150w, https:\/\/deltamed.cl\/tienda\/wp-content\/uploads\/2021\/03\/cintas-easy-touch-mini.jpg 600w\" sizes=\"(max-width: 300px) 100vw, 300px\" \/><\/p>\n","protected":false},"excerpt":{"rendered":"<p>Cinta para glicemia glucosa Easy mini touch<\/p>\n<p>Son una herramienta esencial para el monitoreo preciso de los niveles de glucosa en sangre.<\/p>\n<p>Cintas \/ Tiras reactivas para medir glucosa\/glicemia, marca EasyLife mini touch.<br \/>\n\u2022 Caja contiene 50 unidades.<\/p>\n<p><img decoding=\"async\" class=\"size-medium wp-image-935\" src=\"https:\/\/deltamed.cl\/tienda\/wp-content\/uploads\/2021\/03\/cintas-easy-touch-mini-300x300.jpg\" alt=\"Cinta para glicemia glucosa Easy mini touch\" width=\"300\" height=\"300\" srcset=\"https:\/\/deltamed.cl\/tienda\/wp-content\/uploads\/2021\/03\/cintas-easy-touch-mini-300x300.jpg 300w, https:\/\/deltamed.cl\/tienda\/wp-content\/uploads\/2021\/03\/cintas-easy-touch-mini-100x100.jpg 100w, https:\/\/deltamed.cl\/tienda\/wp-content\/uploads\/2021\/03\/cintas-easy-touch-mini-150x150.jpg 150w, https:\/\/deltamed.cl\/tienda\/wp-content\/uploads\/2021\/03\/cintas-easy-touch-mini.jpg 600w\" sizes=\"(max-width: 300px) 100vw, 300px\" \/><\/p>\n","protected":false},"featured_media":935,"comment_status":"open","ping_status":"closed","template":"","meta":{"_acf_changed":false},"product_brand":[1088],"product_cat":[15,356],"product_tag":[24,486,520,118,524,111,523,63,65,525,208,521,522],"class_list":{"0":"post-924","1":"product","2":"type-product","3":"status-publish","4":"has-post-thumbnail","6":"product_brand-easy-life","7":"product_cat-medicion-y-diagnostico","8":"product_cat-glucometro","9":"product_tag-adulto-mayor","10":"product_tag-ayudas-tecnicas","11":"product_tag-cintas","12":"product_tag-desechable","13":"product_tag-diabetes","14":"product_tag-glicemia","15":"product_tag-glucometro","16":"product_tag-glucosa","17":"product_tag-medidor","18":"product_tag-sangre","19":"product_tag-tira","20":"product_tag-tiras","21":"product_tag-tiras-reactivas","22":"product_shipping_class-extra-pequeno","24":"first","25":"instock","26":"shipping-taxable","27":"purchasable","28":"product-type-simple"},"acf":[],"_links":{"self":[{"href":"https:\/\/deltamed.cl\/tienda\/wp-json\/wp\/v2\/product\/924","targetHints":{"allow":["GET"]}}],"collection":[{"href":"https:\/\/deltamed.cl\/tienda\/wp-json\/wp\/v2\/product"}],"about":[{"href":"https:\/\/deltamed.cl\/tienda\/wp-json\/wp\/v2\/types\/product"}],"replies":[{"embeddable":true,"href":"https:\/\/deltamed.cl\/tienda\/wp-json\/wp\/v2\/comments?post=924"}],"version-history":[{"count":6,"href":"https:\/\/deltamed.cl\/tienda\/wp-json\/wp\/v2\/product\/924\/revisions"}],"predecessor-version":[{"id":16426,"href":"https:\/\/deltamed.cl\/tienda\/wp-json\/wp\/v2\/product\/924\/revisions\/16426"}],"wp:featuredmedia":[{"embeddable":true,"href":"https:\/\/deltamed.cl\/tienda\/wp-json\/wp\/v2\/media\/935"}],"wp:attachment":[{"href":"https:\/\/deltamed.cl\/tienda\/wp-json\/wp\/v2\/media?parent=924"}],"wp:term":[{"taxonomy":"product_brand","embeddable":true,"href":"https:\/\/deltamed.cl\/tienda\/wp-json\/wp\/v2\/product_brand?post=924"},{"taxonomy":"product_cat","embeddable":true,"href":"https:\/\/deltamed.cl\/tienda\/wp-json\/wp\/v2\/product_cat?post=924"},{"taxonomy":"product_tag","embeddable":true,"href":"https:\/\/deltamed.cl\/tienda\/wp-json\/wp\/v2\/product_tag?post=924"}],"curies":[{"name":"wp","href":"https:\/\/api.w.org\/{rel}","templated":true}]}}