{"id":890,"date":"2021-03-02T16:35:47","date_gmt":"2021-03-02T19:35:47","guid":{"rendered":"https:\/\/deltamed.cl\/tienda\/?post_type=product&#038;p=890"},"modified":"2026-03-24T19:23:49","modified_gmt":"2026-03-24T22:23:49","slug":"aguja-hipodermica-caja-x-100-unidades-cranberry","status":"publish","type":"product","link":"https:\/\/deltamed.cl\/tienda\/producto\/aguja-hipodermica-caja-x-100-unidades-cranberry\/","title":{"rendered":"Aguja Hipod\u00e9rmica Caja x 100 Unidades Cranberry"},"content":{"rendered":"<p>Aguja Hipod\u00e9rmica Caja x 100 unidades Cranberry<\/p>\n<p>Este insumo sanitario desechable consta de una aguja hueca de acero inoxidable con corte biselado, junto con un pivote de polipropileno que facilita su conexi\u00f3n a jeringas Luer Slip o Luer Lock. Su uso principal es la inyecci\u00f3n de sustancias o medicamentos en el cuerpo, aunque tambi\u00e9n puede emplearse para la extracci\u00f3n de muestras de l\u00edquidos y tejidos, como en el caso de la toma de sangre.<\/p>\n<p><strong>Caracter\u00edsticas<\/strong><\/p>\n<p><strong>Material:<\/strong> Acero inoxidable<br \/>\n<strong>Calibre:<\/strong> El calibre de las agujas, medido en Gauge, sigue una escala inversa que va desde 1G (12,7 mm) para las agujas m\u00e1s gruesas hasta 36G (0,102 mm) para las m\u00e1s finas<br \/>\nLibre de l\u00e1tex<br \/>\n<strong>Esterilizaci\u00f3n:<\/strong> Esterilizado mediante \u00f3xido de etileno<br \/>\n<strong>Empaque:<\/strong> Sobre laminado<br \/>\n<strong>Apir\u00f3geno:<\/strong> Libre de sustancias que causan fiebre, como fragmentos de bacterias, y es seguro para su uso en el cuerpo.<br \/>\n<strong>Silicona:<\/strong> Grado m\u00e9dico<\/p>\n<p><strong>Certificaciones<\/strong><\/p>\n<p>ISO 13485:2012<br \/>\nCertificaci\u00f3n FDA<\/p>\n<table class=\"woocommerce-product-attributes shop_attributes\">\n<tbody>\n<tr class=\"woocommerce-product-attributes-item woocommerce-product-attributes-item--weight\">\n<th class=\"woocommerce-product-attributes-item__label\">Peso<\/th>\n<td class=\"woocommerce-product-attributes-item__value\">0,4 kg<\/td>\n<\/tr>\n<tr class=\"woocommerce-product-attributes-item woocommerce-product-attributes-item--dimensions\">\n<th class=\"woocommerce-product-attributes-item__label\">Dimensiones<\/th>\n<td class=\"woocommerce-product-attributes-item__value\">15 \u00d7 15 \u00d7 15 cm<\/td>\n<\/tr>\n<tr class=\"woocommerce-product-attributes-item woocommerce-product-attributes-item--attribute_pa_tamano\">\n<th class=\"woocommerce-product-attributes-item__label\">Tama\u00f1o<\/th>\n<td class=\"woocommerce-product-attributes-item__value\">19G x 1 1\/2, 21G x 1, 21G x 1 1\/2, 23G x 1, 25G x 5\/8<\/td>\n<\/tr>\n<\/tbody>\n<\/table>\n","protected":false},"excerpt":{"rendered":"<p>Aguja Hipod\u00e9rmica Caja x 100 unidades Cranberry<\/p>\n<p>Este insumo sanitario desechable consta de una aguja hueca de acero inoxidable con corte biselado, junto con un pivote de polipropileno que facilita su conexi\u00f3n a jeringas Luer Slip o Luer Lock. Su uso principal es la inyecci\u00f3n de sustancias o medicamentos en el cuerpo, aunque tambi\u00e9n puede emplearse para la extracci\u00f3n de muestras de l\u00edquidos y tejidos, como en el caso de la toma de sangre.<\/p>\n<p><strong>Caracter\u00edsticas<\/strong><\/p>\n<p><strong>Material:<\/strong> Acero inoxidable<br \/>\n<strong>Calibre:<\/strong> El calibre de las agujas, medido en Gauge, sigue una escala inversa que va desde 1G (12,7 mm) para las agujas m\u00e1s gruesas hasta 36G (0,102 mm) para las m\u00e1s finas<br \/>\nLibre de l\u00e1tex<br \/>\n<strong>Esterilizaci\u00f3n:<\/strong> Esterilizado mediante \u00f3xido de etileno<br \/>\n<strong>Empaque:<\/strong> Sobre laminado<br \/>\n<strong>Apir\u00f3geno:<\/strong> Libre de sustancias que causan fiebre, como fragmentos de bacterias, y es seguro para su uso en el cuerpo.<br \/>\n<strong>Silicona:<\/strong> Grado m\u00e9dico<\/p>\n<p><strong>Certificaciones<\/strong><\/p>\n<p>ISO 13485:2012<br \/>\nCertificaci\u00f3n FDA<\/p>\n","protected":false},"featured_media":893,"comment_status":"open","ping_status":"closed","template":"","meta":{"_acf_changed":false},"product_brand":[1087],"product_cat":[94,383],"product_tag":[119],"class_list":{"0":"post-890","1":"product","2":"type-product","3":"status-publish","4":"has-post-thumbnail","6":"product_brand-cranberry","7":"product_cat-insumos-desechables","8":"product_cat-agujas","9":"product_tag-cranberry","10":"product_shipping_class-pequeno","12":"first","13":"instock","14":"shipping-taxable","15":"purchasable","16":"product-type-variable"},"acf":[],"_links":{"self":[{"href":"https:\/\/deltamed.cl\/tienda\/wp-json\/wp\/v2\/product\/890","targetHints":{"allow":["GET"]}}],"collection":[{"href":"https:\/\/deltamed.cl\/tienda\/wp-json\/wp\/v2\/product"}],"about":[{"href":"https:\/\/deltamed.cl\/tienda\/wp-json\/wp\/v2\/types\/product"}],"replies":[{"embeddable":true,"href":"https:\/\/deltamed.cl\/tienda\/wp-json\/wp\/v2\/comments?post=890"}],"version-history":[{"count":3,"href":"https:\/\/deltamed.cl\/tienda\/wp-json\/wp\/v2\/product\/890\/revisions"}],"predecessor-version":[{"id":12506,"href":"https:\/\/deltamed.cl\/tienda\/wp-json\/wp\/v2\/product\/890\/revisions\/12506"}],"wp:featuredmedia":[{"embeddable":true,"href":"https:\/\/deltamed.cl\/tienda\/wp-json\/wp\/v2\/media\/893"}],"wp:attachment":[{"href":"https:\/\/deltamed.cl\/tienda\/wp-json\/wp\/v2\/media?parent=890"}],"wp:term":[{"taxonomy":"product_brand","embeddable":true,"href":"https:\/\/deltamed.cl\/tienda\/wp-json\/wp\/v2\/product_brand?post=890"},{"taxonomy":"product_cat","embeddable":true,"href":"https:\/\/deltamed.cl\/tienda\/wp-json\/wp\/v2\/product_cat?post=890"},{"taxonomy":"product_tag","embeddable":true,"href":"https:\/\/deltamed.cl\/tienda\/wp-json\/wp\/v2\/product_tag?post=890"}],"curies":[{"name":"wp","href":"https:\/\/api.w.org\/{rel}","templated":true}]}}