{"id":880,"date":"2021-03-01T09:57:51","date_gmt":"2021-03-01T12:57:51","guid":{"rendered":"https:\/\/deltamed.cl\/tienda\/?post_type=product&#038;p=880"},"modified":"2026-04-09T13:38:06","modified_gmt":"2026-04-09T16:38:06","slug":"bata-paciente-adulto","status":"publish","type":"product","link":"https:\/\/deltamed.cl\/tienda\/producto\/bata-paciente-adulto\/","title":{"rendered":"Bata paciente adulto"},"content":{"rendered":"<p>Bata paciente adulto<\/p>\n<p>Prenda desechable para paciente, con manga corta y apertura frontal o posterior; fabricado en Tela no Tejida de capas llamada SMS (Spunbond Meltbown Spunbond) de 40g.<br \/>\nCubre al paciente de la mejor forma para procedimientos, con amarres laterales. Elemento de protecci\u00f3n personal desechable. Esta bata paciente es una excelente barrera bacteriol\u00f3gica y f\u00edsica, que protege al cuerpo de la persona en el ambiente cl\u00ednico. Se usa especialmente en consultas m\u00e9dicas y durante ex\u00e1menes invasivos hospitalarios.<\/p>\n<p>Caracter\u00edsticas del Contenido<\/p>\n<p>&#8211; Bata Paciente<\/p>\n<p>&#8211; Manga corta (12 cm en adulto)<\/p>\n<p>&#8211; Con amarre en la cintura<\/p>\n<p>&#8211; Largo a la altura de la rodilla<\/p>\n<p>&#8211; Color: Azul<\/p>\n<p>&#8211; Libre de latex<\/p>\n","protected":false},"excerpt":{"rendered":"<p>Bata paciente adulto<\/p>\n<p>Prenda desechable para paciente, con manga corta y apertura frontal o posterior; fabricado en Tela no Tejida de capas llamada SMS (Spunbond Meltbown Spunbond) de 40g.<br \/>\nCubre al paciente de la mejor forma para procedimientos, con amarres laterales. Elemento de protecci\u00f3n personal desechable. Esta bata paciente es una excelente barrera bacteriol\u00f3gica y f\u00edsica, que protege al cuerpo de la persona en el ambiente cl\u00ednico. Se usa especialmente en consultas m\u00e9dicas y durante ex\u00e1menes invasivos hospitalarios.<\/p>\n<p>Marcas diferentes marcas<\/p>\n","protected":false},"featured_media":10455,"comment_status":"open","ping_status":"closed","template":"","meta":{"_acf_changed":false},"product_brand":[],"product_cat":[94],"product_tag":[486,703],"class_list":{"0":"post-880","1":"product","2":"type-product","3":"status-publish","4":"has-post-thumbnail","6":"product_cat-insumos-desechables","7":"product_tag-ayudas-tecnicas","8":"product_tag-cyberday","9":"product_shipping_class-pequeno","11":"first","12":"instock","13":"shipping-taxable","14":"purchasable","15":"product-type-simple"},"acf":[],"_links":{"self":[{"href":"https:\/\/deltamed.cl\/tienda\/wp-json\/wp\/v2\/product\/880","targetHints":{"allow":["GET"]}}],"collection":[{"href":"https:\/\/deltamed.cl\/tienda\/wp-json\/wp\/v2\/product"}],"about":[{"href":"https:\/\/deltamed.cl\/tienda\/wp-json\/wp\/v2\/types\/product"}],"replies":[{"embeddable":true,"href":"https:\/\/deltamed.cl\/tienda\/wp-json\/wp\/v2\/comments?post=880"}],"version-history":[{"count":4,"href":"https:\/\/deltamed.cl\/tienda\/wp-json\/wp\/v2\/product\/880\/revisions"}],"predecessor-version":[{"id":13280,"href":"https:\/\/deltamed.cl\/tienda\/wp-json\/wp\/v2\/product\/880\/revisions\/13280"}],"wp:featuredmedia":[{"embeddable":true,"href":"https:\/\/deltamed.cl\/tienda\/wp-json\/wp\/v2\/media\/10455"}],"wp:attachment":[{"href":"https:\/\/deltamed.cl\/tienda\/wp-json\/wp\/v2\/media?parent=880"}],"wp:term":[{"taxonomy":"product_brand","embeddable":true,"href":"https:\/\/deltamed.cl\/tienda\/wp-json\/wp\/v2\/product_brand?post=880"},{"taxonomy":"product_cat","embeddable":true,"href":"https:\/\/deltamed.cl\/tienda\/wp-json\/wp\/v2\/product_cat?post=880"},{"taxonomy":"product_tag","embeddable":true,"href":"https:\/\/deltamed.cl\/tienda\/wp-json\/wp\/v2\/product_tag?post=880"}],"curies":[{"name":"wp","href":"https:\/\/api.w.org\/{rel}","templated":true}]}}