{"id":867,"date":"2021-02-25T17:22:12","date_gmt":"2021-02-25T20:22:12","guid":{"rendered":"https:\/\/deltamed.cl\/tienda\/?post_type=product&#038;p=867"},"modified":"2026-03-25T21:44:15","modified_gmt":"2026-03-26T00:44:15","slug":"alcohol-gel-elite","status":"publish","type":"product","link":"https:\/\/deltamed.cl\/tienda\/producto\/alcohol-gel-elite\/","title":{"rendered":"Alcohol gel Elite"},"content":{"rendered":"<p>Alcohol gel Elite<\/p>\n<p>El alcohol en gel, tambi\u00e9n conocido como gel antis\u00e9ptico, gel desinfectante, gel de alcohol, alcohol gel o gel limpiador bactericida, es un producto antis\u00e9ptico que se emplea como alternativa al agua y el jab\u00f3n para lavarse las manos.<\/p>\n<p>Limpiador para manos en base a alcohol, de uso directo y que no necesita enjuague. Elimina toda suciedad de sus manos.<\/p>\n<p>Tama\u00f1os:<\/p>\n<ul>\n<li>500ml<\/li>\n<li>1000ml<\/li>\n<\/ul>\n<p>Contiene 70% de alcohol<\/p>\n<p>&nbsp;<\/p>\n","protected":false},"excerpt":{"rendered":"<p>Alcohol gel Elite<\/p>\n<p>El alcohol en gel, tambi\u00e9n conocido como gel antis\u00e9ptico, gel desinfectante, gel de alcohol, alcohol gel o gel limpiador bactericida, es un producto antis\u00e9ptico que se emplea como alternativa al agua y el jab\u00f3n para lavarse las manos. Limpiador para manos en base a alcohol, de uso directo y que no necesita enjuague.<\/p>\n<p>Contiene 70% de alcohol<\/p>\n<p>&nbsp;<\/p>\n","protected":false},"featured_media":871,"comment_status":"open","ping_status":"closed","template":"","meta":{"_acf_changed":false},"product_brand":[1113],"product_cat":[397,94,36],"product_tag":[],"class_list":{"0":"post-867","1":"product","2":"type-product","3":"status-publish","4":"has-post-thumbnail","6":"product_brand-elite","7":"product_cat-alcohol","8":"product_cat-insumos-desechables","9":"product_cat-tratamiento-de-herida","10":"product_shipping_class-pequeno","12":"first","13":"instock","14":"shipping-taxable","15":"purchasable","16":"product-type-variable"},"acf":[],"_links":{"self":[{"href":"https:\/\/deltamed.cl\/tienda\/wp-json\/wp\/v2\/product\/867","targetHints":{"allow":["GET"]}}],"collection":[{"href":"https:\/\/deltamed.cl\/tienda\/wp-json\/wp\/v2\/product"}],"about":[{"href":"https:\/\/deltamed.cl\/tienda\/wp-json\/wp\/v2\/types\/product"}],"replies":[{"embeddable":true,"href":"https:\/\/deltamed.cl\/tienda\/wp-json\/wp\/v2\/comments?post=867"}],"version-history":[{"count":4,"href":"https:\/\/deltamed.cl\/tienda\/wp-json\/wp\/v2\/product\/867\/revisions"}],"predecessor-version":[{"id":11331,"href":"https:\/\/deltamed.cl\/tienda\/wp-json\/wp\/v2\/product\/867\/revisions\/11331"}],"wp:featuredmedia":[{"embeddable":true,"href":"https:\/\/deltamed.cl\/tienda\/wp-json\/wp\/v2\/media\/871"}],"wp:attachment":[{"href":"https:\/\/deltamed.cl\/tienda\/wp-json\/wp\/v2\/media?parent=867"}],"wp:term":[{"taxonomy":"product_brand","embeddable":true,"href":"https:\/\/deltamed.cl\/tienda\/wp-json\/wp\/v2\/product_brand?post=867"},{"taxonomy":"product_cat","embeddable":true,"href":"https:\/\/deltamed.cl\/tienda\/wp-json\/wp\/v2\/product_cat?post=867"},{"taxonomy":"product_tag","embeddable":true,"href":"https:\/\/deltamed.cl\/tienda\/wp-json\/wp\/v2\/product_tag?post=867"}],"curies":[{"name":"wp","href":"https:\/\/api.w.org\/{rel}","templated":true}]}}