{"id":866,"date":"2021-02-26T10:16:45","date_gmt":"2021-02-26T13:16:45","guid":{"rendered":"https:\/\/deltamed.cl\/tienda\/?post_type=product&#038;p=866"},"modified":"2026-02-27T13:30:31","modified_gmt":"2026-02-27T16:30:31","slug":"baston-para-personas-ciegas-y-con-discapacidad-visual","status":"publish","type":"product","link":"https:\/\/deltamed.cl\/tienda\/producto\/baston-para-personas-ciegas-y-con-discapacidad-visual\/","title":{"rendered":"Bast\u00f3n para personas ciegas y con discapacidad visual"},"content":{"rendered":"<p>Bast\u00f3n para personas ciegas y con discapacidad visual<\/p>\n<p>El bast\u00f3n es el elemento m\u00e1s extendido en el mundo para ciegos en sus trayectos por las calles e instalaciones p\u00fablicas.<\/p>\n<p>Se trata de una vara ligera y alargada que identifica a las personas ciegas y les sirve de gu\u00eda para sus desplazamientos de forma aut\u00f3noma por la v\u00eda p\u00fablica.<\/p>\n<p>CARACTER\u00cdSTICAS ADICIONALES<\/p>\n<div class=\"rah-static rah-static--height-auto\" aria-hidden=\"false\">\n<div class=\"_1yvxJ fggS- cell\">\n<div class=\"WncCi\" data-hook=\"info-section-description\">\n<ul>\n<li>Capacidad de soportar 50Kg.<\/li>\n<li>Se pliega y despliega con facilidad.<\/li>\n<li>Montaje doble cord\u00f3n el\u00e1stico para mayor seguridad.<\/li>\n<li>Medida: 126cm<\/li>\n<li>Material: Aluminio<\/li>\n<\/ul>\n<div id=\"attachment_873\" style=\"width: 310px\" class=\"wp-caption alignnone\"><img fetchpriority=\"high\" decoding=\"async\" aria-describedby=\"caption-attachment-873\" class=\"size-medium wp-image-873\" src=\"https:\/\/deltamed.cl\/tienda\/wp-content\/uploads\/2021\/02\/basto\u0301n-plegable-para-invidentes-300x300.jpg\" alt=\"Bast\u00f3n Para Personas Ciegas y con Discapacidad Visual\" width=\"300\" height=\"300\" title=\"\" srcset=\"https:\/\/deltamed.cl\/tienda\/wp-content\/uploads\/2021\/02\/basto\u0301n-plegable-para-invidentes-300x300.jpg 300w, https:\/\/deltamed.cl\/tienda\/wp-content\/uploads\/2021\/02\/basto\u0301n-plegable-para-invidentes-100x100.jpg 100w, https:\/\/deltamed.cl\/tienda\/wp-content\/uploads\/2021\/02\/basto\u0301n-plegable-para-invidentes-150x150.jpg 150w, https:\/\/deltamed.cl\/tienda\/wp-content\/uploads\/2021\/02\/basto\u0301n-plegable-para-invidentes.jpg 600w\" sizes=\"(max-width: 300px) 100vw, 300px\" \/><p id=\"caption-attachment-873\" class=\"wp-caption-text\">Bast\u00f3n Para Personas Ciegas y con Discapacidad Visual<\/p><\/div>\n<\/div>\n<\/div>\n<\/div>\n","protected":false},"excerpt":{"rendered":"<p>Bast\u00f3n Para Personas Ciegas y con Discapacidad Visual<\/p>\n<p>El bast\u00f3n es el elemento m\u00e1s extendido en el mundo para ciegos en sus trayectos por las calles e instalaciones p\u00fablicas.<\/p>\n<p>Se trata de una vara ligera y alargada que identifica a las personas ciegas y les sirve de gu\u00eda para sus desplazamientos de forma aut\u00f3noma por la v\u00eda p\u00fablica.<\/p>\n<p>&nbsp;<\/p>\n","protected":false},"featured_media":873,"comment_status":"open","ping_status":"closed","template":"","meta":{"_acf_changed":false},"product_brand":[1091],"product_cat":[23,368,34],"product_tag":[486],"class_list":{"0":"post-866","1":"product","2":"type-product","3":"status-publish","4":"has-post-thumbnail","6":"product_brand-deltamed","7":"product_cat-ayudas-tecnicas-de-bano","8":"product_cat-bastones","9":"product_cat-movilidad","10":"product_tag-ayudas-tecnicas","11":"product_shipping_class-pequeno","13":"first","14":"outofstock","15":"sale","16":"shipping-taxable","17":"purchasable","18":"product-type-simple"},"acf":[],"_links":{"self":[{"href":"https:\/\/deltamed.cl\/tienda\/wp-json\/wp\/v2\/product\/866","targetHints":{"allow":["GET"]}}],"collection":[{"href":"https:\/\/deltamed.cl\/tienda\/wp-json\/wp\/v2\/product"}],"about":[{"href":"https:\/\/deltamed.cl\/tienda\/wp-json\/wp\/v2\/types\/product"}],"replies":[{"embeddable":true,"href":"https:\/\/deltamed.cl\/tienda\/wp-json\/wp\/v2\/comments?post=866"}],"version-history":[{"count":6,"href":"https:\/\/deltamed.cl\/tienda\/wp-json\/wp\/v2\/product\/866\/revisions"}],"predecessor-version":[{"id":9231,"href":"https:\/\/deltamed.cl\/tienda\/wp-json\/wp\/v2\/product\/866\/revisions\/9231"}],"wp:featuredmedia":[{"embeddable":true,"href":"https:\/\/deltamed.cl\/tienda\/wp-json\/wp\/v2\/media\/873"}],"wp:attachment":[{"href":"https:\/\/deltamed.cl\/tienda\/wp-json\/wp\/v2\/media?parent=866"}],"wp:term":[{"taxonomy":"product_brand","embeddable":true,"href":"https:\/\/deltamed.cl\/tienda\/wp-json\/wp\/v2\/product_brand?post=866"},{"taxonomy":"product_cat","embeddable":true,"href":"https:\/\/deltamed.cl\/tienda\/wp-json\/wp\/v2\/product_cat?post=866"},{"taxonomy":"product_tag","embeddable":true,"href":"https:\/\/deltamed.cl\/tienda\/wp-json\/wp\/v2\/product_tag?post=866"}],"curies":[{"name":"wp","href":"https:\/\/api.w.org\/{rel}","templated":true}]}}