{"id":847,"date":"2021-02-19T17:07:15","date_gmt":"2021-02-19T20:07:15","guid":{"rendered":"https:\/\/deltamed.cl\/tienda\/?post_type=product&#038;p=847"},"modified":"2026-03-03T08:40:50","modified_gmt":"2026-03-03T11:40:50","slug":"gasa-parafinada-esteril-10x10cm-cranberry","status":"publish","type":"product","link":"https:\/\/deltamed.cl\/tienda\/producto\/gasa-parafinada-esteril-10x10cm-cranberry\/","title":{"rendered":"Gasa parafinada est\u00e9ril 10cm x 10cm  Cranberry"},"content":{"rendered":"<p><strong>Gasa parafinada est\u00e9ril 10cm x 10cm Cranberry<br \/>\n<\/strong>Caja de 10 unidades<\/p>\n<p>La gasa parafinada es un ap\u00f3sito est\u00e9ril con un tejido abierto (malla).<br \/>\nEs usado como ap\u00f3sito primario y su principal caracter\u00edstica es brindar h\u00famedad a la herida, tiene nula adherencia a los tejidos, permite el libre paso del exudado al<br \/>\nap\u00f3sito secundario, brinda humedad y oxigenaci\u00f3n adecuada, favorece la cicatrizaci\u00f3n.<br \/>\nEs usada en \u00e1reas de injerto o dadores de tejido, laceraciones, ampollas, heridas superficiales y quemaduras tipo A.<br \/>\nTambi\u00e9n se usa en \u00falceras tipo 2 \u2013 3 con 100% tejido granulatorio.<\/p>\n<ol>\n<li>Se usa en el tratamiento de quemaduras, de ulceras, de injertos de piel y de una variedad de lesiones traum\u00e1ticas.<\/li>\n<li>Est\u00e9ril.<\/li>\n<li>Compresa parafinada suave, sin agente activo.<\/li>\n<\/ol>\n<p><strong>IDENTIFICACI\u00d3N DEL PRODUCTO<\/strong><br \/>\nMarca: Cranberry<br \/>\nMaterial: Malla de gasa est\u00e9ril parafinada, protegida con 2 l\u00e1minas transparentes que mantiene el contenido oleoso en la malla.<br \/>\nColor: Blanco<br \/>\nMedida: 10 x 10 cm<br \/>\nPresentaci\u00f3n: Caja x 10 unidades.<\/p>\n<p><strong>CERTIFICACIONES<\/strong><br \/>\nEste producto cuenta con las siguientes certificaciones:<br \/>\n&#8211; Certificado Libre L\u00e1tex.<br \/>\n&#8211; ISO certificate 13485 &#8211; 2012.<br \/>\n&#8211; EC certificate production quality assurance system<br \/>\n93\/42\/EEC.<\/p>\n<p><strong>Almacenamiento<\/strong>: En un lugar fresco y seco, mantener cajas y envases individuales indemnes. Una vez abierto o manchado el empaque<br \/>\npierde esterilidad.<\/p>\n<p><strong>Envase:<\/strong> El envase primario cuenta con el interior metalizado que impide la fuga de humedad de la gasa parafinada. La cara<br \/>\nexterior del envase es un papel de grado m\u00e9dico grueso, donde est\u00e1n impresos los datos de trazabilidad del insumo.<\/p>\n","protected":false},"excerpt":{"rendered":"<p><strong>Gasa parafinada est\u00e9ril 10cm x 10cm Cranberry<br \/>\n<\/strong>Caja de 10 unidades<strong><br \/>\n<\/strong><\/p>\n<p>La gasa parafinada es un ap\u00f3sito est\u00e9ril con un tejido abierto (malla). Es usado como ap\u00f3sito primario y su principal<br \/>\ncaracter\u00edstica es brindar h\u00famedad a la herida, tiene nula adherencia a los tejidos, permite el libre paso del exudado al<br \/>\nap\u00f3sito secundario, brinda humedad y oxigenaci\u00f3n adecuada, favorece la cicatrizaci\u00f3n. Es usada en \u00e1reas de injerto o<br \/>\ndadores de tejido, laceraciones, ampollas, heridas superficiales y quemaduras tipo A. Tambi\u00e9n se usa en \u00falceras tipo<br \/>\n2 \u2013 3 con 100% tejido granulatorio.<\/p>\n<ol>\n<li>Se usa en el tratamiento de quemaduras, de ulceras, de injertos de piel y de una variedad de lesiones traum\u00e1ticas.<\/li>\n<li>Est\u00e9ril.<\/li>\n<li>Compresa parafinada suave, sin agente activo.<\/li>\n<li>Caja contiene 10 sobres de 10 x 10 cm cada sobre.<\/li>\n<\/ol>\n<p>\u2022 Se usa en el tratamiento de quemaduras, de ulceras, de injertos de piel y de una variedad de lesiones traum\u00e1ticas.<br \/>\n\u2022 Est\u00e9ril.<br \/>\n\u2022 Compresa parafinada suave, sin agente activo.<br \/>\n\u2022 Caja contiene 10 sobres de 10 x 10 cm cada sobre.<br \/>\n\u2022 Producto certificado CE.<\/p>\n<p>&nbsp;<\/p>\n<p>&nbsp;<\/p>\n","protected":false},"featured_media":848,"comment_status":"open","ping_status":"closed","template":"","meta":{"_acf_changed":false},"product_brand":[1087],"product_cat":[94,371,36],"product_tag":[119,681],"class_list":{"0":"post-847","1":"product","2":"type-product","3":"status-publish","4":"has-post-thumbnail","6":"product_brand-cranberry","7":"product_cat-insumos-desechables","8":"product_cat-apositos-gasas","9":"product_cat-tratamiento-de-herida","10":"product_tag-cranberry","11":"product_tag-parafinada","12":"product_shipping_class-pequeno","14":"first","15":"instock","16":"sale","17":"shipping-taxable","18":"purchasable","19":"product-type-simple"},"acf":[],"_links":{"self":[{"href":"https:\/\/deltamed.cl\/tienda\/wp-json\/wp\/v2\/product\/847","targetHints":{"allow":["GET"]}}],"collection":[{"href":"https:\/\/deltamed.cl\/tienda\/wp-json\/wp\/v2\/product"}],"about":[{"href":"https:\/\/deltamed.cl\/tienda\/wp-json\/wp\/v2\/types\/product"}],"replies":[{"embeddable":true,"href":"https:\/\/deltamed.cl\/tienda\/wp-json\/wp\/v2\/comments?post=847"}],"version-history":[{"count":3,"href":"https:\/\/deltamed.cl\/tienda\/wp-json\/wp\/v2\/product\/847\/revisions"}],"predecessor-version":[{"id":11627,"href":"https:\/\/deltamed.cl\/tienda\/wp-json\/wp\/v2\/product\/847\/revisions\/11627"}],"wp:featuredmedia":[{"embeddable":true,"href":"https:\/\/deltamed.cl\/tienda\/wp-json\/wp\/v2\/media\/848"}],"wp:attachment":[{"href":"https:\/\/deltamed.cl\/tienda\/wp-json\/wp\/v2\/media?parent=847"}],"wp:term":[{"taxonomy":"product_brand","embeddable":true,"href":"https:\/\/deltamed.cl\/tienda\/wp-json\/wp\/v2\/product_brand?post=847"},{"taxonomy":"product_cat","embeddable":true,"href":"https:\/\/deltamed.cl\/tienda\/wp-json\/wp\/v2\/product_cat?post=847"},{"taxonomy":"product_tag","embeddable":true,"href":"https:\/\/deltamed.cl\/tienda\/wp-json\/wp\/v2\/product_tag?post=847"}],"curies":[{"name":"wp","href":"https:\/\/api.w.org\/{rel}","templated":true}]}}