{"id":842,"date":"2021-02-19T11:17:35","date_gmt":"2021-02-19T14:17:35","guid":{"rendered":"https:\/\/deltamed.cl\/tienda\/?post_type=product&#038;p=842"},"modified":"2026-03-17T12:25:06","modified_gmt":"2026-03-17T15:25:06","slug":"cinta-glucosa-pet-guard-x-25-tiras","status":"publish","type":"product","link":"https:\/\/deltamed.cl\/tienda\/producto\/cinta-glucosa-pet-guard-x-25-tiras\/","title":{"rendered":"Cinta glucosa pet guard x 25 tiras"},"content":{"rendered":"<p>Cinta glucosa pet guard x 25 tiras<br \/>\n<strong><br \/>\nvencimiento: 03-2026<\/strong><\/p>\n<p>Para gluc\u00f3metro de uso veterinario para perro Pet Guard.<\/p>\n<p>\u2022 Cintas \/ Tiras reactivas para medir glucosa\/glicemia en Perros, marca Pet Guard.<br \/>\n\u2022 Caja contiene 25\u00a0unidades para uso Veterinario<br \/>\n\u2022 Hecho en Taiwan.<\/p>\n<div id=\"ClP3ZeSSGKSP5OUP-aKB2AU__6\">\n<div class=\"wDYxhc\" data-md=\"61\">\n<div class=\"LGOjhe\" role=\"heading\" data-attrid=\"wa:\/description\" data-hveid=\"CA0QAA\"><span class=\"ILfuVd\" lang=\"es\"><span class=\"hgKElc\">Se\u00f1ales de alerta de la baja de az\u00facar en los perros: caminar err\u00e1tico.<br \/>\nS\u00ed el perro est\u00e1 acostado, se le dificultar\u00e1 alzar la cabeza. La mirada perdida, desenfocada.<\/span><\/span><\/div>\n<\/div>\n<\/div>\n<div role=\"heading\" data-attrid=\"wa:\/description\" data-hveid=\"CA0QAA\"><\/div>\n<div id=\"ClP3ZeSSGKSP5OUP-aKB2AU__7\">\n<div class=\"g\">\n<div data-hveid=\"CAUQAA\" data-ved=\"2ahUKEwjkv-X2kfyEAxWkB7kGHXlRAFsQFSgAegQIBRAA\">\n<div class=\"tF2Cxc\">\n<div class=\"yuRUbf\">\n<div class=\"mceTemp\"><\/div>\n<\/div>\n<\/div>\n<\/div>\n<\/div>\n<\/div>\n","protected":false},"excerpt":{"rendered":"<p>Cinta glucosa pet guard x 25 tiras<\/p>\n<p><strong>vencimiento: 03-2026<\/strong><\/p>\n<p>Para gluc\u00f3metro de uso veterinario para perro Pet Guard.<\/p>\n<p>\u2022 Cintas \/ Tiras reactivas para medir glucosa\/glicemia en Perros, marca Pet Guard.<br \/>\n\u2022 Caja contiene 25\u00a0unidades para uso Veterinario<br \/>\n\u2022 Hecho en Taiwan.<\/p>\n","protected":false},"featured_media":843,"comment_status":"open","ping_status":"closed","template":"","meta":{"_acf_changed":false},"product_brand":[],"product_cat":[15,356],"product_tag":[],"class_list":{"0":"post-842","1":"product","2":"type-product","3":"status-publish","4":"has-post-thumbnail","6":"product_cat-medicion-y-diagnostico","7":"product_cat-glucometro","8":"product_shipping_class-extra-pequeno","10":"first","11":"outofstock","12":"shipping-taxable","13":"purchasable","14":"product-type-simple"},"acf":[],"_links":{"self":[{"href":"https:\/\/deltamed.cl\/tienda\/wp-json\/wp\/v2\/product\/842","targetHints":{"allow":["GET"]}}],"collection":[{"href":"https:\/\/deltamed.cl\/tienda\/wp-json\/wp\/v2\/product"}],"about":[{"href":"https:\/\/deltamed.cl\/tienda\/wp-json\/wp\/v2\/types\/product"}],"replies":[{"embeddable":true,"href":"https:\/\/deltamed.cl\/tienda\/wp-json\/wp\/v2\/comments?post=842"}],"version-history":[{"count":8,"href":"https:\/\/deltamed.cl\/tienda\/wp-json\/wp\/v2\/product\/842\/revisions"}],"predecessor-version":[{"id":13386,"href":"https:\/\/deltamed.cl\/tienda\/wp-json\/wp\/v2\/product\/842\/revisions\/13386"}],"wp:featuredmedia":[{"embeddable":true,"href":"https:\/\/deltamed.cl\/tienda\/wp-json\/wp\/v2\/media\/843"}],"wp:attachment":[{"href":"https:\/\/deltamed.cl\/tienda\/wp-json\/wp\/v2\/media?parent=842"}],"wp:term":[{"taxonomy":"product_brand","embeddable":true,"href":"https:\/\/deltamed.cl\/tienda\/wp-json\/wp\/v2\/product_brand?post=842"},{"taxonomy":"product_cat","embeddable":true,"href":"https:\/\/deltamed.cl\/tienda\/wp-json\/wp\/v2\/product_cat?post=842"},{"taxonomy":"product_tag","embeddable":true,"href":"https:\/\/deltamed.cl\/tienda\/wp-json\/wp\/v2\/product_tag?post=842"}],"curies":[{"name":"wp","href":"https:\/\/api.w.org\/{rel}","templated":true}]}}