{"id":830,"date":"2021-02-17T17:05:48","date_gmt":"2021-02-17T20:05:48","guid":{"rendered":"https:\/\/deltamed.cl\/tienda\/?post_type=product&#038;p=830"},"modified":"2026-02-27T13:52:23","modified_gmt":"2026-02-27T16:52:23","slug":"buzo-encapsulado-talla-xl","status":"publish","type":"product","link":"https:\/\/deltamed.cl\/tienda\/producto\/buzo-encapsulado-talla-xl\/","title":{"rendered":"Buzo encapsulado talla XL"},"content":{"rendered":"<p>Buzo encapsulado talla XL<\/p>\n<p>El Traje Overol Desechable brinda una barrera liviana e inherente de protecci\u00f3n contra part\u00edculas secas y aerosoles B47 y contra salpicaduras de l\u00edquidos livianos que no son peligrosos. Son adecuados para trabajadores industriales en una variedad de mantenimiento y las operaciones generales, la remoci\u00f3n de asbesto y plomo, la eliminaci\u00f3n de moho y las limpiezas ambientales. Ofrecen una resistencia excelente a la abrasi\u00f3n. Ayudan a proteger a los empleados contra part\u00edculas peque\u00f1as peligrosas.<\/p>\n<p>&nbsp;<\/p>\n<p>Insumo desechable no est\u00e9ril indicado para proteger la cabeza y el cuerpo contra s\u00f3lidos, l\u00edquidos, polvos, vapores y ambientes aerolizados. Nivel de protecci\u00f3n I: es adecuado para resistir qu\u00edmicos ligeros no corrosivos, derrames biodegradables e hidrosolubres y fluidos de alto riesgo de origen humano. Entre sus usos cl\u00e1sicos destaca su protecci\u00f3n en la industria alimenticia, construcci\u00f3n y laboratorios. En la actual Pandemia por Coronavirus ha mostrado un excelente rendimiento en \u00e1reas cr\u00edticas como Unidades de Cuidados Intensivos, urgencia, vacunatorios y servicios f\u00fanebres.<\/p>\n<p>&nbsp;<\/p>\n<p><strong>Caracteristicas<\/strong><\/p>\n<ul>\n<li>Tela Microporosa tipo\u00a0 tivek<\/li>\n<li>Color blanco<\/li>\n<li>Vigencia 5 a\u00f1os apartir de la fecha de fabricaci\u00f3n.<\/li>\n<li>El buzo posee los pu\u00f1os, tobillos y capucha elasticada.<\/li>\n<li>Costura reforzada<\/li>\n<li>Cremallera doble<\/li>\n<li>Respirable<\/li>\n<li>Producto inerte,no t\u00f3xico y 100% recicable<\/li>\n<li>Tivek es un tejido<\/li>\n<li>Producto descartable, para un solo uso.<\/li>\n<li>Facilidad de impresi\u00f3n<\/li>\n<li><\/li>\n<\/ul>\n<p>&nbsp;<\/p>\n<p>&nbsp;<\/p>\n<p>&nbsp;<\/p>\n","protected":false},"excerpt":{"rendered":"<p>Buzo encapsulado talla XL<\/p>\n<p>El Traje Overol Desechable brinda una barrera liviana e inherente de protecci\u00f3n contra part\u00edculas secas y aerosoles B47 y contra salpicaduras de l\u00edquidos livianos que no son peligrosos. Son adecuados para trabajadores industriales en una variedad de mantenimiento y las operaciones generales, la remoci\u00f3n de asbesto y plomo, la eliminaci\u00f3n de moho y las limpiezas ambientales. Ofrecen una resistencia excelente a la abrasi\u00f3n. Ayudan a proteger a los empleados contra part\u00edculas peque\u00f1as peligrosas.<\/p>\n<p><strong>Caracteristicas<\/strong><\/p>\n<ul>\n<li>Tela Microporosa tipo\u00a0 tyvek<\/li>\n<li>Color blanco<\/li>\n<li>Vigencia 5 a\u00f1os apartir de la fecha de fabricaci\u00f3n.<\/li>\n<li>El buzo posee los pu\u00f1os, tobillos y capucha elasticada.<\/li>\n<li>Costura reforzada<\/li>\n<li>Cremallera doble<\/li>\n<li>Respirable<\/li>\n<li>Producto inerte,no t\u00f3xico y 100% recicable<\/li>\n<li>Tivek es un tejido<\/li>\n<li>Producto descartable, para un solo uso.<\/li>\n<li>Facilidad de impresi\u00f3n<\/li>\n<li><\/li>\n<\/ul>\n","protected":false},"featured_media":831,"comment_status":"open","ping_status":"closed","template":"","meta":{"_acf_changed":false},"product_brand":[],"product_cat":[94,384],"product_tag":[],"class_list":{"0":"post-830","1":"product","2":"type-product","3":"status-publish","4":"has-post-thumbnail","6":"product_cat-insumos-desechables","7":"product_cat-otros","8":"product_shipping_class-pequeno","10":"first","11":"instock","12":"shipping-taxable","13":"purchasable","14":"product-type-simple"},"acf":[],"_links":{"self":[{"href":"https:\/\/deltamed.cl\/tienda\/wp-json\/wp\/v2\/product\/830","targetHints":{"allow":["GET"]}}],"collection":[{"href":"https:\/\/deltamed.cl\/tienda\/wp-json\/wp\/v2\/product"}],"about":[{"href":"https:\/\/deltamed.cl\/tienda\/wp-json\/wp\/v2\/types\/product"}],"replies":[{"embeddable":true,"href":"https:\/\/deltamed.cl\/tienda\/wp-json\/wp\/v2\/comments?post=830"}],"version-history":[{"count":1,"href":"https:\/\/deltamed.cl\/tienda\/wp-json\/wp\/v2\/product\/830\/revisions"}],"predecessor-version":[{"id":11368,"href":"https:\/\/deltamed.cl\/tienda\/wp-json\/wp\/v2\/product\/830\/revisions\/11368"}],"wp:featuredmedia":[{"embeddable":true,"href":"https:\/\/deltamed.cl\/tienda\/wp-json\/wp\/v2\/media\/831"}],"wp:attachment":[{"href":"https:\/\/deltamed.cl\/tienda\/wp-json\/wp\/v2\/media?parent=830"}],"wp:term":[{"taxonomy":"product_brand","embeddable":true,"href":"https:\/\/deltamed.cl\/tienda\/wp-json\/wp\/v2\/product_brand?post=830"},{"taxonomy":"product_cat","embeddable":true,"href":"https:\/\/deltamed.cl\/tienda\/wp-json\/wp\/v2\/product_cat?post=830"},{"taxonomy":"product_tag","embeddable":true,"href":"https:\/\/deltamed.cl\/tienda\/wp-json\/wp\/v2\/product_tag?post=830"}],"curies":[{"name":"wp","href":"https:\/\/api.w.org\/{rel}","templated":true}]}}