{"id":7379,"date":"2024-02-12T14:16:17","date_gmt":"2024-02-12T17:16:17","guid":{"rendered":"https:\/\/deltamed.cl\/tienda\/?post_type=product&#038;p=7379"},"modified":"2026-04-16T18:02:24","modified_gmt":"2026-04-16T21:02:24","slug":"tela-adhesiva-micropore-blanca-3m-unidad","status":"publish","type":"product","link":"https:\/\/deltamed.cl\/tienda\/producto\/tela-adhesiva-micropore-blanca-3m-unidad\/","title":{"rendered":"Tela adhesiva micropore blanca 3M unidad"},"content":{"rendered":"<p>Tela adhesiva micropore blanca 3M unidad<\/p>\n<p>Cinta microporosa de papel, suave con la piel e hipoalerg\u00e9nica. Indicada para la fijaci\u00f3n de ap\u00f3sitos y dispositivos de uso m\u00e9dico en pieles sensibles, delicadas y fr\u00e1giles o cuando se requiera aplicar un vendaje a repetici\u00f3n en la misma zona.<\/p>\n<p>Su soporte exterior permite que la piel elimine la humedad y permanezca por per\u00edodos largos de tiempo.<br \/>\nEs una cinta suave y amable con la piel, por lo que se recomienda su uso en pacientes pedi\u00e1tricos y de tercera edad.<\/p>\n<p>Micropore\u2122\u00ae 3M\u00aeaumenta su adhesividad al interactuar con la humedad de la piel del paciente al pasar el tiempo.<\/p>\n<p>Es una cinta libre de l\u00e1tex.<\/p>\n<p>Aplicaciones sugeridas: fijaci\u00f3n de ap\u00f3sitos peque\u00f1os o medianos, especialmente sobre piel h\u00fameda.<br \/>\nPara asegurar tubos livianos<\/p>\n<p>Disponible en las siguientes medidas:<\/p>\n<p>1.25cm X 9,1mts<\/p>\n<p>2.5cm X 9,1mts<br \/>\n5cm X 9,1mts<\/p>\n<p>Valor unitario.<\/p>\n","protected":false},"excerpt":{"rendered":"<p>Tela adhesiva micropore blanca 3M unidad<\/p>\n<p>Tela adhesiva microporosa blanca<br \/>\nSuave e hipoalerg\u00e9nica, libre de l\u00e1tex.<br \/>\nIdeal para fijar ap\u00f3sitos en pieles sensibles.<br \/>\nPermite eliminar la humedad de la piel y puede permanecer durante per\u00edodos largos.<br \/>\nDisponible en 3 medidas.<\/p>\n","protected":false},"featured_media":7385,"comment_status":"open","ping_status":"closed","template":"","meta":{"_acf_changed":false},"product_brand":[1095],"product_cat":[94],"product_tag":[652,209,542,80,108,635,637,634],"class_list":{"0":"post-7379","1":"product","2":"type-product","3":"status-publish","4":"has-post-thumbnail","6":"product_brand-3m","7":"product_cat-insumos-desechables","8":"product_tag-3m","9":"product_tag-cinta","10":"product_tag-curacion","11":"product_tag-gasa","12":"product_tag-heridas","13":"product_tag-micropore","14":"product_tag-tape","15":"product_tag-tela","16":"product_shipping_class-extra-pequeno","18":"first","19":"instock","20":"shipping-taxable","21":"purchasable","22":"product-type-variable"},"acf":[],"_links":{"self":[{"href":"https:\/\/deltamed.cl\/tienda\/wp-json\/wp\/v2\/product\/7379","targetHints":{"allow":["GET"]}}],"collection":[{"href":"https:\/\/deltamed.cl\/tienda\/wp-json\/wp\/v2\/product"}],"about":[{"href":"https:\/\/deltamed.cl\/tienda\/wp-json\/wp\/v2\/types\/product"}],"replies":[{"embeddable":true,"href":"https:\/\/deltamed.cl\/tienda\/wp-json\/wp\/v2\/comments?post=7379"}],"version-history":[{"count":3,"href":"https:\/\/deltamed.cl\/tienda\/wp-json\/wp\/v2\/product\/7379\/revisions"}],"predecessor-version":[{"id":7939,"href":"https:\/\/deltamed.cl\/tienda\/wp-json\/wp\/v2\/product\/7379\/revisions\/7939"}],"wp:featuredmedia":[{"embeddable":true,"href":"https:\/\/deltamed.cl\/tienda\/wp-json\/wp\/v2\/media\/7385"}],"wp:attachment":[{"href":"https:\/\/deltamed.cl\/tienda\/wp-json\/wp\/v2\/media?parent=7379"}],"wp:term":[{"taxonomy":"product_brand","embeddable":true,"href":"https:\/\/deltamed.cl\/tienda\/wp-json\/wp\/v2\/product_brand?post=7379"},{"taxonomy":"product_cat","embeddable":true,"href":"https:\/\/deltamed.cl\/tienda\/wp-json\/wp\/v2\/product_cat?post=7379"},{"taxonomy":"product_tag","embeddable":true,"href":"https:\/\/deltamed.cl\/tienda\/wp-json\/wp\/v2\/product_tag?post=7379"}],"curies":[{"name":"wp","href":"https:\/\/api.w.org\/{rel}","templated":true}]}}