{"id":735,"date":"2021-02-04T12:11:35","date_gmt":"2021-02-04T15:11:35","guid":{"rendered":"https:\/\/deltamed.cl\/tienda\/?post_type=product&#038;p=735"},"modified":"2026-02-27T07:15:56","modified_gmt":"2026-02-27T10:15:56","slug":"tabla-de-tina-75x35cm","status":"publish","type":"product","link":"https:\/\/deltamed.cl\/tienda\/producto\/tabla-de-tina-75x35cm\/","title":{"rendered":"Tabla de Tina 75x35cm"},"content":{"rendered":"<p>Tabla de Tina 75x35cm<br \/>\nBA801<\/p>\n<p>La tabla de ba\u00f1o es una herramienta que permite, contar con una superficie lo suficientemente estable y pr\u00e1ctica, permitiendo un soporte ideal a personas que lo requieran.<br \/>\n* Especialmente para personas con dificultad o movilidad reducida.<br \/>\n*35cm de Ancho por 75cm largo<br \/>\n* Color blanco con manilla roja.<\/p>\n<p>Medidas de cms de ancho que tienen las patitas internas<br \/>\n* El ancho de las patas internas es regulable entre 45cm y 68cm. si la tina esta muy pegada a la muralla es regulable entre 57cm y 68cm.<\/p>\n<ul class=\"a-unordered-list a-vertical a-spacing-mini\">\n<li class=\"a-spacing-mini\"><span class=\"a-list-item\">C\u00d3MODA: esta tabla de ba\u00f1o ayuda a las personas mayores o con problemas de movilidad a disfrutar de una higiene diaria c\u00f3moda y segura ya que permite entrar y salir de la ba\u00f1era con el m\u00ednimo esfuerzo.<\/span><\/li>\n<li class=\"a-spacing-mini\"><span class=\"a-list-item\">ESTABLE Y SEGURA: gracias a sus 4 patas de fijaci\u00f3n ajustables y antideslizantes, esta tabla de ba\u00f1o se adapta a casi todas las ba\u00f1eras facilitando al usuario la transferencia a la ba\u00f1era. Comprueba si se adapta a tu ba\u00f1era: debe medir desde 42 hasta 60 cm entre las paredes interiores.<\/span><\/li>\n<li class=\"a-spacing-mini\"><span class=\"a-list-item\">F\u00c1CIL DE USAR: la tabla de ba\u00f1era con asa permite al usuario poder ba\u00f1arse c\u00f3modamente sentado evitando as\u00ed riesgos indeseados como resbalones y ca\u00eddas. Adem\u00e1s, es f\u00e1cil de limpiar y debido a su peso ligero (2,5 kg) puede quitarse f\u00e1cilmente para dejar la ba\u00f1era libre.<\/span><\/li>\n<li class=\"a-spacing-mini\"><span class=\"a-list-item\">\u2665 RESISTENTE: la tabla para la ba\u00f1era, fabricada con polipropileno, tiene una estructura s\u00f3lida y fuerte y cuenta con varios orificios que garantizan un buen drenaje del agua.<\/span><\/li>\n<li class=\"a-spacing-mini\"><span class=\"a-list-item\">\u2714 RECOMENDADA PARA: ancianos, mujeres embarazadas y\/o personas con problemas de movilidad debido a periodos de rehabilitaci\u00f3n de lesiones, convalecencia o postoperatorios.<\/span><\/li>\n<\/ul>\n<p><img fetchpriority=\"high\" decoding=\"async\" class=\"alignnone size-medium wp-image-8308\" src=\"https:\/\/deltamed.cl\/tienda\/wp-content\/uploads\/2021\/02\/Tabla-de-Tina-75x35cm-300x270.jpg\" alt=\"\" width=\"300\" height=\"270\" title=\"\" srcset=\"https:\/\/deltamed.cl\/tienda\/wp-content\/uploads\/2021\/02\/Tabla-de-Tina-75x35cm-300x270.jpg 300w, https:\/\/deltamed.cl\/tienda\/wp-content\/uploads\/2021\/02\/Tabla-de-Tina-75x35cm-768x691.jpg 768w, https:\/\/deltamed.cl\/tienda\/wp-content\/uploads\/2021\/02\/Tabla-de-Tina-75x35cm-600x540.jpg 600w, https:\/\/deltamed.cl\/tienda\/wp-content\/uploads\/2021\/02\/Tabla-de-Tina-75x35cm.jpg 894w\" sizes=\"(max-width: 300px) 100vw, 300px\" \/><\/p>\n","protected":false},"excerpt":{"rendered":"<p>Tabla de Tina 75x35cm<br \/>\nBA801<\/p>\n<p>La tabla de ba\u00f1o es una herramienta que permite, contar con una superficie lo suficientemente estable y pr\u00e1ctica, permitiendo un soporte ideal a personas que lo requieran.<br \/>\n* Especialmente para personas con dificultad o movilidad reducida.<br \/>\n*3cm de Ancho por 75cm largo<br \/>\n* Color blanco con manilla roja.<\/p>\n","protected":false},"featured_media":788,"comment_status":"open","ping_status":"closed","template":"","meta":{"_acf_changed":false},"product_brand":[1091],"product_cat":[23,363],"product_tag":[486],"class_list":{"0":"post-735","1":"product","2":"type-product","3":"status-publish","4":"has-post-thumbnail","6":"product_brand-deltamed","7":"product_cat-ayudas-tecnicas-de-bano","8":"product_cat-articulos-de-bano","9":"product_tag-ayudas-tecnicas","10":"product_shipping_class-pequeno","12":"first","13":"instock","14":"shipping-taxable","15":"purchasable","16":"product-type-simple"},"acf":[],"_links":{"self":[{"href":"https:\/\/deltamed.cl\/tienda\/wp-json\/wp\/v2\/product\/735","targetHints":{"allow":["GET"]}}],"collection":[{"href":"https:\/\/deltamed.cl\/tienda\/wp-json\/wp\/v2\/product"}],"about":[{"href":"https:\/\/deltamed.cl\/tienda\/wp-json\/wp\/v2\/types\/product"}],"replies":[{"embeddable":true,"href":"https:\/\/deltamed.cl\/tienda\/wp-json\/wp\/v2\/comments?post=735"}],"version-history":[{"count":6,"href":"https:\/\/deltamed.cl\/tienda\/wp-json\/wp\/v2\/product\/735\/revisions"}],"predecessor-version":[{"id":19718,"href":"https:\/\/deltamed.cl\/tienda\/wp-json\/wp\/v2\/product\/735\/revisions\/19718"}],"wp:featuredmedia":[{"embeddable":true,"href":"https:\/\/deltamed.cl\/tienda\/wp-json\/wp\/v2\/media\/788"}],"wp:attachment":[{"href":"https:\/\/deltamed.cl\/tienda\/wp-json\/wp\/v2\/media?parent=735"}],"wp:term":[{"taxonomy":"product_brand","embeddable":true,"href":"https:\/\/deltamed.cl\/tienda\/wp-json\/wp\/v2\/product_brand?post=735"},{"taxonomy":"product_cat","embeddable":true,"href":"https:\/\/deltamed.cl\/tienda\/wp-json\/wp\/v2\/product_cat?post=735"},{"taxonomy":"product_tag","embeddable":true,"href":"https:\/\/deltamed.cl\/tienda\/wp-json\/wp\/v2\/product_tag?post=735"}],"curies":[{"name":"wp","href":"https:\/\/api.w.org\/{rel}","templated":true}]}}