{"id":720,"date":"2021-02-05T11:37:32","date_gmt":"2021-02-05T14:37:32","guid":{"rendered":"https:\/\/deltamed.cl\/tienda\/?post_type=product&#038;p=720"},"modified":"2026-02-27T13:52:23","modified_gmt":"2026-02-27T16:52:23","slug":"set-administracion-microgota-cranberry","status":"publish","type":"product","link":"https:\/\/deltamed.cl\/tienda\/producto\/set-administracion-microgota-cranberry\/","title":{"rendered":"Set administraci\u00f3n microgota Cranberry"},"content":{"rendered":"<p>Set administraci\u00f3n Microgota Cranberry<\/p>\n<p><strong>Set administraci\u00f3n soluciones Microgota Cranberry\u00a0<\/strong> dispositivo m\u00e9dico desechable indicado para la administraci\u00f3n endovenosa de soluciones l\u00edquidas est\u00e9riles. Permite el acceso al torrente sangu\u00edneo por v\u00eda endovenosa para suministrar soluciones, medicamentos y drogas indicadas por un m\u00e9dico.<\/p>\n<p>Se usa en pacientes pedi\u00e1tricos hospitalizados en un centro de salud. Est\u00e1 indicado para vol\u00famenes menores a 50 ml\/hora. Al ser un micro goteo con bureta como norma 1cc o 1ml equivale a 60 gotas. La bureta permite la mezcla y dosificaci\u00f3n exacta de la soluci\u00f3n que requiere el paciente.<\/p>\n<p>&#8211; Microgoteo con toma de aire.<\/p>\n<p>&#8211; Filtro en c\u00e1mara de microgoteo de 15 micras de part\u00edculas.<\/p>\n<p>&#8211; Bureta de 100 ml de capacidad, transparente, graduada y con toma de aire.<\/p>\n<p>&#8211; Tubo de infusi\u00f3n, flexible y resistente con 176 cm de longitud aprox.<\/p>\n<p>&#8211; No t\u00f3xico: libre de l\u00e1tex y DEPH.<\/p>\n<p>&#8211; Roller clamp.<\/p>\n<p>&#8211; Conexi\u00f3n luer look y cubierta para conector.<\/p>\n<p>&#8211; Este producto ha sido esterilizado con control biol\u00f3gico, no produce hem\u00f3lisis, no es t\u00f3xico, no pir\u00f3geno, se usa x 1 vez.<\/p>\n<p>&#8211; Est\u00e1 clasificado como un producto IIA.<\/p>\n<p>&#8211; La esterilizaci\u00f3n en \u00f3xido de etileno es validada con el testeo biol\u00f3gico usando bacillus subtilis spore: 2,0 x 10 cada paso, de acuerdo al ISO 11135-1.<\/p>\n<p><strong>Caja x 25un.<\/strong><\/p>\n<p>&nbsp;<\/p>\n<p><img fetchpriority=\"high\" decoding=\"async\" class=\"alignnone size-medium wp-image-8234\" src=\"https:\/\/deltamed.cl\/tienda\/wp-content\/uploads\/2021\/02\/Set-administracion-soluciones-Microgota-Cranberry-300x300.jpg\" alt=\"\" width=\"300\" height=\"300\" title=\"\" srcset=\"https:\/\/deltamed.cl\/tienda\/wp-content\/uploads\/2021\/02\/Set-administracion-soluciones-Microgota-Cranberry-300x300.jpg 300w, https:\/\/deltamed.cl\/tienda\/wp-content\/uploads\/2021\/02\/Set-administracion-soluciones-Microgota-Cranberry-150x150.jpg 150w, https:\/\/deltamed.cl\/tienda\/wp-content\/uploads\/2021\/02\/Set-administracion-soluciones-Microgota-Cranberry-100x100.jpg 100w, https:\/\/deltamed.cl\/tienda\/wp-content\/uploads\/2021\/02\/Set-administracion-soluciones-Microgota-Cranberry.jpg 600w\" sizes=\"(max-width: 300px) 100vw, 300px\" \/><\/p>\n","protected":false},"excerpt":{"rendered":"<p>Set administraci\u00f3n soluciones Microgota Cranberry caja x 25un.<\/p>\n<p>Uso pedi\u00e1trico<\/p>\n<p>Dispositivo m\u00e9dico desechable indicado para la administraci\u00f3n endovenosa de soluciones l\u00edquidas est\u00e9riles. Permite el acceso al torrente sangu\u00edneo por v\u00eda endovenosa para suministrar soluciones, medicamentos y drogas indicadas por un m\u00e9dico. Se usa en pacientes pedi\u00e1tricos hospitalizados en un centro de salud.<\/p>\n<p>Est\u00e1 indicado para vol\u00famenes menores a 50 ml\/hora. Al ser un micro goteo con bureta como norma 1cc o 1ml equivale a 60 gotas. La bureta permite la mezcla y dosificaci\u00f3n exacta de la soluci\u00f3n que requiere el paciente.<\/p>\n<p>Set administraci\u00f3n Microgota Cranberry<\/p>\n","protected":false},"featured_media":799,"comment_status":"open","ping_status":"closed","template":"","meta":{"_acf_changed":false},"product_brand":[1087],"product_cat":[94],"product_tag":[621,119,623,217],"class_list":{"0":"post-720","1":"product","2":"type-product","3":"status-publish","4":"has-post-thumbnail","6":"product_brand-cranberry","7":"product_cat-insumos-desechables","8":"product_tag-bajada-de-suero","9":"product_tag-cranberry","10":"product_tag-micro-goteo","11":"product_tag-suero","13":"first","14":"instock","15":"sale","16":"shipping-taxable","17":"purchasable","18":"product-type-simple"},"acf":[],"_links":{"self":[{"href":"https:\/\/deltamed.cl\/tienda\/wp-json\/wp\/v2\/product\/720","targetHints":{"allow":["GET"]}}],"collection":[{"href":"https:\/\/deltamed.cl\/tienda\/wp-json\/wp\/v2\/product"}],"about":[{"href":"https:\/\/deltamed.cl\/tienda\/wp-json\/wp\/v2\/types\/product"}],"replies":[{"embeddable":true,"href":"https:\/\/deltamed.cl\/tienda\/wp-json\/wp\/v2\/comments?post=720"}],"version-history":[{"count":4,"href":"https:\/\/deltamed.cl\/tienda\/wp-json\/wp\/v2\/product\/720\/revisions"}],"predecessor-version":[{"id":8236,"href":"https:\/\/deltamed.cl\/tienda\/wp-json\/wp\/v2\/product\/720\/revisions\/8236"}],"wp:featuredmedia":[{"embeddable":true,"href":"https:\/\/deltamed.cl\/tienda\/wp-json\/wp\/v2\/media\/799"}],"wp:attachment":[{"href":"https:\/\/deltamed.cl\/tienda\/wp-json\/wp\/v2\/media?parent=720"}],"wp:term":[{"taxonomy":"product_brand","embeddable":true,"href":"https:\/\/deltamed.cl\/tienda\/wp-json\/wp\/v2\/product_brand?post=720"},{"taxonomy":"product_cat","embeddable":true,"href":"https:\/\/deltamed.cl\/tienda\/wp-json\/wp\/v2\/product_cat?post=720"},{"taxonomy":"product_tag","embeddable":true,"href":"https:\/\/deltamed.cl\/tienda\/wp-json\/wp\/v2\/product_tag?post=720"}],"curies":[{"name":"wp","href":"https:\/\/api.w.org\/{rel}","templated":true}]}}