{"id":715,"date":"2021-02-03T16:34:21","date_gmt":"2021-02-03T19:34:21","guid":{"rendered":"https:\/\/deltamed.cl\/tienda\/?post_type=product&#038;p=715"},"modified":"2026-02-27T13:30:30","modified_gmt":"2026-02-27T16:30:30","slug":"esfigmomanometro-aneroide-bokang-bk2012","status":"publish","type":"product","link":"https:\/\/deltamed.cl\/tienda\/producto\/esfigmomanometro-aneroide-bokang-bk2012\/","title":{"rendered":"Esfigmoman\u00f3metro Aneroide Bokang BK2012"},"content":{"rendered":"<div class=\"flex-shrink-0 flex flex-col relative items-end\">\n<div class=\"pt-0\">\n<div class=\"gizmo-bot-avatar flex h-8 w-8 items-center justify-center overflow-hidden rounded-full\">\n<div class=\"relative p-1 rounded-sm flex items-center justify-center bg-token-main-surface-primary text-token-text-primary h-8 w-8\">Esfigmoman\u00f3metro Aneroide Bokang BK2012<\/div>\n<\/div>\n<\/div>\n<\/div>\n<div class=\"group\/conversation-turn relative flex w-full min-w-0 flex-col agent-turn\">\n<div class=\"flex-col gap-1 md:gap-3\">\n<div class=\"flex max-w-full flex-col flex-grow\">\n<div class=\"min-h-8 text-message flex w-full flex-col items-end gap-2 whitespace-normal break-words [.text-message+&amp;]:mt-5\" dir=\"auto\" data-message-author-role=\"assistant\" data-message-id=\"207caa69-e9b2-426d-9763-c4982c22e4e6\" data-message-model-slug=\"gpt-4o\">\n<div class=\"flex w-full flex-col gap-1 empty:hidden first:pt-[3px]\">\n<div class=\"markdown prose w-full break-words dark:prose-invert light\">\n<p>El Esfigmoman\u00f3metro Aneroide BK 2012 es un dispositivo m\u00e9dico dise\u00f1ado para la medici\u00f3n precisa de la presi\u00f3n arterial. Utilizado com\u00fanmente en entornos cl\u00ednicos y dom\u00e9sticos, este tensi\u00f3metro consta de un manguito inflable que se ajusta alrededor del brazo y un man\u00f3metro aneroide, que permite la lectura de la presi\u00f3n arterial. En combinaci\u00f3n con un estetoscopio, se emplea para auscultar los sonidos de Korotkoff generados por el flujo sangu\u00edneo en la arteria braquial, lo que garantiza una medici\u00f3n precisa y confiable.<\/p>\n<p>El equipo incluye una unidad del esfigmoman\u00f3metro en una bolsa de nailon con cremallera para un f\u00e1cil transporte y almacenamiento seguro.<\/p>\n<p><strong>Caracter\u00edsticas t\u00e9cnicas<\/strong><\/p>\n<ul>\n<li><strong>Rango de medici\u00f3n:<\/strong> 0-300 mmHg<\/li>\n<li><strong>Precisi\u00f3n:<\/strong> \u00b1 3 mmHg<\/li>\n<li><strong>Incrementos de lectura:<\/strong> 2 mmHg<\/li>\n<li><strong>Man\u00f3metro:<\/strong> Fabricado en pl\u00e1stico ABS, con superficie fluorescente para facilitar la lectura en condiciones de poca luz.<\/li>\n<li><strong>Di\u00e1metro del man\u00f3metro:<\/strong> 63 mm<\/li>\n<li><strong>Manguito:<\/strong> Nailon resistente con estampado de seda y anilla en D, para un ajuste c\u00f3modo y seguro.<\/li>\n<li><strong>Vejiga y bulbo:<\/strong> Material de PVC de alta durabilidad.<\/li>\n<li><strong>Accesorios:<\/strong> Bolsa de transporte de nailon con cremallera, incluida para protecci\u00f3n y almacenamiento.<\/li>\n<\/ul>\n<\/div>\n<\/div>\n<\/div>\n<\/div>\n<\/div>\n<\/div>\n","protected":false},"excerpt":{"rendered":"<p>Esfigmoman\u00f3metro Aneroide Bokang BK2012<\/p>\n<p>El Esfigmoman\u00f3metro Aneroide BK 2012 es un dispositivo m\u00e9dico dise\u00f1ado para la medici\u00f3n precisa de la presi\u00f3n arterial. Utilizado com\u00fanmente en entornos cl\u00ednicos y dom\u00e9sticos, este tensi\u00f3metro consta de un manguito inflable que se ajusta alrededor del brazo y un man\u00f3metro aneroide, que permite la lectura de la presi\u00f3n arterial. En combinaci\u00f3n con un estetoscopio, se emplea para auscultar los sonidos de Korotkoff generados por el flujo sangu\u00edneo en la arteria braquial, lo que garantiza una medici\u00f3n precisa y confiable.<\/p>\n<p>El equipo incluye una unidad del esfigmoman\u00f3metro en una bolsa de nailon con cremallera para un f\u00e1cil transporte y almacenamiento seguro.<\/p>\n","protected":false},"featured_media":783,"comment_status":"open","ping_status":"closed","template":"","meta":{"_acf_changed":false},"product_brand":[1092],"product_cat":[15,361],"product_tag":[132,641,131,757,130],"class_list":{"0":"post-715","1":"product","2":"type-product","3":"status-publish","4":"has-post-thumbnail","6":"product_brand-bokang","7":"product_cat-medicion-y-diagnostico","8":"product_cat-toma-presion","9":"product_tag-aneroide","10":"product_tag-baunamometro","11":"product_tag-bokang","12":"product_tag-tensiometro","13":"product_tag-toma-presion","14":"product_shipping_class-extra-pequeno","16":"first","17":"instock","18":"shipping-taxable","19":"purchasable","20":"product-type-simple"},"acf":[],"_links":{"self":[{"href":"https:\/\/deltamed.cl\/tienda\/wp-json\/wp\/v2\/product\/715","targetHints":{"allow":["GET"]}}],"collection":[{"href":"https:\/\/deltamed.cl\/tienda\/wp-json\/wp\/v2\/product"}],"about":[{"href":"https:\/\/deltamed.cl\/tienda\/wp-json\/wp\/v2\/types\/product"}],"replies":[{"embeddable":true,"href":"https:\/\/deltamed.cl\/tienda\/wp-json\/wp\/v2\/comments?post=715"}],"version-history":[{"count":7,"href":"https:\/\/deltamed.cl\/tienda\/wp-json\/wp\/v2\/product\/715\/revisions"}],"predecessor-version":[{"id":13279,"href":"https:\/\/deltamed.cl\/tienda\/wp-json\/wp\/v2\/product\/715\/revisions\/13279"}],"wp:featuredmedia":[{"embeddable":true,"href":"https:\/\/deltamed.cl\/tienda\/wp-json\/wp\/v2\/media\/783"}],"wp:attachment":[{"href":"https:\/\/deltamed.cl\/tienda\/wp-json\/wp\/v2\/media?parent=715"}],"wp:term":[{"taxonomy":"product_brand","embeddable":true,"href":"https:\/\/deltamed.cl\/tienda\/wp-json\/wp\/v2\/product_brand?post=715"},{"taxonomy":"product_cat","embeddable":true,"href":"https:\/\/deltamed.cl\/tienda\/wp-json\/wp\/v2\/product_cat?post=715"},{"taxonomy":"product_tag","embeddable":true,"href":"https:\/\/deltamed.cl\/tienda\/wp-json\/wp\/v2\/product_tag?post=715"}],"curies":[{"name":"wp","href":"https:\/\/api.w.org\/{rel}","templated":true}]}}