{"id":713,"date":"2021-01-27T16:31:39","date_gmt":"2021-01-27T19:31:39","guid":{"rendered":"https:\/\/deltamed.cl\/tienda\/?post_type=product&#038;p=713"},"modified":"2026-02-27T13:30:30","modified_gmt":"2026-02-27T16:30:30","slug":"ejercitador-pulmonar","status":"publish","type":"product","link":"https:\/\/deltamed.cl\/tienda\/producto\/ejercitador-pulmonar\/","title":{"rendered":"Ejercitador Pulmonar"},"content":{"rendered":"<p>Ejercitador Pulmonar<\/p>\n<ul>\n<li>Es un sistema compuesto por una boquilla conectado a un juego de bolas, cada una en un canal, representado cada una de ellas un esfuerzo inspiratorio cada vez mayor.<\/li>\n<li>Indicado para pacientes con <b>bronquitis cr\u00f3nica, enfisema pulmonar, EPOC, etc.<\/b><\/li>\n<\/ul>\n<p>Especificaciones:<\/p>\n<p>Ejercitador inspiratorio orientado al movimiento de flujo de aire<br \/>\n-Contiene tres c\u00e1maras de aire diferenciadas con pelotas de colores.<br \/>\n-Flujo indicado en cada c\u00e1mara-Fabricado con PVC<br \/>\n-Libre de l\u00e1tex<br \/>\n-Certificaci\u00f3n ISO 13485:2016<\/p>\n<p>Instrucciones<br \/>\nDispositivo m\u00e9dico de 3 esferas que ayuda a mejorar la funci\u00f3n pulmonar adem\u00e1s de ser una herramienta eficaz para prevenir las complicaciones pulmonares<\/p>\n<p>Triflo Ejercitador Pulmonar Inspir\u00f3metro<\/p>\n<p>Especificaciones:<\/p>\n<p>Ejercitador inspiratorio orientado al movimiento de flujo de aire<br \/>\n-Contiene tres c\u00e1maras de aire diferenciadas con pelotas de colores.<br \/>\n-Flujo indicado en cada c\u00e1mara-Fabricado con PVC<br \/>\n-Libre de l\u00e1tex<br \/>\n-Certificaci\u00f3n ISO 13485:2016<\/p>\n<p>Instrucciones<br \/>\nDispositivo m\u00e9dico de 3 esferas que ayuda a mejorar la funci\u00f3n pulmonar adem\u00e1s de ser una herramienta eficaz para prevenir las complicaciones pulmonares<\/p>\n","protected":false},"excerpt":{"rendered":"<p>Ejercitador Pulmonar<\/p>\n<p>El ejercitador pulmonar es una herramienta eficaz para mejorar la funci\u00f3n respiratoria.<br \/>\nCon su dise\u00f1o ergon\u00f3mico y niveles de resistencia, ofrece un entrenamiento personalizado para fortalecer los m\u00fasculos respiratorios.<br \/>\nEste dispositivo es ideal para aumentar la capacidad pulmonar, mejorar la resistencia y facilitar la respiraci\u00f3n<\/p>\n<p>Es un sistema compuesto por una boquilla conectado a un juego de bolas, cada una en un canal, representado cada una de ellas un esfuerzo inspiratorio cada vez mayor.<\/p>\n<p>Indicado para pacientes con <b>bronquitis cr\u00f3nica, enfisema pulmonar, EPOC, etc.<\/b><\/p>\n","protected":false},"featured_media":714,"comment_status":"open","ping_status":"closed","template":"","meta":{"_acf_changed":false},"product_brand":[],"product_cat":[434],"product_tag":[593,594,592],"class_list":{"0":"post-713","1":"product","2":"type-product","3":"status-publish","4":"has-post-thumbnail","6":"product_cat-otros-kinesiologia","7":"product_tag-ejercitador-pulmonar","8":"product_tag-epoc","9":"product_tag-triflow","10":"product_shipping_class-pequeno","12":"first","13":"instock","14":"shipping-taxable","15":"purchasable","16":"product-type-simple"},"acf":[],"_links":{"self":[{"href":"https:\/\/deltamed.cl\/tienda\/wp-json\/wp\/v2\/product\/713","targetHints":{"allow":["GET"]}}],"collection":[{"href":"https:\/\/deltamed.cl\/tienda\/wp-json\/wp\/v2\/product"}],"about":[{"href":"https:\/\/deltamed.cl\/tienda\/wp-json\/wp\/v2\/types\/product"}],"replies":[{"embeddable":true,"href":"https:\/\/deltamed.cl\/tienda\/wp-json\/wp\/v2\/comments?post=713"}],"version-history":[{"count":3,"href":"https:\/\/deltamed.cl\/tienda\/wp-json\/wp\/v2\/product\/713\/revisions"}],"predecessor-version":[{"id":13749,"href":"https:\/\/deltamed.cl\/tienda\/wp-json\/wp\/v2\/product\/713\/revisions\/13749"}],"wp:featuredmedia":[{"embeddable":true,"href":"https:\/\/deltamed.cl\/tienda\/wp-json\/wp\/v2\/media\/714"}],"wp:attachment":[{"href":"https:\/\/deltamed.cl\/tienda\/wp-json\/wp\/v2\/media?parent=713"}],"wp:term":[{"taxonomy":"product_brand","embeddable":true,"href":"https:\/\/deltamed.cl\/tienda\/wp-json\/wp\/v2\/product_brand?post=713"},{"taxonomy":"product_cat","embeddable":true,"href":"https:\/\/deltamed.cl\/tienda\/wp-json\/wp\/v2\/product_cat?post=713"},{"taxonomy":"product_tag","embeddable":true,"href":"https:\/\/deltamed.cl\/tienda\/wp-json\/wp\/v2\/product_tag?post=713"}],"curies":[{"name":"wp","href":"https:\/\/api.w.org\/{rel}","templated":true}]}}