{"id":712,"date":"2021-02-03T14:41:45","date_gmt":"2021-02-03T17:41:45","guid":{"rendered":"https:\/\/deltamed.cl\/tienda\/?post_type=product&#038;p=712"},"modified":"2026-04-07T20:22:14","modified_gmt":"2026-04-07T23:22:14","slug":"fonendoscopio-single-head-luxury-bokang-bk3009","status":"publish","type":"product","link":"https:\/\/deltamed.cl\/tienda\/producto\/fonendoscopio-single-head-luxury-bokang-bk3009\/","title":{"rendered":"Fonendoscopio Single Head Luxury Bokang BK3009"},"content":{"rendered":"<p>Fonendoscopio Single Head Luxury Bokang BK3009<\/p>\n<p>Fonendoscopio Serie Profesional Single Head Cardiologico Bokang\u00ae detecci\u00f3n de frecuencias agudas, medias y bajas\u00a0 vers\u00e1til para su uso en pediatr\u00eda, adultos, veterinaria: animales de compa\u00f1\u00eda y especies mayores.<\/p>\n<p>El Fonendoscopio Bokang BK3009 es una opci\u00f3n econ\u00f3mica y de alta calidad para profesionales de la salud que buscan una herramienta confiable y asequible con un dise\u00f1o elegante.<\/p>\n<p>Con una campana de cara \u00fanica, este fonendoscopio ofrece una excelente calidad de sonido y una auscultaci\u00f3n precisa durante las evaluaciones m\u00e9dicas.<\/p>\n<p>El BK3009 presenta una construcci\u00f3n duradera y confiable, lo que garantiza su uso a largo plazo en entornos cl\u00ednicos. Su dise\u00f1o ergon\u00f3mico y ligero proporciona comodidad durante las sesiones de auscultaci\u00f3n prolongadas.<\/p>\n<p>Este fonendoscopio se destaca por su rendimiento ac\u00fastico excepcional y su capacidad de captar con claridad los sonidos corporales m\u00e1s importantes. Con su dise\u00f1o elegante y atenci\u00f3n a los detalles, a pesar de su asequibilidad el BK3009 ofrece una experiencia de uso premium.<\/p>\n<p><strong>Especificaciones:<\/strong><\/p>\n<ul>\n<li>Tipo de campana: Cara \u00fanica<\/li>\n<li>Material de la campana: Aluminio<\/li>\n<li>Material del diafragma: PVC<\/li>\n<li>Tipo de auricular: Suave<\/li>\n<li>Material del auricular: Cobre\n<p><div id=\"attachment_8463\" style=\"width: 310px\" class=\"wp-caption alignnone\"><img fetchpriority=\"high\" decoding=\"async\" aria-describedby=\"caption-attachment-8463\" class=\"size-medium wp-image-8463\" src=\"https:\/\/deltamed.cl\/tienda\/wp-content\/uploads\/2021\/02\/Fonendoscopio-Single-Head-Luxury-Bokang-3009-300x300.jpg\" alt=\"Fonendoscopio Single Head Luxury Bokang 3009\" width=\"300\" height=\"300\" title=\"\" srcset=\"https:\/\/deltamed.cl\/tienda\/wp-content\/uploads\/2021\/02\/Fonendoscopio-Single-Head-Luxury-Bokang-3009-300x300.jpg 300w, https:\/\/deltamed.cl\/tienda\/wp-content\/uploads\/2021\/02\/Fonendoscopio-Single-Head-Luxury-Bokang-3009-150x150.jpg 150w, https:\/\/deltamed.cl\/tienda\/wp-content\/uploads\/2021\/02\/Fonendoscopio-Single-Head-Luxury-Bokang-3009-768x768.jpg 768w, https:\/\/deltamed.cl\/tienda\/wp-content\/uploads\/2021\/02\/Fonendoscopio-Single-Head-Luxury-Bokang-3009-600x600.jpg 600w, https:\/\/deltamed.cl\/tienda\/wp-content\/uploads\/2021\/02\/Fonendoscopio-Single-Head-Luxury-Bokang-3009-100x100.jpg 100w, https:\/\/deltamed.cl\/tienda\/wp-content\/uploads\/2021\/02\/Fonendoscopio-Single-Head-Luxury-Bokang-3009.jpg 1000w\" sizes=\"(max-width: 300px) 100vw, 300px\" \/><p id=\"caption-attachment-8463\" class=\"wp-caption-text\">Fonendoscopio Single Head Luxury Bokang 3009<\/p><\/div><\/li>\n<\/ul>\n","protected":false},"excerpt":{"rendered":"<p>Fonendoscopio Single Head Luxury Bokang BK3009<\/p>\n<p>Fonendoscopio Serie Profesional Single Head Cardiologico Bokang\u00ae detecci\u00f3n de frecuencias agudas, medias y bajas\u00a0 vers\u00e1til para su uso en pediatr\u00eda, adultos, veterinaria: animales de compa\u00f1\u00eda y especies mayores.<\/p>\n<p>El Fonendoscopio Bokang BK3009 es una opci\u00f3n econ\u00f3mica y de alta calidad para profesionales de la salud que buscan una herramienta confiable y asequible con un dise\u00f1o elegante.<\/p>\n<p>Con una campana de cara \u00fanica, este fonendoscopio ofrece una excelente calidad de sonido y una auscultaci\u00f3n precisa durante las evaluaciones m\u00e9dicas.<\/p>\n","protected":false},"featured_media":771,"comment_status":"open","ping_status":"closed","template":"","meta":{"_acf_changed":false},"product_brand":[1092],"product_cat":[15,352],"product_tag":[131,703],"class_list":{"0":"post-712","1":"product","2":"type-product","3":"status-publish","4":"has-post-thumbnail","6":"product_brand-bokang","7":"product_cat-medicion-y-diagnostico","8":"product_cat-fonendo","9":"product_tag-bokang","10":"product_tag-cyberday","11":"product_shipping_class-pequeno","13":"first","14":"instock","15":"shipping-taxable","16":"purchasable","17":"product-type-variable"},"acf":[],"_links":{"self":[{"href":"https:\/\/deltamed.cl\/tienda\/wp-json\/wp\/v2\/product\/712","targetHints":{"allow":["GET"]}}],"collection":[{"href":"https:\/\/deltamed.cl\/tienda\/wp-json\/wp\/v2\/product"}],"about":[{"href":"https:\/\/deltamed.cl\/tienda\/wp-json\/wp\/v2\/types\/product"}],"replies":[{"embeddable":true,"href":"https:\/\/deltamed.cl\/tienda\/wp-json\/wp\/v2\/comments?post=712"}],"version-history":[{"count":6,"href":"https:\/\/deltamed.cl\/tienda\/wp-json\/wp\/v2\/product\/712\/revisions"}],"predecessor-version":[{"id":13127,"href":"https:\/\/deltamed.cl\/tienda\/wp-json\/wp\/v2\/product\/712\/revisions\/13127"}],"wp:featuredmedia":[{"embeddable":true,"href":"https:\/\/deltamed.cl\/tienda\/wp-json\/wp\/v2\/media\/771"}],"wp:attachment":[{"href":"https:\/\/deltamed.cl\/tienda\/wp-json\/wp\/v2\/media?parent=712"}],"wp:term":[{"taxonomy":"product_brand","embeddable":true,"href":"https:\/\/deltamed.cl\/tienda\/wp-json\/wp\/v2\/product_brand?post=712"},{"taxonomy":"product_cat","embeddable":true,"href":"https:\/\/deltamed.cl\/tienda\/wp-json\/wp\/v2\/product_cat?post=712"},{"taxonomy":"product_tag","embeddable":true,"href":"https:\/\/deltamed.cl\/tienda\/wp-json\/wp\/v2\/product_tag?post=712"}],"curies":[{"name":"wp","href":"https:\/\/api.w.org\/{rel}","templated":true}]}}