{"id":711,"date":"2021-01-27T14:50:53","date_gmt":"2021-01-27T17:50:53","guid":{"rendered":"https:\/\/deltamed.cl\/tienda\/?post_type=product&#038;p=711"},"modified":"2026-02-27T13:30:30","modified_gmt":"2026-02-27T16:30:30","slug":"fonendoscopio-docencia-campana-simple-bk3008","status":"publish","type":"product","link":"https:\/\/deltamed.cl\/tienda\/producto\/fonendoscopio-docencia-campana-simple-bk3008\/","title":{"rendered":"Fonendoscopio docencia campana simple BK3008"},"content":{"rendered":"<p>Fonendoscopio docencia campana simple BK3008<\/p>\n<p>Referencia: Bk3008<\/p>\n<p>Fonendoscopio campana simple especialmente dise\u00f1ado para Docencia para que tanto el profesor como el alumno puedan escuchar al mismo tiempo.<\/p>\n<p>Su mayor longitud facilita la utilizaci\u00f3n por dos personas a la vez.<\/p>\n<p>El Fonendoscopio BK3008 es una opci\u00f3n econ\u00f3mica y vers\u00e1til dise\u00f1ada especialmente para prop\u00f3sitos educativos y de ense\u00f1anza.<\/p>\n<p>Con un precio accesible, este fonendoscopio ofrece una excelente relaci\u00f3n calidad-precio para una auscultaci\u00f3n precisa durante las sesiones de ense\u00f1anza y pr\u00e1ctica cl\u00ednica.<\/p>\n<p>Presenta una construcci\u00f3n duradera y confiable, lo que garantiza su uso a largo plazo en entornos educativos.<\/p>\n<p>Su dise\u00f1o ergon\u00f3mico y ligero proporciona comodidad durante las sesiones de pr\u00e1ctica prolongadas y su gran longitud facilita la ense\u00f1anza y la explicaci\u00f3n de los sonidos corporales a los estudiantes.<\/p>\n<p>El Fonendoscopio BK3008 es una opci\u00f3n pr\u00e1ctica y asequible para profesores y estudiantes que desean mejorar su experiencia en la pr\u00e1ctica cl\u00ednica y simulaciones. Con su rendimiento confiable y precio accesible, es una herramienta valiosa para la educaci\u00f3n m\u00e9dica.<\/p>\n<p><strong>Especificaciones:<\/strong><\/p>\n<ul>\n<li>Aplicaci\u00f3n: Docencia<\/li>\n<li>Tipo de campana simple<\/li>\n<li>Material de la campana: Aluminio<\/li>\n<li>Color del tubo: Negro<\/li>\n<li>Material del diafragma: PVC<\/li>\n<li>Tipo de auricular: Suave<\/li>\n<li>Material del auricular: Aluminio<\/li>\n<\/ul>\n<p><img fetchpriority=\"high\" decoding=\"async\" class=\"size-medium wp-image-773\" src=\"https:\/\/deltamed.cl\/tienda\/wp-content\/uploads\/2021\/01\/711-bk-300x300.jpg\" alt=\"Fonendoscopio docencia doble campana Bk3008\" width=\"300\" height=\"300\" title=\"\" srcset=\"https:\/\/deltamed.cl\/tienda\/wp-content\/uploads\/2021\/01\/711-bk-300x300.jpg 300w, https:\/\/deltamed.cl\/tienda\/wp-content\/uploads\/2021\/01\/711-bk-100x100.jpg 100w, https:\/\/deltamed.cl\/tienda\/wp-content\/uploads\/2021\/01\/711-bk-600x600.jpg 600w, https:\/\/deltamed.cl\/tienda\/wp-content\/uploads\/2021\/01\/711-bk-150x150.jpg 150w, https:\/\/deltamed.cl\/tienda\/wp-content\/uploads\/2021\/01\/711-bk-768x768.jpg 768w, https:\/\/deltamed.cl\/tienda\/wp-content\/uploads\/2021\/01\/711-bk.jpg 1000w\" sizes=\"(max-width: 300px) 100vw, 300px\" \/><\/p>\n","protected":false},"excerpt":{"rendered":"<p>Fonendoscopio docencia campana simple BK3008<\/p>\n<p>Referencia: Bk3008<\/p>\n<p>Fonendoscopio, especialmente dise\u00f1ado para Docencia para que tanto el profesor como el alumno puedan escuchar al mismo tiempo.<\/p>\n<p>Su mayor longitud facilita la utilizaci\u00f3n por dos personas a la vez.<\/p>\n<p>El Fonendoscopio BK3008 es una opci\u00f3n econ\u00f3mica y vers\u00e1til dise\u00f1ada especialmente para prop\u00f3sitos educativos y de ense\u00f1anza.<\/p>\n<p>Con un precio accesible, este fonendoscopio ofrece una excelente relaci\u00f3n calidad-precio para una auscultaci\u00f3n precisa durante las sesiones de ense\u00f1anza y pr\u00e1ctica cl\u00ednica.<\/p>\n","protected":false},"featured_media":773,"comment_status":"open","ping_status":"closed","template":"","meta":{"_acf_changed":false},"product_brand":[],"product_cat":[15,352],"product_tag":[131],"class_list":{"0":"post-711","1":"product","2":"type-product","3":"status-publish","4":"has-post-thumbnail","6":"product_cat-medicion-y-diagnostico","7":"product_cat-fonendo","8":"product_tag-bokang","9":"product_shipping_class-pequeno","11":"first","12":"instock","13":"shipping-taxable","14":"purchasable","15":"product-type-simple"},"acf":[],"_links":{"self":[{"href":"https:\/\/deltamed.cl\/tienda\/wp-json\/wp\/v2\/product\/711","targetHints":{"allow":["GET"]}}],"collection":[{"href":"https:\/\/deltamed.cl\/tienda\/wp-json\/wp\/v2\/product"}],"about":[{"href":"https:\/\/deltamed.cl\/tienda\/wp-json\/wp\/v2\/types\/product"}],"replies":[{"embeddable":true,"href":"https:\/\/deltamed.cl\/tienda\/wp-json\/wp\/v2\/comments?post=711"}],"version-history":[{"count":6,"href":"https:\/\/deltamed.cl\/tienda\/wp-json\/wp\/v2\/product\/711\/revisions"}],"predecessor-version":[{"id":13129,"href":"https:\/\/deltamed.cl\/tienda\/wp-json\/wp\/v2\/product\/711\/revisions\/13129"}],"wp:featuredmedia":[{"embeddable":true,"href":"https:\/\/deltamed.cl\/tienda\/wp-json\/wp\/v2\/media\/773"}],"wp:attachment":[{"href":"https:\/\/deltamed.cl\/tienda\/wp-json\/wp\/v2\/media?parent=711"}],"wp:term":[{"taxonomy":"product_brand","embeddable":true,"href":"https:\/\/deltamed.cl\/tienda\/wp-json\/wp\/v2\/product_brand?post=711"},{"taxonomy":"product_cat","embeddable":true,"href":"https:\/\/deltamed.cl\/tienda\/wp-json\/wp\/v2\/product_cat?post=711"},{"taxonomy":"product_tag","embeddable":true,"href":"https:\/\/deltamed.cl\/tienda\/wp-json\/wp\/v2\/product_tag?post=711"}],"curies":[{"name":"wp","href":"https:\/\/api.w.org\/{rel}","templated":true}]}}