{"id":710,"date":"2021-02-03T15:11:05","date_gmt":"2021-02-03T18:11:05","guid":{"rendered":"https:\/\/deltamed.cl\/tienda\/?post_type=product&#038;p=710"},"modified":"2026-02-27T13:30:52","modified_gmt":"2026-02-27T16:30:52","slug":"fonendoscopio-capsula-doble-ac-inox-adulto-bokang-bk3006","status":"publish","type":"product","link":"https:\/\/deltamed.cl\/tienda\/producto\/fonendoscopio-capsula-doble-ac-inox-adulto-bokang-bk3006\/","title":{"rendered":"Fonendoscopio capsula doble Ac Inox adulto bokang bk3006"},"content":{"rendered":"<p>Fonendoscopio capsula doble Ac Inox adulto bokang bk3006<\/p>\n<p>Fonendoscopio adulto pedi\u00e1trico (edad escolar), doble campana para alta y baja frecuencia. Fabricada en acero inoxidable.<\/p>\n<p>El BK3006 garantiza durabilidad y resistencia en entornos de pr\u00e1ctica y simulaci\u00f3n. Su construcci\u00f3n s\u00f3lida y confiable permite una auscultaci\u00f3n precisa de los sonidos corporales.<\/p>\n<p>Este fonendoscopio es f\u00e1cil de usar y c\u00f3modo de llevar, con auriculares ajustables y olivas suaves que se adaptan a los o\u00eddos de los estudiantes y profesionales de la salud<\/p>\n<p>Fonendoscopio capsula doble Ac Inox adulto bokang bk3006Su dise\u00f1o liviano y ergon\u00f3mico permite una pr\u00e1ctica prolongada sin causar molestias.<\/p>\n<p>Alta ac\u00fastica para uso profesional<\/p>\n<p>Tubo binoular en acero inoxidable<\/p>\n<p>Tubo en ye fabricado en poliuretano PVC<\/p>\n<p>Diafragma intercambiable, olivas intercambiables.<\/p>\n<p>Peso 6.5 OZ<\/p>\n<p>Longitud total de trabajo 52.5 cms<\/p>\n<p>Presentaci\u00f3n en caja r\u00edgida con espuma.<\/p>\n<p>&nbsp;<\/p>\n<p><strong>Especificaciones:<\/strong><\/p>\n<ul>\n<li>Tipo de campana: Doble cara<\/li>\n<li>Campana con aros quita fr\u00edos<\/li>\n<li>Material de la campana: Acero inoxidable<\/li>\n<li>Color del tubo: Gris<\/li>\n<li>Material del diafragma: PVC<\/li>\n<li>Tipo de auricular: Suave<\/li>\n<li>Material del auricular: Acero inoxidable<\/li>\n<\/ul>\n<p>&nbsp;<\/p>\n<p><img fetchpriority=\"high\" decoding=\"async\" class=\"size-medium wp-image-13123\" src=\"https:\/\/deltamed.cl\/tienda\/wp-content\/uploads\/2021\/02\/Fonendoscopio-capsula-doble-Ac-Inox-adulto-bokang-bk3006-300x300.png\" alt=\"Fonendoscopio capsula doble Ac Inox adulto bokang bk3006\" width=\"300\" height=\"300\" title=\"\" srcset=\"https:\/\/deltamed.cl\/tienda\/wp-content\/uploads\/2021\/02\/Fonendoscopio-capsula-doble-Ac-Inox-adulto-bokang-bk3006-300x300.png 300w, https:\/\/deltamed.cl\/tienda\/wp-content\/uploads\/2021\/02\/Fonendoscopio-capsula-doble-Ac-Inox-adulto-bokang-bk3006-1024x1024.png 1024w, https:\/\/deltamed.cl\/tienda\/wp-content\/uploads\/2021\/02\/Fonendoscopio-capsula-doble-Ac-Inox-adulto-bokang-bk3006-150x150.png 150w, https:\/\/deltamed.cl\/tienda\/wp-content\/uploads\/2021\/02\/Fonendoscopio-capsula-doble-Ac-Inox-adulto-bokang-bk3006-768x768.png 768w, https:\/\/deltamed.cl\/tienda\/wp-content\/uploads\/2021\/02\/Fonendoscopio-capsula-doble-Ac-Inox-adulto-bokang-bk3006-600x600.png 600w, https:\/\/deltamed.cl\/tienda\/wp-content\/uploads\/2021\/02\/Fonendoscopio-capsula-doble-Ac-Inox-adulto-bokang-bk3006-100x100.png 100w, https:\/\/deltamed.cl\/tienda\/wp-content\/uploads\/2021\/02\/Fonendoscopio-capsula-doble-Ac-Inox-adulto-bokang-bk3006.png 1200w\" sizes=\"(max-width: 300px) 100vw, 300px\" \/><\/p>\n<div class=\"mceTemp\"><\/div>\n","protected":false},"excerpt":{"rendered":"<p>Fonendoscopio capsula doble Ac Inox adulto bokang bk3006<\/p>\n<p>Fonendoscopio adulto pedi\u00e1trico (edad escolar), doble campana para alta y baja frecuencia. Fabricada en acero inoxidable.<\/p>\n<p>El BK3006 garantiza durabilidad y resistencia en entornos de pr\u00e1ctica y simulaci\u00f3n. Su construcci\u00f3n s\u00f3lida y confiable permite una auscultaci\u00f3n precisa de los sonidos corporales.<\/p>\n<p>Este fonendoscopio es f\u00e1cil de usar y c\u00f3modo de llevar, con auriculares ajustables y olivas suaves que se adaptan a los o\u00eddos de los estudiantes y profesionales de la salud<\/p>\n<p>. Su dise\u00f1o liviano y ergon\u00f3mico permite una pr\u00e1ctica prolongada sin causar molestias.<\/p>\n<p>Alta ac\u00fastica para uso profesional<\/p>\n<p>Tubo binoular en acero inoxidable<\/p>\n<p>Tubo en ye fabricado en poliuretano PVC<\/p>\n<p>Diafragma intercambiable, olivas intercambiables.<\/p>\n<p>Peso 6.5 OZ<\/p>\n<p>Longitud total de trabajo 52.5 cms<\/p>\n<p>Presentaci\u00f3n en caja r\u00edgida con espuma.<\/p>\n","protected":false},"featured_media":13122,"comment_status":"open","ping_status":"closed","template":"","meta":{"_acf_changed":false},"product_brand":[1092],"product_cat":[15,352],"product_tag":[872,871,131,873],"class_list":{"0":"post-710","1":"product","2":"type-product","3":"status-publish","4":"has-post-thumbnail","6":"product_brand-bokang","7":"product_cat-medicion-y-diagnostico","8":"product_cat-fonendo","9":"product_tag-acero-inoxidable","10":"product_tag-bk3006","11":"product_tag-bokang","12":"product_tag-rosado","13":"product_shipping_class-pequeno","15":"first","16":"instock","17":"shipping-taxable","18":"purchasable","19":"product-type-variable"},"acf":[],"_links":{"self":[{"href":"https:\/\/deltamed.cl\/tienda\/wp-json\/wp\/v2\/product\/710","targetHints":{"allow":["GET"]}}],"collection":[{"href":"https:\/\/deltamed.cl\/tienda\/wp-json\/wp\/v2\/product"}],"about":[{"href":"https:\/\/deltamed.cl\/tienda\/wp-json\/wp\/v2\/types\/product"}],"replies":[{"embeddable":true,"href":"https:\/\/deltamed.cl\/tienda\/wp-json\/wp\/v2\/comments?post=710"}],"version-history":[{"count":5,"href":"https:\/\/deltamed.cl\/tienda\/wp-json\/wp\/v2\/product\/710\/revisions"}],"predecessor-version":[{"id":13124,"href":"https:\/\/deltamed.cl\/tienda\/wp-json\/wp\/v2\/product\/710\/revisions\/13124"}],"wp:featuredmedia":[{"embeddable":true,"href":"https:\/\/deltamed.cl\/tienda\/wp-json\/wp\/v2\/media\/13122"}],"wp:attachment":[{"href":"https:\/\/deltamed.cl\/tienda\/wp-json\/wp\/v2\/media?parent=710"}],"wp:term":[{"taxonomy":"product_brand","embeddable":true,"href":"https:\/\/deltamed.cl\/tienda\/wp-json\/wp\/v2\/product_brand?post=710"},{"taxonomy":"product_cat","embeddable":true,"href":"https:\/\/deltamed.cl\/tienda\/wp-json\/wp\/v2\/product_cat?post=710"},{"taxonomy":"product_tag","embeddable":true,"href":"https:\/\/deltamed.cl\/tienda\/wp-json\/wp\/v2\/product_tag?post=710"}],"curies":[{"name":"wp","href":"https:\/\/api.w.org\/{rel}","templated":true}]}}