{"id":709,"date":"2021-02-03T15:17:08","date_gmt":"2021-02-03T18:17:08","guid":{"rendered":"https:\/\/deltamed.cl\/tienda\/?post_type=product&#038;p=709"},"modified":"2026-02-27T13:30:49","modified_gmt":"2026-02-27T16:30:49","slug":"fonendoscopio-rappaport-bk3003","status":"publish","type":"product","link":"https:\/\/deltamed.cl\/tienda\/producto\/fonendoscopio-rappaport-bk3003\/","title":{"rendered":"Fonendoscopio Rappaport BK3003"},"content":{"rendered":"<p><strong>Fonendoscopio Rappaport BK3003<\/strong><\/p>\n<p>&nbsp;<\/p>\n<p>Fonendoscopio serie profesional Sprague Rappaport, detecci\u00f3n de<br \/>\nfrecuencias agudas, medias y bajas con doble campana y doble<br \/>\nmanguera; vers\u00e1til para su uso en pediatr\u00eda, adultos, animales de compa\u00f1\u00eda y especies mayores.<\/p>\n<p><strong>Caracter\u00edsticas:<\/strong><\/p>\n<ul>\n<li>Estetoscopio Rappaport, doble tubo.<\/li>\n<li>Con Diafragma de acero inoxidable de 1-3\/4\u201d<\/li>\n<li>Binaurales ajustables y c\u00f3modos de colocar<\/li>\n<li>Posee manguera de una pieza de PVC para una buena transmisi\u00f3n.<\/li>\n<li>Viene en embalajes individuales con display vin\u00edlico<\/li>\n<li><strong>Color: rojo<\/strong><\/li>\n<li>Marca Bokang.<\/li>\n<\/ul>\n<p>Contiene<\/p>\n<p>\u2022 1 unidad pieza giratoria con diafragma adulto y pedi\u00e1trico-neonatal<br \/>\n\u2022 1 par de binaurales, cromados con olivas blandas transparentes, de tama\u00f1o medio<br \/>\n\u2022 1 tubuladora doble de goma con clip metalico<br \/>\n\u2022 1 campana intercambiable, tama\u00f1o adulto<br \/>\n\u2022 1 campana intercambiable, tama\u00f1o mediano<br \/>\n\u2022 1 campana intercambiable, tama\u00f1o neonatal<br \/>\n\u2022 2 pares de olivas intercambiables, tama\u00f1o grande y chico<br \/>\n\u2022 2 unidades de diafragmas intercambiables, tama\u00f1o adulto y pedi\u00e1trico-neonatal<br \/>\n\u2022 1 estuche pl\u00e1stico para accesorios<\/p>\n","protected":false},"excerpt":{"rendered":"<p><strong>Fonendoscopio Rappaport BK-3003<\/strong><\/p>\n<p>&nbsp;<\/p>\n<p>Fonendoscopio serie profesional Sprague Rappaport, detecci\u00f3n de<br \/>\nfrecuencias agudas, medias y bajas con doble campana y doble<br \/>\nmanguera; vers\u00e1til para su uso en pediatr\u00eda, adultos, animales de compa\u00f1\u00eda y especies mayores.<\/p>\n<p><strong>Caracter\u00edsticas:<\/strong><\/p>\n<ul>\n<li>Estetoscopio Rappaport, doble tubo.<\/li>\n<li>Con Diafragma de acero inoxidable de 1-3\/4\u201d<\/li>\n<li>Binaurales ajustables y c\u00f3modos de colocar<\/li>\n<li>Posee manguera de una pieza de PVC para una buena transmisi\u00f3n.<\/li>\n<li>Viene en embalajes individuales con display vin\u00edlico<\/li>\n<li>Colores: azul<\/li>\n<li>Marca Bokang.<\/li>\n<\/ul>\n","protected":false},"featured_media":775,"comment_status":"open","ping_status":"closed","template":"","meta":{"_acf_changed":false},"product_brand":[1092],"product_cat":[15,352],"product_tag":[131],"class_list":{"0":"post-709","1":"product","2":"type-product","3":"status-publish","4":"has-post-thumbnail","6":"product_brand-bokang","7":"product_cat-medicion-y-diagnostico","8":"product_cat-fonendo","9":"product_tag-bokang","10":"product_shipping_class-pequeno","12":"first","13":"outofstock","14":"shipping-taxable","15":"purchasable","16":"product-type-variable"},"acf":[],"_links":{"self":[{"href":"https:\/\/deltamed.cl\/tienda\/wp-json\/wp\/v2\/product\/709","targetHints":{"allow":["GET"]}}],"collection":[{"href":"https:\/\/deltamed.cl\/tienda\/wp-json\/wp\/v2\/product"}],"about":[{"href":"https:\/\/deltamed.cl\/tienda\/wp-json\/wp\/v2\/types\/product"}],"replies":[{"embeddable":true,"href":"https:\/\/deltamed.cl\/tienda\/wp-json\/wp\/v2\/comments?post=709"}],"version-history":[{"count":4,"href":"https:\/\/deltamed.cl\/tienda\/wp-json\/wp\/v2\/product\/709\/revisions"}],"predecessor-version":[{"id":10711,"href":"https:\/\/deltamed.cl\/tienda\/wp-json\/wp\/v2\/product\/709\/revisions\/10711"}],"wp:featuredmedia":[{"embeddable":true,"href":"https:\/\/deltamed.cl\/tienda\/wp-json\/wp\/v2\/media\/775"}],"wp:attachment":[{"href":"https:\/\/deltamed.cl\/tienda\/wp-json\/wp\/v2\/media?parent=709"}],"wp:term":[{"taxonomy":"product_brand","embeddable":true,"href":"https:\/\/deltamed.cl\/tienda\/wp-json\/wp\/v2\/product_brand?post=709"},{"taxonomy":"product_cat","embeddable":true,"href":"https:\/\/deltamed.cl\/tienda\/wp-json\/wp\/v2\/product_cat?post=709"},{"taxonomy":"product_tag","embeddable":true,"href":"https:\/\/deltamed.cl\/tienda\/wp-json\/wp\/v2\/product_tag?post=709"}],"curies":[{"name":"wp","href":"https:\/\/api.w.org\/{rel}","templated":true}]}}