{"id":708,"date":"2021-02-03T15:23:52","date_gmt":"2021-02-03T18:23:52","guid":{"rendered":"https:\/\/deltamed.cl\/tienda\/?post_type=product&#038;p=708"},"modified":"2026-04-13T13:19:14","modified_gmt":"2026-04-13T16:19:14","slug":"fonendoscopio-doble-bokang-bk3002","status":"publish","type":"product","link":"https:\/\/deltamed.cl\/tienda\/producto\/fonendoscopio-doble-bokang-bk3002\/","title":{"rendered":"Nuevo Fonendoscopio doble Bokang BK3002"},"content":{"rendered":"<p>Nuevo Fonendoscopio doble Bokang BK3002<\/p>\n<p><b>Estetoscopio\/ fonendo<\/b>\u00a0con cabezal\u00a0<b>doble<\/b>. Su membrana permite detectar frecuencias altas, incluyendo sonidos card\u00edacos; mientras su\u00a0<b>campana<\/b> hace posible la detecci\u00f3n de sonidos de baja frecuencia a nivel pulmonar. Ideal en la examinaci\u00f3n tanto de pacientes pedi\u00e1tricos como adultos y veterinaria.<\/p>\n<p>Permite realizar una auscultaci\u00f3n precisa y clara, ya que est\u00e1 dise\u00f1ado bajo el concepto de doble campana, lo que permite realizar los siguientes tipos de auscultaci\u00f3n:<\/p>\n<ul>\n<li>Auscultaci\u00f3n de tipo cabezal plano: capta los sonidos de baja frecuencia.<\/li>\n<li>Auscultaci\u00f3n de tipo campana: capta sonidos de alta frecuencia.<\/li>\n<\/ul>\n<p>Estetoscopio liviano.<br \/>\n\u2022 Uso adulto y pedi\u00e1trico (edad escolar)<br \/>\n\u2022 Con campana de aluminio.<br \/>\n\u2022 Campana doble.<br \/>\n\u2022 Binaurales ajustables y c\u00f3modos de colocar.<br \/>\n\u2022 Posee manguera de una pieza de PVC para una buena transmisi\u00f3n.<br \/>\n\u2022 Uso profesional y general.<br \/>\n\u2022 Disponible en negro, azul, rosadoy morado.<br \/>\n\u2022 Marca: BOKANG.<br \/>\n\u2022 Origen: China.<br \/>\n\u2022 Producto certificado, CE, FDA, ISO9001, TUV.<\/p>\n<p><img fetchpriority=\"high\" decoding=\"async\" class=\"alignnone size-medium wp-image-8343\" src=\"https:\/\/deltamed.cl\/tienda\/wp-content\/uploads\/2021\/02\/Fonendoscopio-doble-campana-Bokang-3002-237x300.jpg\" alt=\"\" width=\"237\" height=\"300\" title=\"\" srcset=\"https:\/\/deltamed.cl\/tienda\/wp-content\/uploads\/2021\/02\/Fonendoscopio-doble-campana-Bokang-3002-237x300.jpg 237w, https:\/\/deltamed.cl\/tienda\/wp-content\/uploads\/2021\/02\/Fonendoscopio-doble-campana-Bokang-3002.jpg 381w\" sizes=\"(max-width: 237px) 100vw, 237px\" \/><\/p>\n","protected":false},"excerpt":{"rendered":"<p>Nuevo Fonendoscopio doble Bokang BK3002<\/p>\n<p><b>Estetoscopio\/ fonendo<\/b>\u00a0con cabezal\u00a0<b>doble<\/b>. Su membrana permite detectar frecuencias altas, incluyendo sonidos card\u00edacos; mientras su\u00a0<b>campana<\/b> hace posible la detecci\u00f3n de sonidos de baja frecuencia a nivel pulmonar. Ideal en la examinaci\u00f3n tanto de pacientes pedi\u00e1tricos como adultos y veterinaria.<\/p>\n<p>Disponible en negro, azul, rosadoy morado.<\/p>\n","protected":false},"featured_media":13091,"comment_status":"open","ping_status":"closed","template":"","meta":{"_acf_changed":false},"product_brand":[1092],"product_cat":[15,352],"product_tag":[131,661,147],"class_list":{"0":"post-708","1":"product","2":"type-product","3":"status-publish","4":"has-post-thumbnail","6":"product_brand-bokang","7":"product_cat-medicion-y-diagnostico","8":"product_cat-fonendo","9":"product_tag-bokang","10":"product_tag-estetoscopio","11":"product_tag-fonendoscopio","12":"product_shipping_class-pequeno","14":"first","15":"instock","16":"shipping-taxable","17":"purchasable","18":"product-type-variable"},"acf":[],"_links":{"self":[{"href":"https:\/\/deltamed.cl\/tienda\/wp-json\/wp\/v2\/product\/708","targetHints":{"allow":["GET"]}}],"collection":[{"href":"https:\/\/deltamed.cl\/tienda\/wp-json\/wp\/v2\/product"}],"about":[{"href":"https:\/\/deltamed.cl\/tienda\/wp-json\/wp\/v2\/types\/product"}],"replies":[{"embeddable":true,"href":"https:\/\/deltamed.cl\/tienda\/wp-json\/wp\/v2\/comments?post=708"}],"version-history":[{"count":11,"href":"https:\/\/deltamed.cl\/tienda\/wp-json\/wp\/v2\/product\/708\/revisions"}],"predecessor-version":[{"id":13343,"href":"https:\/\/deltamed.cl\/tienda\/wp-json\/wp\/v2\/product\/708\/revisions\/13343"}],"wp:featuredmedia":[{"embeddable":true,"href":"https:\/\/deltamed.cl\/tienda\/wp-json\/wp\/v2\/media\/13091"}],"wp:attachment":[{"href":"https:\/\/deltamed.cl\/tienda\/wp-json\/wp\/v2\/media?parent=708"}],"wp:term":[{"taxonomy":"product_brand","embeddable":true,"href":"https:\/\/deltamed.cl\/tienda\/wp-json\/wp\/v2\/product_brand?post=708"},{"taxonomy":"product_cat","embeddable":true,"href":"https:\/\/deltamed.cl\/tienda\/wp-json\/wp\/v2\/product_cat?post=708"},{"taxonomy":"product_tag","embeddable":true,"href":"https:\/\/deltamed.cl\/tienda\/wp-json\/wp\/v2\/product_tag?post=708"}],"curies":[{"name":"wp","href":"https:\/\/api.w.org\/{rel}","templated":true}]}}