{"id":7067,"date":"2023-12-27T13:21:03","date_gmt":"2023-12-27T16:21:03","guid":{"rendered":"https:\/\/deltamed.cl\/tienda\/?post_type=product&#038;p=7067"},"modified":"2026-02-27T13:30:48","modified_gmt":"2026-02-27T16:30:48","slug":"doppler-fetal-contec-10cl","status":"publish","type":"product","link":"https:\/\/deltamed.cl\/tienda\/producto\/doppler-fetal-contec-10cl\/","title":{"rendered":"Doppler fetal Contec 10cl"},"content":{"rendered":"<p>Doppler fetal Contec 10cl\u00a0adopta la tecnolog\u00eda Doppler en el dise\u00f1o, es un dispositivo port\u00e1til de detecci\u00f3n de frecuencia card\u00edaca fetal. El valor de FCF medido y la forma de onda se muestran en la pantalla LCD. Con una operaci\u00f3n f\u00e1cil y conveniente, puede ser utilizado en hospitales, cl\u00ednicas y hogares para el autocontrol diario por parte de mujeres embarazadas, logrando un monitoreo temprano y cuidado de por vida.<\/p>\n<p>El sonido card\u00edaco fetal se puede escuchar claramente durante el embarazo de <strong>m\u00e1s de 12 semanas<\/strong><\/p>\n<p><strong>\u00a0<\/strong><\/p>\n<p><strong>ESPECIFICACIONES:<\/strong>\u00b7<\/p>\n<ul>\n<li>Hermosa apariencia, f\u00e1cil de operar.\u00b7<\/li>\n<li>Sonda magn\u00e9tica, dise\u00f1o compacto, c\u00f3modo de usar\u00b7<\/li>\n<li>Visualizaci\u00f3n de d\u00edgitos\/curva\u00b7<\/li>\n<li>Indicaci\u00f3n del nivel de bater\u00eda\u00b7<\/li>\n<li>Apagado autom\u00e1tico despu\u00e9s de no recibir se\u00f1al durante 60 segundos\u00b7<\/li>\n<li>Sonda Doppler de alta sensibilidad, el sonido card\u00edaco fetal se puede escuchar claramente durante el embarazo de <strong>m\u00e1s de 12 semanas<\/strong>\u00b7<\/li>\n<li>Dos modos de salida de sonido: altavoz incorporado y auriculares externos<\/li>\n<\/ul>\n<p><strong>CARACTERISTICAS:<\/strong><\/p>\n<ul>\n<li>Clasificaci\u00f3n de seguridad: equipo con alimentaci\u00f3n interna, pieza aplicada tipo CF<\/li>\n<li>Pantalla: pantalla LCD de 1,77 \u00ab<\/li>\n<li>\u00a0Rango de medici\u00f3n y visualizaci\u00f3n de FCF: <strong>50 BPM 240 BPM<\/strong> (BPM: latidos por minuto)<\/li>\n<li>Resoluci\u00f3n: 1 BPM<\/li>\n<li>Precisi\u00f3n: 1 2 BPM<\/li>\n<li>Tensi\u00f3n nominal de trabajo: DC3.7 V (CONTEC10CL)<\/li>\n<li>Tipo de bater\u00eda: Bater\u00eda de litio 3.7VI (CONTEC10CL) Tres pilas de 1,5 V (AA LR6)(CONTEC10C)<\/li>\n<li>Clase de protecci\u00f3n de la carcasa: Sonda lP22<\/li>\n<li>Frecuencia nominal: <strong>3,0 MHz (CONTEC10CL)<\/strong><\/li>\n<li>Frecuencia de Trabajo: <strong>3,0<\/strong> <strong>MHz1 10% (CONTEC10CL)<\/strong><\/li>\n<li>Presi\u00f3n sonora m\u00e1xima negativa: P &lt; 1 MPa<\/li>\n<li>\u00a0Intensidad del haz de salida: \/\u00bb &lt; 20 mW\/cm\u00bb<\/li>\n<li>Intensidad derivada promedio temporal pico espacial: \/\u201e\u201e &lt; 100 mW\/cm\u2018<\/li>\n<li>Potencia de salida ultras\u00f3nica: P &lt; 20 mW<\/li>\n<li>Modo de trabajo: Doppler de onda continua<\/li>\n<li>\u00c1rea de radiaci\u00f3n efectiva del transductor: &lt; 208 mm\u2018<\/li>\n<\/ul>\n<p>&nbsp;<\/p>\n<p><strong>DIMENSIONES:<\/strong><\/p>\n<p>Dimensi\u00f3n: 157 mm (L) x 106 mm (W) x 34 mm (H) \u00b7\u00a0\u00a0\u00a0\u00a0\u00a0\u00a0 Peso: &lt; 300 g (con bater\u00edas)<\/p>\n<p><strong>\u00a0<\/strong><\/p>\n<p><strong>INCLUYE:<\/strong><\/p>\n<ul>\n<li>Bater\u00edas recargables<\/li>\n<li>Cable USB para carga<\/li>\n<\/ul>\n<p><iframe title=\"CONTEC Pocket Fetal Doppler\" width=\"500\" height=\"281\" src=\"https:\/\/www.youtube.com\/embed\/4N0l-GQo0uM?feature=oembed\" frameborder=\"0\" allow=\"accelerometer; autoplay; clipboard-write; encrypted-media; gyroscope; picture-in-picture; web-share\" referrerpolicy=\"strict-origin-when-cross-origin\" allowfullscreen><\/iframe><\/p>\n","protected":false},"excerpt":{"rendered":"<p>Doppler fetal Contec 10cl\u00a0adopta la tecnolog\u00eda Doppler en el dise\u00f1o, es un dispositivo port\u00e1til de detecci\u00f3n de frecuencia card\u00edaca fetal. El valor de FCF medido y la forma de onda se muestran en la pantalla LCD. Con una operaci\u00f3n f\u00e1cil y conveniente, puede ser utilizado en hospitales, cl\u00ednicas y hogares para el autocontrol diario por parte de mujeres embarazadas, logrando un monitoreo temprano y cuidado de por vida.<\/p>\n<p>El sonido card\u00edaco fetal se puede escuchar claramente durante el embarazo de <strong>m\u00e1s de 12 semanas<\/strong><\/p>\n<p><strong>\u00a0<\/strong><\/p>\n<p><strong>ESPECIFICACIONES:<\/strong>\u00b7<\/p>\n<ul>\n<li>Hermosa apariencia, f\u00e1cil de operar.\u00b7<\/li>\n<li>Sonda magn\u00e9tica, dise\u00f1o compacto, c\u00f3modo de usar\u00b7<\/li>\n<li>Visualizaci\u00f3n de d\u00edgitos\/curva\u00b7<\/li>\n<li>Indicaci\u00f3n del nivel de bater\u00eda\u00b7<\/li>\n<li>Apagado autom\u00e1tico despu\u00e9s de no recibir se\u00f1al durante 60 segundos\u00b7<\/li>\n<li>Sonda Doppler de alta sensibilidad, el sonido card\u00edaco fetal se puede escuchar claramente durante el embarazo de <strong>m\u00e1s de 12 semanas<\/strong>\u00b7<\/li>\n<li>Dos modos de salida de sonido: altavoz incorporado y auriculares externos<\/li>\n<\/ul>\n","protected":false},"featured_media":7069,"comment_status":"open","ping_status":"closed","template":"","meta":{"_acf_changed":false},"product_brand":[1100],"product_cat":[15,358],"product_tag":[459],"class_list":{"0":"post-7067","1":"product","2":"type-product","3":"status-publish","4":"has-post-thumbnail","6":"product_brand-contec","7":"product_cat-medicion-y-diagnostico","8":"product_cat-monitor-de-signos-vitales","9":"product_tag-contec","10":"product_shipping_class-pequeno","12":"first","13":"instock","14":"shipping-taxable","15":"purchasable","16":"product-type-simple"},"acf":[],"_links":{"self":[{"href":"https:\/\/deltamed.cl\/tienda\/wp-json\/wp\/v2\/product\/7067","targetHints":{"allow":["GET"]}}],"collection":[{"href":"https:\/\/deltamed.cl\/tienda\/wp-json\/wp\/v2\/product"}],"about":[{"href":"https:\/\/deltamed.cl\/tienda\/wp-json\/wp\/v2\/types\/product"}],"replies":[{"embeddable":true,"href":"https:\/\/deltamed.cl\/tienda\/wp-json\/wp\/v2\/comments?post=7067"}],"version-history":[{"count":1,"href":"https:\/\/deltamed.cl\/tienda\/wp-json\/wp\/v2\/product\/7067\/revisions"}],"predecessor-version":[{"id":9496,"href":"https:\/\/deltamed.cl\/tienda\/wp-json\/wp\/v2\/product\/7067\/revisions\/9496"}],"wp:featuredmedia":[{"embeddable":true,"href":"https:\/\/deltamed.cl\/tienda\/wp-json\/wp\/v2\/media\/7069"}],"wp:attachment":[{"href":"https:\/\/deltamed.cl\/tienda\/wp-json\/wp\/v2\/media?parent=7067"}],"wp:term":[{"taxonomy":"product_brand","embeddable":true,"href":"https:\/\/deltamed.cl\/tienda\/wp-json\/wp\/v2\/product_brand?post=7067"},{"taxonomy":"product_cat","embeddable":true,"href":"https:\/\/deltamed.cl\/tienda\/wp-json\/wp\/v2\/product_cat?post=7067"},{"taxonomy":"product_tag","embeddable":true,"href":"https:\/\/deltamed.cl\/tienda\/wp-json\/wp\/v2\/product_tag?post=7067"}],"curies":[{"name":"wp","href":"https:\/\/api.w.org\/{rel}","templated":true}]}}