{"id":700,"date":"2021-02-02T17:29:20","date_gmt":"2021-02-02T20:29:20","guid":{"rendered":"https:\/\/deltamed.cl\/tienda\/?post_type=product&#038;p=700"},"modified":"2026-04-20T19:03:02","modified_gmt":"2026-04-20T22:03:02","slug":"canula-de-oxigeno-naricera-bigotera-cranberry","status":"publish","type":"product","link":"https:\/\/deltamed.cl\/tienda\/producto\/canula-de-oxigeno-naricera-bigotera-cranberry\/","title":{"rendered":"C\u00e1nula de ox\u00edgeno naricera bigotera Cranberry"},"content":{"rendered":"<p>C\u00e1nula de ox\u00edgeno naricera bigotera Cranberry<br \/>\n1 unidad<\/p>\n<p>La c\u00e1nula de ox\u00edgeno nasal (bigotera) es un dispositivo m\u00e9dico dise\u00f1ado para proporcionar ox\u00edgeno a trav\u00e9s de un sistema de bajo flujo. Este dispositivo cuenta con dos c\u00e1nulas cortas que se insertan suavemente en los vest\u00edbulos nasales, fabricadas con un material suave y flexible que se adapta c\u00f3modamente a la anatom\u00eda del paciente. Adem\u00e1s, es hipoalerg\u00e9nica, lo que minimiza el riesgo de reacciones adversas en personas con piel sensible. La estructura de la c\u00e1nula es resistente, garantizando durabilidad y seguridad durante su uso prolongado.<\/p>\n<p>El dispositivo tambi\u00e9n incluye una tubuladura de alta calidad, que forma parte de un circuito cerrado perfectamente sellado, lo que asegura una entrega continua y eficiente del ox\u00edgeno desde la fuente al paciente. Cada detalle ha sido dise\u00f1ado para ofrecer comodidad y eficacia en la administraci\u00f3n de ox\u00edgeno<\/p>\n<p>\u2022 C\u00e1nula para equipo de ox\u00edgeno estacionario o port\u00e1til.<br \/>\n\u2022 Talla dulto, pediatrico y neonatal<br \/>\n\u2022 Incluye una unidad.<\/p>\n<ul>\n<li>Producto Est\u00e9ril<\/li>\n<li>Hipoalerg\u00e9nica<\/li>\n<li>Libre de L\u00e1tex<\/li>\n<\/ul>\n<p>Mide 250cm<\/p>\n","protected":false},"excerpt":{"rendered":"<p>C\u00e1nula de ox\u00edgeno naricera bigotera Cranberry<br \/>\n1 unidad<\/p>\n<p>La c\u00e1nula de ox\u00edgeno nasal (bigotera) es un dispositivo m\u00e9dico dise\u00f1ado para proporcionar ox\u00edgeno a trav\u00e9s de un sistema de bajo flujo. Este dispositivo cuenta con dos c\u00e1nulas cortas que se insertan suavemente en los vest\u00edbulos nasales, fabricadas con un material suave y flexible que se adapta c\u00f3modamente a la anatom\u00eda del paciente. Adem\u00e1s, es hipoalerg\u00e9nica, lo que minimiza el riesgo de reacciones adversas en personas con piel sensible. La estructura de la c\u00e1nula es resistente, garantizando durabilidad y seguridad durante su uso prolongado.<\/p>\n<p>El dispositivo tambi\u00e9n incluye una tubuladura de alta calidad, que forma parte de un circuito cerrado perfectamente sellado, lo que asegura una entrega continua y eficiente del ox\u00edgeno desde la fuente al paciente. Cada detalle ha sido dise\u00f1ado para ofrecer comodidad y eficacia en la administraci\u00f3n de ox\u00edgeno<\/p>\n<p>\u2022 C\u00e1nula para equipo de ox\u00edgeno estacionario o port\u00e1til.<br \/>\n\u2022 Talla dulto, pediatrico y neonatal<br \/>\n\u2022 Incluye una unidad.<\/p>\n<ul>\n<li>Producto Est\u00e9ril<\/li>\n<li>Hipoalerg\u00e9nica<\/li>\n<li>Libre de L\u00e1tex<\/li>\n<\/ul>\n<p>Mide 250cm<\/p>\n","protected":false},"featured_media":763,"comment_status":"open","ping_status":"closed","template":"","meta":{"_acf_changed":false},"product_brand":[1087],"product_cat":[94,381,434],"product_tag":[834,606,836,119,835,775],"class_list":{"0":"post-700","1":"product","2":"type-product","3":"status-publish","4":"has-post-thumbnail","6":"product_brand-cranberry","7":"product_cat-insumos-desechables","8":"product_cat-mascarillas","9":"product_cat-otros-kinesiologia","10":"product_tag-bigotera","11":"product_tag-canula","12":"product_tag-canula-nasal","13":"product_tag-cranberry","14":"product_tag-naricera","15":"product_tag-oxigeno","16":"product_shipping_class-extra-pequeno","18":"first","19":"instock","20":"shipping-taxable","21":"purchasable","22":"product-type-variable"},"acf":[],"_links":{"self":[{"href":"https:\/\/deltamed.cl\/tienda\/wp-json\/wp\/v2\/product\/700","targetHints":{"allow":["GET"]}}],"collection":[{"href":"https:\/\/deltamed.cl\/tienda\/wp-json\/wp\/v2\/product"}],"about":[{"href":"https:\/\/deltamed.cl\/tienda\/wp-json\/wp\/v2\/types\/product"}],"replies":[{"embeddable":true,"href":"https:\/\/deltamed.cl\/tienda\/wp-json\/wp\/v2\/comments?post=700"}],"version-history":[{"count":5,"href":"https:\/\/deltamed.cl\/tienda\/wp-json\/wp\/v2\/product\/700\/revisions"}],"predecessor-version":[{"id":12774,"href":"https:\/\/deltamed.cl\/tienda\/wp-json\/wp\/v2\/product\/700\/revisions\/12774"}],"wp:featuredmedia":[{"embeddable":true,"href":"https:\/\/deltamed.cl\/tienda\/wp-json\/wp\/v2\/media\/763"}],"wp:attachment":[{"href":"https:\/\/deltamed.cl\/tienda\/wp-json\/wp\/v2\/media?parent=700"}],"wp:term":[{"taxonomy":"product_brand","embeddable":true,"href":"https:\/\/deltamed.cl\/tienda\/wp-json\/wp\/v2\/product_brand?post=700"},{"taxonomy":"product_cat","embeddable":true,"href":"https:\/\/deltamed.cl\/tienda\/wp-json\/wp\/v2\/product_cat?post=700"},{"taxonomy":"product_tag","embeddable":true,"href":"https:\/\/deltamed.cl\/tienda\/wp-json\/wp\/v2\/product_tag?post=700"}],"curies":[{"name":"wp","href":"https:\/\/api.w.org\/{rel}","templated":true}]}}