{"id":6971,"date":"2023-12-12T13:48:56","date_gmt":"2023-12-12T16:48:56","guid":{"rendered":"https:\/\/deltamed.cl\/tienda\/?post_type=product&#038;p=6971"},"modified":"2026-02-27T13:30:48","modified_gmt":"2026-02-27T16:30:48","slug":"silla-de-ruedas-electrica-neurologica-delta5131-plus","status":"publish","type":"product","link":"https:\/\/deltamed.cl\/tienda\/producto\/silla-de-ruedas-electrica-neurologica-delta5131-plus\/","title":{"rendered":"Silla de ruedas el\u00e9ctrica neurol\u00f3gica delta5131 plus"},"content":{"rendered":"<p>Silla de ruedas el\u00e9ctrica neurol\u00f3gica delta5131 plus<\/p>\n<p>Dise\u00f1ada para ser resistente, brindar m\u00e1xima comodidad y funcionalidad.<br \/>\nEl respaldo es alto reclinable y acolchado. Cuenta con un cabezal ajustable en altura y \u00e1ngulo, asegurando un soporte ergon\u00f3mico.<br \/>\nLa estructura de acero recubierto garantiza durabilidad y resistencia.<\/p>\n<p>Los apoyabrazos son regulables en altura y desmontables para adaptarse a las necesidades individuales.<br \/>\nEl comando incorpora control de velocidad y bocina, con la flexibilidad de un joystick intercambiable para su uso tanto desde el lado derecho como izquierdo.<\/p>\n<p>El asiento ofrece regulaci\u00f3n el\u00e9ctrica de altura y un respaldo abatible hacia delante y atr\u00e1s, incluyendo un sistema de basculaci\u00f3n para una mayor versatilidad.<br \/>\nAdem\u00e1s, los apoya pies de dos hojas y las pierneras son ajustables en altura y desmontables, asegurando una experiencia personalizada y confortable para el usuario.<\/p>\n<p><strong>ESPECIFICACIONES:<\/strong><br \/>\n&#8211; Cabezal regulable en posici\u00f3n horizontal y vertical.<br \/>\n&#8211; Ancho de asiento: 45 cm<br \/>\n&#8211; Ruedas traseras neum\u00e1ticas inflables de 12\u201d<br \/>\n&#8211; Ruedas delanteras macizas de 8\u201d<br \/>\n&#8211; Soporta usuario de hasta 120 kg<br \/>\n&#8211; Autonom\u00eda de 50 km<br \/>\n&#8211; Velocidad m\u00e1xima de 8 km\/h<br \/>\n&#8211; Bater\u00eda con dos motores fabricados en Taiw\u00e1n, tipo brushlees de 250 w cada uno.<br \/>\n&#8211; Incluye ruedas anti vuelcos, cintur\u00f3n p\u00e9lvico de seguridad, bater\u00edas y cargador de 220 V<br \/>\n&#8211; Modelo: DELTA5131 PLUS<\/p>\n<p><strong>Los colores de acolchado y estructura pueden variar.<\/strong><\/p>\n","protected":false},"excerpt":{"rendered":"<p>Silla de ruedas el\u00e9ctrica neurol\u00f3gica delta5131 plus<\/p>\n<p>Resistente y c\u00f3moda.<br \/>\nRespaldo alto, reclinable y acolchado con cabezal ajustable.<br \/>\nEstructura de acero recubierto.<br \/>\nApoyabrazos regulables y desmontables.<br \/>\nComando con control de velocidad, bocina y joystick intercambiable.<br \/>\nAsiento con regulaci\u00f3n el\u00e9ctrica de altura y respaldo abatible.<br \/>\nApoya pies y pierneras ajustables y desmontables para personalizaci\u00f3n y comodidad.<\/p>\n<p><strong>Los colores de acolchado y estructura pueden variar.<\/strong><\/p>\n","protected":false},"featured_media":6973,"comment_status":"open","ping_status":"closed","template":"","meta":{"_acf_changed":false},"product_brand":[1091],"product_cat":[970,949,930,971],"product_tag":[486,53,597,596,513,512,598],"class_list":{"0":"post-6971","1":"product","2":"type-product","3":"status-publish","4":"has-post-thumbnail","6":"product_brand-deltamed","7":"product_cat-electricas","8":"product_cat-neurologica","9":"product_cat-sillas-de-ruedas-2","10":"product_cat-sillas-electricas","11":"product_tag-ayudas-tecnicas","12":"product_tag-movilidad","13":"product_tag-neurologica","14":"product_tag-siilla-neurologica","15":"product_tag-silla-de-ruedas","16":"product_tag-silla-electrica","17":"product_tag-silla-neurologica-electrica","18":"product_shipping_class-grande","20":"first","21":"outofstock","22":"shipping-taxable","23":"purchasable","24":"product-type-simple"},"acf":[],"_links":{"self":[{"href":"https:\/\/deltamed.cl\/tienda\/wp-json\/wp\/v2\/product\/6971","targetHints":{"allow":["GET"]}}],"collection":[{"href":"https:\/\/deltamed.cl\/tienda\/wp-json\/wp\/v2\/product"}],"about":[{"href":"https:\/\/deltamed.cl\/tienda\/wp-json\/wp\/v2\/types\/product"}],"replies":[{"embeddable":true,"href":"https:\/\/deltamed.cl\/tienda\/wp-json\/wp\/v2\/comments?post=6971"}],"version-history":[{"count":7,"href":"https:\/\/deltamed.cl\/tienda\/wp-json\/wp\/v2\/product\/6971\/revisions"}],"predecessor-version":[{"id":13705,"href":"https:\/\/deltamed.cl\/tienda\/wp-json\/wp\/v2\/product\/6971\/revisions\/13705"}],"wp:featuredmedia":[{"embeddable":true,"href":"https:\/\/deltamed.cl\/tienda\/wp-json\/wp\/v2\/media\/6973"}],"wp:attachment":[{"href":"https:\/\/deltamed.cl\/tienda\/wp-json\/wp\/v2\/media?parent=6971"}],"wp:term":[{"taxonomy":"product_brand","embeddable":true,"href":"https:\/\/deltamed.cl\/tienda\/wp-json\/wp\/v2\/product_brand?post=6971"},{"taxonomy":"product_cat","embeddable":true,"href":"https:\/\/deltamed.cl\/tienda\/wp-json\/wp\/v2\/product_cat?post=6971"},{"taxonomy":"product_tag","embeddable":true,"href":"https:\/\/deltamed.cl\/tienda\/wp-json\/wp\/v2\/product_tag?post=6971"}],"curies":[{"name":"wp","href":"https:\/\/api.w.org\/{rel}","templated":true}]}}