{"id":696,"date":"2021-02-02T17:22:49","date_gmt":"2021-02-02T20:22:49","guid":{"rendered":"https:\/\/deltamed.cl\/tienda\/?post_type=product&#038;p=696"},"modified":"2026-03-17T20:08:47","modified_gmt":"2026-03-17T23:08:47","slug":"estuche-para-fonendoscopio","status":"publish","type":"product","link":"https:\/\/deltamed.cl\/tienda\/producto\/estuche-para-fonendoscopio\/","title":{"rendered":"Estuche para fonendoscopio"},"content":{"rendered":"<p><strong>Estuche para fonendoscopio<\/strong><\/p>\n<p>Estuche para guardar y trasladar fonendoscopio o estetoscopio.<br \/>\n&#8211; Cubierta dura, evita golpes directos al fonendoscopio.<br \/>\n&#8211; Compartimiento removible para distintos modelos, como cardiol\u00f3gico, veterinario o electr\u00f3nicos.<\/p>\n<p><strong>Caracter\u00edsticas espec\u00edficas:<\/strong><\/p>\n<ul>\n<li><strong>Dise\u00f1o resistente y duradero:<\/strong>\u00a0Fabricado con materiales de alta calidad, este estuche est\u00e1 dise\u00f1ado para resistir el desgaste diario y proteger el fonendoscopio de posibles da\u00f1os.<\/li>\n<li><strong>Dimensiones:<\/strong>\u00a018 \u00d7 5 \u00d7 28 cm<\/li>\n<li><strong>Peso:<\/strong>\u00a0205 g<\/li>\n<li><strong>Cierre perimetral reforzado:<\/strong>\u00a0El estuche cuenta con un cierre perimetral reforzado que garantiza que el estuche permanezca cerrado de manera segura, brindando una protecci\u00f3n adicional al contenido.<\/li>\n<li><strong>Bolsillos de malla elasticados:<\/strong>\u00a0Equipado con dos bolsillos de malla elasticados en el interior, el estuche ofrece espacio adicional para almacenar accesorios o peque\u00f1os objetos relacionados con el fonendoscopio.<\/li>\n<li><strong>Sujetadores el\u00e1sticos interiores:<\/strong>\u00a0Los sujetadores el\u00e1sticos en el interior del estuche mantienen el fonendoscopio en su lugar durante el transporte, asegurando que permanezca protegido y evitando movimientos no deseados.<\/li>\n<\/ul>\n<p>&nbsp;<\/p>\n","protected":false},"excerpt":{"rendered":"<p><strong>Estuche para fonendoscopio<\/strong><\/p>\n<p>Estuche para guardar y trasladar fonendoscopio o estetoscopio.<br \/>\n&#8211; Cubierta dura, evita golpes directos al fonendoscopio.<br \/>\n&#8211; Compartimiento removible para distintos modelos, como cardiol\u00f3gico, veterinario o electr\u00f3nicos.<\/p>\n<p><strong>Caracter\u00edsticas espec\u00edficas:<\/strong><\/p>\n<ul>\n<li><strong>Dise\u00f1o resistente y duradero:<\/strong>\u00a0Fabricado con materiales de alta calidad, este estuche est\u00e1 dise\u00f1ado para resistir el desgaste diario y proteger el fonendoscopio de posibles da\u00f1os.<\/li>\n<li><strong>Dimensiones:<\/strong>\u00a018 \u00d7 5 \u00d7 28 cm<\/li>\n<li><strong>Peso:<\/strong>\u00a0205 g<\/li>\n<li><strong>Cierre perimetral reforzado:<\/strong>\u00a0El estuche cuenta con un cierre perimetral reforzado que garantiza que el estuche permanezca cerrado de manera segura, brindando una protecci\u00f3n adicional al contenido.<\/li>\n<li><strong>Bolsillos de malla elasticados:<\/strong>\u00a0Equipado con dos bolsillos de malla elasticados en el interior, el estuche ofrece espacio adicional para almacenar accesorios o peque\u00f1os objetos relacionados con el fonendoscopio.<\/li>\n<li><strong>Sujetadores el\u00e1sticos interiores:<\/strong>\u00a0Los sujetadores el\u00e1sticos en el interior del estuche mantienen el fonendoscopio en su lugar durante el transporte, asegurando que permanezca protegido y evitando movimientos no deseados.<\/li>\n<\/ul>\n<p>&nbsp;<\/p>\n","protected":false},"featured_media":758,"comment_status":"open","ping_status":"closed","template":"","meta":{"_acf_changed":false},"product_brand":[],"product_cat":[15,352],"product_tag":[],"class_list":{"0":"post-696","1":"product","2":"type-product","3":"status-publish","4":"has-post-thumbnail","6":"product_cat-medicion-y-diagnostico","7":"product_cat-fonendo","8":"product_shipping_class-extra-pequeno","10":"first","11":"instock","12":"shipping-taxable","13":"purchasable","14":"product-type-variable"},"acf":[],"_links":{"self":[{"href":"https:\/\/deltamed.cl\/tienda\/wp-json\/wp\/v2\/product\/696","targetHints":{"allow":["GET"]}}],"collection":[{"href":"https:\/\/deltamed.cl\/tienda\/wp-json\/wp\/v2\/product"}],"about":[{"href":"https:\/\/deltamed.cl\/tienda\/wp-json\/wp\/v2\/types\/product"}],"replies":[{"embeddable":true,"href":"https:\/\/deltamed.cl\/tienda\/wp-json\/wp\/v2\/comments?post=696"}],"version-history":[{"count":2,"href":"https:\/\/deltamed.cl\/tienda\/wp-json\/wp\/v2\/product\/696\/revisions"}],"predecessor-version":[{"id":11671,"href":"https:\/\/deltamed.cl\/tienda\/wp-json\/wp\/v2\/product\/696\/revisions\/11671"}],"wp:featuredmedia":[{"embeddable":true,"href":"https:\/\/deltamed.cl\/tienda\/wp-json\/wp\/v2\/media\/758"}],"wp:attachment":[{"href":"https:\/\/deltamed.cl\/tienda\/wp-json\/wp\/v2\/media?parent=696"}],"wp:term":[{"taxonomy":"product_brand","embeddable":true,"href":"https:\/\/deltamed.cl\/tienda\/wp-json\/wp\/v2\/product_brand?post=696"},{"taxonomy":"product_cat","embeddable":true,"href":"https:\/\/deltamed.cl\/tienda\/wp-json\/wp\/v2\/product_cat?post=696"},{"taxonomy":"product_tag","embeddable":true,"href":"https:\/\/deltamed.cl\/tienda\/wp-json\/wp\/v2\/product_tag?post=696"}],"curies":[{"name":"wp","href":"https:\/\/api.w.org\/{rel}","templated":true}]}}