{"id":6723,"date":"2023-11-15T12:29:50","date_gmt":"2023-11-15T15:29:50","guid":{"rendered":"https:\/\/deltamed.cl\/tienda\/?post_type=product&#038;p=6723"},"modified":"2026-03-13T13:20:48","modified_gmt":"2026-03-13T16:20:48","slug":"cicatrizante-healing-vivalite","status":"publish","type":"product","link":"https:\/\/deltamed.cl\/tienda\/producto\/cicatrizante-healing-vivalite\/","title":{"rendered":"Cicatrizante Healing Vivalite"},"content":{"rendered":"<h4><strong>Cicatrizante Healing Vivalite, alimento para uso m\u00e9dico o medicinal<\/strong><\/h4>\n<p>Suplemento Nutricional especializado a base de Arginina, Glutamina,<br \/>\nProte\u00edna de suero de leche, Vitaminas, Minerales y Antioxidantes en cantidades necesarias que<br \/>\npermiten apoyar el proceso de cicatrizaci\u00f3n de las heridas.<\/p>\n<p>Caja trae 7 sobres.<\/p>\n<p><strong>Ingredientes:<\/strong><br \/>\nL-Arginina, L-Gutamina, Maltodextrina, Aislado de Suero de leche, Sabor id\u00e9ntico al natural de<br \/>\nNaranja, Betacaroteno, \u00c1cido asc\u00f3rbico (vitamina C), \u00c1cido C\u00edtrico, Sucralosa, Vitamina E, Stevia,<br \/>\nSulfato de Zinc, Clorhidrato de piridoxina (vitamina B6), Gluconato de cobre, Vitamina A acetato,<br \/>\nSelenito de sodio, Cianocobalamina (vitamina B12). Contiene leche. Envasado en l\u00edneas que<br \/>\ntambi\u00e9n procesan almendras y aceite de pescado (omega 3 de origen marino).<\/p>\n<p><strong>Composici\u00f3n:<\/strong><br \/>\nVivalite Healing est\u00e1 formulado con 2 amino\u00e1cidos:<br \/>\nL-Arginina<br \/>\nL-Glutamina<\/p>\n<p><strong>Indicaciones<\/strong>:<br \/>\nEst\u00e1 recomendado para personas con quemaduras, pie diab\u00e9tico, heridas<br \/>\nquir\u00fargicas, \u00falceras por presi\u00f3n, \u00falceras por insuficiencia venosa y otros tipos de heridas.<\/p>\n<p><strong>Caracter\u00edsticas Nutricionales:<\/strong><\/p>\n<p>-Stevia<br \/>\n-Amino\u00e1cidos<br \/>\n-Vitamina C<br \/>\nBajo en:<br \/>\n-Sodio<\/p>\n<p><strong>Preparaci\u00f3n:<\/strong><br \/>\nMezclar un sobre con 210ml de agua y agitar hasta que se disuelva. Refrigerar porci\u00f3n no usada<br \/>\ny consumir dentro de las 24 horas.<br \/>\nV\u00eda de Administraci\u00f3n:<br \/>\nLa administraci\u00f3n es por v\u00eda oral y enteral.<\/p>\n<p>Libre de:<br \/>\n-Colesterol<br \/>\n-Lactosa<br \/>\n-Gluten<br \/>\n-Az\u00facar<br \/>\n-Grasas Saturadas<br \/>\n-\u00c1cidos grasos Trans<\/p>\n<p><em><strong>\u201cSu uso no es recomendable para consumo por menores de 8 a\u00f1os, embarazadas y nodrizas,<\/strong><\/em><br \/>\n<em><strong>salvo indicaci\u00f3n profesional competente y no reemplaza a una alimentaci\u00f3n balanceada.\u201d<\/strong><\/em><br \/>\n<em><strong>Sabor: Naranja<\/strong><\/em><\/p>\n<p>Contraindicaciones:<br \/>\n&#8211; No administrar en la lactancia ni en ni\u00f1os.<br \/>\n&#8211; No tomar en caso de dolores abdominales de causas desconocidas.<br \/>\n&#8211; Hipersensibilidad a cualquiera de los componentes de la f\u00f3rmula.<\/p>\n<p>&nbsp;<\/p>\n<p>Advertencias:<br \/>\nEl producto debe utilizarse bajo supervisi\u00f3n m\u00e9dica o de un profesional de la salud.<br \/>\nEl producto no es adecuado para ser consumido como \u00fanica fuente de alimento.<br \/>\nSu consumo no est\u00e1 destinado a un grupo etario espec\u00edfico y no perjudica la salud de las personas<br \/>\nque los consuman sin estar afectados por algunas de las enfermedades, trastornos o afecciones,<br \/>\npara los que vaya destinado.<br \/>\nMant\u00e9ngase fuera del alcance de los ni\u00f1os.<br \/>\nPlazo de duraci\u00f3n- Vida \u00fatil<br \/>\nEl producto tiene una duraci\u00f3n de 18 meses a partir de la fecha de elaboraci\u00f3n.<br \/>\nAlmacenamiento:<br \/>\nDebe ser almacenado en un lugar fresco, limpio y seco. Una vez reconstituido el<br \/>\nproducto, consumir inmediatamente y\/o guardar en refrigeraci\u00f3n por un m\u00e1ximo de 24 horas.<\/p>\n<p>Vence Agosto 2025<\/p>\n","protected":false},"excerpt":{"rendered":"<h4><strong>Cicatrizante Healing Vivalite, alimento para uso m\u00e9dico o medicinal<\/strong><\/h4>\n<p>Suplemento Nutricional especializado a base de Arginina, Glutamina,<br \/>\nProte\u00edna de suero de leche, Vitaminas, Minerales y Antioxidantes en cantidades necesarias que<br \/>\npermiten apoyar el proceso de cicatrizaci\u00f3n de las heridas.<\/p>\n<p>Caja trae 7 sobres.<\/p>\n<p><strong>Composici\u00f3n:<\/strong><br \/>\nVivalite Healing est\u00e1 formulado con 2 amino\u00e1cidos:<br \/>\nL-Arginina<br \/>\nL-Glutamina<\/p>\n<p><strong>Indicaciones<\/strong>:<br \/>\nEst\u00e1 recomendado para personas con quemaduras, pie diab\u00e9tico, heridas<br \/>\nquir\u00fargicas, \u00falceras por presi\u00f3n, \u00falceras por insuficiencia venosa y otros tipos de heridas.<\/p>\n","protected":false},"featured_media":6725,"comment_status":"open","ping_status":"closed","template":"","meta":{"_acf_changed":false},"product_brand":[1098],"product_cat":[452,214],"product_tag":[587,586,216],"class_list":{"0":"post-6723","1":"product","2":"type-product","3":"status-publish","4":"has-post-thumbnail","6":"product_brand-vivalite","7":"product_cat-suplementos-alimenticios","8":"product_cat-cuidado-personal","9":"product_tag-cicatrizante","10":"product_tag-suplemnto-alimenticio","11":"product_tag-vivalite","12":"product_shipping_class-extra-pequeno","14":"first","15":"instock","16":"shipping-taxable","17":"purchasable","18":"product-type-simple"},"acf":[],"_links":{"self":[{"href":"https:\/\/deltamed.cl\/tienda\/wp-json\/wp\/v2\/product\/6723","targetHints":{"allow":["GET"]}}],"collection":[{"href":"https:\/\/deltamed.cl\/tienda\/wp-json\/wp\/v2\/product"}],"about":[{"href":"https:\/\/deltamed.cl\/tienda\/wp-json\/wp\/v2\/types\/product"}],"replies":[{"embeddable":true,"href":"https:\/\/deltamed.cl\/tienda\/wp-json\/wp\/v2\/comments?post=6723"}],"version-history":[{"count":3,"href":"https:\/\/deltamed.cl\/tienda\/wp-json\/wp\/v2\/product\/6723\/revisions"}],"predecessor-version":[{"id":9461,"href":"https:\/\/deltamed.cl\/tienda\/wp-json\/wp\/v2\/product\/6723\/revisions\/9461"}],"wp:featuredmedia":[{"embeddable":true,"href":"https:\/\/deltamed.cl\/tienda\/wp-json\/wp\/v2\/media\/6725"}],"wp:attachment":[{"href":"https:\/\/deltamed.cl\/tienda\/wp-json\/wp\/v2\/media?parent=6723"}],"wp:term":[{"taxonomy":"product_brand","embeddable":true,"href":"https:\/\/deltamed.cl\/tienda\/wp-json\/wp\/v2\/product_brand?post=6723"},{"taxonomy":"product_cat","embeddable":true,"href":"https:\/\/deltamed.cl\/tienda\/wp-json\/wp\/v2\/product_cat?post=6723"},{"taxonomy":"product_tag","embeddable":true,"href":"https:\/\/deltamed.cl\/tienda\/wp-json\/wp\/v2\/product_tag?post=6723"}],"curies":[{"name":"wp","href":"https:\/\/api.w.org\/{rel}","templated":true}]}}