{"id":6673,"date":"2023-11-09T15:46:50","date_gmt":"2023-11-09T18:46:50","guid":{"rendered":"https:\/\/deltamed.cl\/tienda\/?post_type=product&#038;p=6673"},"modified":"2026-03-11T16:15:10","modified_gmt":"2026-03-11T19:15:10","slug":"suero-fisiologico-0-9-20ml-biosano-caja-x-100un","status":"publish","type":"product","link":"https:\/\/deltamed.cl\/tienda\/producto\/suero-fisiologico-0-9-20ml-biosano-caja-x-100un\/","title":{"rendered":"Suero fisiologico 0.9% 20ml Biosano Caja x 100un"},"content":{"rendered":"<p>Suero fisiologico 09% 20ml Biosano Caja x 100 ampollas<\/p>\n<p>Cloruro de sodio 09% 20ml Biosano Caja x 100 ampollas<\/p>\n<p><b>Se utiliza como aporte de electrolitos en los casos en los que exista deshidrataci\u00f3n con p\u00e9rdidas de sales<\/b>.<\/p>\n<p>En estados de hipovolemia (disminuci\u00f3n del volumen sangu\u00edneo).<\/p>\n<p>Se trata de un mineral fundamental para\u00a0<b>regular y controlar el equilibrio entre l\u00edquidos y electrolitos<\/b>.<\/p>\n<p>Su funci\u00f3n en el mantenimiento del volumen de l\u00edquido extracelular, la conducci\u00f3n de los impulsos nerviosos y la presi\u00f3n arterial, tambi\u00e9n habla de su papel crucial.<\/p>\n<p>100 ampollas de 20ml de suero fisiologico al 09<\/p>\n<p>Soluci\u00f3n inyectable.<\/p>\n<p>Osmolaridad: 308 mOsm\/l<br \/>\nF\u00f3rmula i\u00f3nica: cloruros: 154 mmol\/l<br \/>\nsodio: 154 mmol\/l<br \/>\npH entre 4,5 y 7,0<\/p>\n<p>Soluci\u00f3n transparente sin color y sin olor<\/p>\n<p>Una ampolla de polipropileno de 5 ml contiene 0,045 g de cloruro de sodio<br \/>\nUna ampolla de polipropileno de 10 ml contiene 0,09 g de cloruro de sodio<br \/>\nUna ampolla de polipropileno de 20 ml contiene 0,18 g de cloruro de sodio<\/p>\n","protected":false},"excerpt":{"rendered":"<p>Suero fisiologico 09% 20ml Biosano Cja x 100<\/p>\n<p><b>Se utiliza como aporte de electrolitos en los casos en los que exista deshidrataci\u00f3n con p\u00e9rdidas de sales<\/b>.<\/p>\n<p>En estados de hipovolemia (disminuci\u00f3n del volumen sangu\u00edneo).<\/p>\n<p>Se trata de un mineral fundamental para\u00a0<b>regular y controlar el equilibrio entre l\u00edquidos y electrolitos<\/b>.<\/p>\n<p>Su funci\u00f3n en el mantenimiento del volumen de l\u00edquido extracelular, la conducci\u00f3n de los impulsos nerviosos y la presi\u00f3n arterial, tambi\u00e9n habla de su papel crucial.<\/p>\n<p>100 ampollas de 20ml de suero fisiologico al 09<\/p>\n<p>Soluci\u00f3n inyectable.<\/p>\n<p>Osmolaridad: 308 mOsm\/l<br \/>\nF\u00f3rmula i\u00f3nica: cloruros: 154 mmol\/l<br \/>\nsodio: 154 mmol\/l<br \/>\npH entre 4,5 y 7,0<\/p>\n","protected":false},"featured_media":372,"comment_status":"open","ping_status":"closed","template":"","meta":{"_acf_changed":false},"product_brand":[1103],"product_cat":[94,456,455],"product_tag":[225,222,223,218,217,545],"class_list":{"0":"post-6673","1":"product","2":"type-product","3":"status-publish","4":"has-post-thumbnail","6":"product_brand-biosano","7":"product_cat-insumos-desechables","8":"product_cat-suero","9":"product_cat-sueros","10":"product_tag-20ml","11":"product_tag-ampolla","12":"product_tag-cloruro","13":"product_tag-cloruro-de-sodio","14":"product_tag-suero","15":"product_tag-suero-fisiologico","16":"product_shipping_class-pequeno","18":"first","19":"outofstock","20":"shipping-taxable","21":"purchasable","22":"product-type-simple"},"acf":[],"_links":{"self":[{"href":"https:\/\/deltamed.cl\/tienda\/wp-json\/wp\/v2\/product\/6673","targetHints":{"allow":["GET"]}}],"collection":[{"href":"https:\/\/deltamed.cl\/tienda\/wp-json\/wp\/v2\/product"}],"about":[{"href":"https:\/\/deltamed.cl\/tienda\/wp-json\/wp\/v2\/types\/product"}],"replies":[{"embeddable":true,"href":"https:\/\/deltamed.cl\/tienda\/wp-json\/wp\/v2\/comments?post=6673"}],"version-history":[{"count":5,"href":"https:\/\/deltamed.cl\/tienda\/wp-json\/wp\/v2\/product\/6673\/revisions"}],"predecessor-version":[{"id":13549,"href":"https:\/\/deltamed.cl\/tienda\/wp-json\/wp\/v2\/product\/6673\/revisions\/13549"}],"wp:featuredmedia":[{"embeddable":true,"href":"https:\/\/deltamed.cl\/tienda\/wp-json\/wp\/v2\/media\/372"}],"wp:attachment":[{"href":"https:\/\/deltamed.cl\/tienda\/wp-json\/wp\/v2\/media?parent=6673"}],"wp:term":[{"taxonomy":"product_brand","embeddable":true,"href":"https:\/\/deltamed.cl\/tienda\/wp-json\/wp\/v2\/product_brand?post=6673"},{"taxonomy":"product_cat","embeddable":true,"href":"https:\/\/deltamed.cl\/tienda\/wp-json\/wp\/v2\/product_cat?post=6673"},{"taxonomy":"product_tag","embeddable":true,"href":"https:\/\/deltamed.cl\/tienda\/wp-json\/wp\/v2\/product_tag?post=6673"}],"curies":[{"name":"wp","href":"https:\/\/api.w.org\/{rel}","templated":true}]}}