{"id":6648,"date":"2023-11-06T17:35:10","date_gmt":"2023-11-06T20:35:10","guid":{"rendered":"https:\/\/deltamed.cl\/tienda\/?post_type=product&#038;p=6648"},"modified":"2026-02-27T13:52:29","modified_gmt":"2026-02-27T16:52:29","slug":"silla-giratoria-para-tina","status":"publish","type":"product","link":"https:\/\/deltamed.cl\/tienda\/producto\/silla-giratoria-para-tina\/","title":{"rendered":"Silla giratoria para Tina"},"content":{"rendered":"<h2><strong>Silla giratoria par<\/strong><strong>a<\/strong>\u00a0tina<\/h2>\n<h2>Esta silla giratoria de ducha proporciona unas ventajas incre\u00edbles a la hora de la ducha: facilidad para acceder a la ba\u00f1era, comodidad y seguridad.<\/h2>\n<h3>Caracteristicas<\/h3>\n<ul>\n<li>Estructura giratoria de aluminio anodizado duradero<\/li>\n<li>Asiento amplio de pl\u00e1stico alta densidad, muy resistente.<\/li>\n<li>Estructura s\u00f3lida y segura.<\/li>\n<li>F\u00e1cil de transportar, quitar y poner en la ba\u00f1era.<\/li>\n<li>Giro completo en cualquier direcci\u00f3n.<\/li>\n<li>Palanca de bloqueo, para mantener el asiento fijado mientras la persona se esta duchando o cuando entra o sale del asiento.<\/li>\n<li>Se fija interiormente a la ba\u00f1era, sin necesidad de herramientas.<\/li>\n<li>Giro de 360\u00ba y 4 posiciones de bloqueo.<\/li>\n<li>Asiento y respaldo con agujeros de drenaje.<\/li>\n<li>Gran estabilidad.<\/li>\n<li>Reposabrazos extra\u00edbles.<\/li>\n<\/ul>\n<h3>Medidas<\/h3>\n<ul>\n<li>Altura total 53cm<\/li>\n<li>Largo total 52cm<\/li>\n<li>Ancho total 72cm<\/li>\n<li>Ancho del asiento 50cm<\/li>\n<li>Profundidad del asiento 42 cm.<\/li>\n<li>Altura del reposabrazos 19cm<\/li>\n<li>Peso unitario 3,8Kg<\/li>\n<li>Capacidad de peso 120 kg<\/li>\n<\/ul>\n<p><img fetchpriority=\"high\" decoding=\"async\" class=\"alignnone size-medium wp-image-7965\" src=\"https:\/\/deltamed.cl\/tienda\/wp-content\/uploads\/2023\/11\/Silla-giratoria-para-Tina-300x255.png\" alt=\"\" width=\"300\" height=\"255\" title=\"\" srcset=\"https:\/\/deltamed.cl\/tienda\/wp-content\/uploads\/2023\/11\/Silla-giratoria-para-Tina-300x255.png 300w, https:\/\/deltamed.cl\/tienda\/wp-content\/uploads\/2023\/11\/Silla-giratoria-para-Tina-1024x871.png 1024w, https:\/\/deltamed.cl\/tienda\/wp-content\/uploads\/2023\/11\/Silla-giratoria-para-Tina-768x654.png 768w, https:\/\/deltamed.cl\/tienda\/wp-content\/uploads\/2023\/11\/Silla-giratoria-para-Tina-600x511.png 600w, https:\/\/deltamed.cl\/tienda\/wp-content\/uploads\/2023\/11\/Silla-giratoria-para-Tina.png 1168w\" sizes=\"(max-width: 300px) 100vw, 300px\" \/><\/p>\n","protected":false},"excerpt":{"rendered":"<h2><strong>Silla giratoria par<\/strong><strong>a<\/strong>\u00a0tina<br \/>\n<strong>Liviana, fabricada en aluminio,<br \/>\nProporciona unas ventajas incre\u00edbles a la hora del ba\u00f1o, facilidad para acceder a la ba\u00f1era, comodidad, tranquilidad.<\/strong><\/h2>\n<p>Caracteristicas<\/p>\n<ul>\n<li>Estructura giratoria de aluminio anodizado duradero<\/li>\n<li>Asiento amplio de pl\u00e1stico alta densidad, muy resistente.<\/li>\n<li>Estructura s\u00f3lida y segura.<\/li>\n<li>F\u00e1cil de transportar, quitar y poner en la ba\u00f1era.<\/li>\n<li>Giro completo en cualquier direcci\u00f3n.<\/li>\n<li>Palanca de bloqueo, para mantener el asiento fijado mientras la persona se esta duchando o cuando entra o sale del asiento.<\/li>\n<li>Se fija interiormente a la ba\u00f1era, sin necesidad de herramientas.<\/li>\n<li>Giro de 360\u00ba y 4 posiciones de bloqueo.<\/li>\n<li>Asiento y respaldo con agujeros de drenaje.<\/li>\n<li>Gran estabilidad.<\/li>\n<li>Reposabrazos extra\u00edbles.<\/li>\n<\/ul>\n","protected":false},"featured_media":6652,"comment_status":"open","ping_status":"closed","template":"","meta":{"_acf_changed":false},"product_brand":[1091],"product_cat":[363],"product_tag":[486,26],"class_list":{"0":"post-6648","1":"product","2":"type-product","3":"status-publish","4":"has-post-thumbnail","6":"product_brand-deltamed","7":"product_cat-articulos-de-bano","8":"product_tag-ayudas-tecnicas","9":"product_tag-bano","10":"product_shipping_class-mediano","12":"first","13":"instock","14":"shipping-taxable","15":"purchasable","16":"product-type-simple"},"acf":[],"_links":{"self":[{"href":"https:\/\/deltamed.cl\/tienda\/wp-json\/wp\/v2\/product\/6648","targetHints":{"allow":["GET"]}}],"collection":[{"href":"https:\/\/deltamed.cl\/tienda\/wp-json\/wp\/v2\/product"}],"about":[{"href":"https:\/\/deltamed.cl\/tienda\/wp-json\/wp\/v2\/types\/product"}],"replies":[{"embeddable":true,"href":"https:\/\/deltamed.cl\/tienda\/wp-json\/wp\/v2\/comments?post=6648"}],"version-history":[{"count":5,"href":"https:\/\/deltamed.cl\/tienda\/wp-json\/wp\/v2\/product\/6648\/revisions"}],"predecessor-version":[{"id":18396,"href":"https:\/\/deltamed.cl\/tienda\/wp-json\/wp\/v2\/product\/6648\/revisions\/18396"}],"wp:featuredmedia":[{"embeddable":true,"href":"https:\/\/deltamed.cl\/tienda\/wp-json\/wp\/v2\/media\/6652"}],"wp:attachment":[{"href":"https:\/\/deltamed.cl\/tienda\/wp-json\/wp\/v2\/media?parent=6648"}],"wp:term":[{"taxonomy":"product_brand","embeddable":true,"href":"https:\/\/deltamed.cl\/tienda\/wp-json\/wp\/v2\/product_brand?post=6648"},{"taxonomy":"product_cat","embeddable":true,"href":"https:\/\/deltamed.cl\/tienda\/wp-json\/wp\/v2\/product_cat?post=6648"},{"taxonomy":"product_tag","embeddable":true,"href":"https:\/\/deltamed.cl\/tienda\/wp-json\/wp\/v2\/product_tag?post=6648"}],"curies":[{"name":"wp","href":"https:\/\/api.w.org\/{rel}","templated":true}]}}