{"id":6645,"date":"2023-11-06T17:14:41","date_gmt":"2023-11-06T20:14:41","guid":{"rendered":"https:\/\/deltamed.cl\/tienda\/?post_type=product&#038;p=6645"},"modified":"2026-02-27T13:30:46","modified_gmt":"2026-02-27T16:30:46","slug":"silla-transferencia-para-bano","status":"publish","type":"product","link":"https:\/\/deltamed.cl\/tienda\/producto\/silla-transferencia-para-bano\/","title":{"rendered":"Silla transferencia para ba\u00f1o"},"content":{"rendered":"<p><strong>Silla transferencia para ba\u00f1o dise\u00f1ada para el f\u00e1cil traslado de un paciente desde una silla de ruedas a la silla de ducha. Respaldo y apoya brazos intercambiables (lado derecho o izquierdo).<\/strong><\/p>\n<p><strong>Se ajusta a cualquier tipo de tina.<\/strong><\/p>\n<h3><strong>Caracter\u00edsticas:<\/strong><\/h3>\n<ul>\n<li>Marco de aluminio anodizado duradero.<\/li>\n<li>Asiento y respaldo moldeados por soplado.<\/li>\n<li>Con dos puntas de succi\u00f3n y dos puntas de goma para mayor seguridad.<\/li>\n<li>Asa lateral para mayor seguridad. Altura total regulable.<\/li>\n<\/ul>\n<p><strong>Medidas<\/strong><br \/>\nAltura total 85-97,5 cm<br \/>\nLargo total 58cm<br \/>\nAncho total 81cm<br \/>\nProfundidad del asiento 46 cm.<br \/>\nAncho del asiento 66cm<br \/>\nAltura del asiento 45-55cm<br \/>\nAltura del reposabrazos 20 cm<br \/>\nPeso unitario 4,5 kg<br \/>\nCapacidad de peso 136 kg<\/p>\n<div id=\"attachment_6647\" style=\"width: 216px\" class=\"wp-caption alignnone\"><img fetchpriority=\"high\" decoding=\"async\" aria-describedby=\"caption-attachment-6647\" class=\"size-medium wp-image-6647\" src=\"https:\/\/deltamed.cl\/tienda\/wp-content\/uploads\/2023\/11\/SILLA-DE-DUCHA-TRANSFERENCIA-BA397-206x300.jpg\" alt=\"Silla de transferencia para ba\u00f1o\" width=\"206\" height=\"300\" title=\"\" srcset=\"https:\/\/deltamed.cl\/tienda\/wp-content\/uploads\/2023\/11\/SILLA-DE-DUCHA-TRANSFERENCIA-BA397-206x300.jpg 206w, https:\/\/deltamed.cl\/tienda\/wp-content\/uploads\/2023\/11\/SILLA-DE-DUCHA-TRANSFERENCIA-BA397-600x873.jpg 600w, https:\/\/deltamed.cl\/tienda\/wp-content\/uploads\/2023\/11\/SILLA-DE-DUCHA-TRANSFERENCIA-BA397.jpg 604w\" sizes=\"(max-width: 206px) 100vw, 206px\" \/><p id=\"caption-attachment-6647\" class=\"wp-caption-text\">Silla de transferencia para ba\u00f1o<\/p><\/div>\n<p>&nbsp;<\/p>\n<h4>Beneficios<\/h4>\n<p>&nbsp;<\/p>\n<p>Al usar una silla de transferencias,\u00a0se evita tener que cargar o levantar a la persona, lo que puede reducir el riesgo de sufrir lesiones en la espalda o en otras partes del cuerpo.<\/p>\n<p>&nbsp;<\/p>\n","protected":false},"excerpt":{"rendered":"<p><strong>Silla transferencia para ba\u00f1o dise\u00f1ada para el f\u00e1cil traslado de un paciente desde una silla de ruedas a la silla de ducha. Respaldo y apoya brazos intercambiables (lado derecho o izquierdo).<\/strong><\/p>\n<p><strong>Se ajusta a cualquier tipo de tina.<\/strong><\/p>\n<p><span style=\"font-size: 18.72px\">Caracter\u00edsticas<\/span><strong>:<\/strong><\/p>\n<ul>\n<li>Marco de aluminio anodizado duradero.<\/li>\n<li>Asiento y respaldo moldeados por soplado.<\/li>\n<li>Con dos puntas de succi\u00f3n y dos puntas de goma para mayor seguridad.<\/li>\n<li>Asa lateral para mayor seguridad. Altura total regulable.<\/li>\n<\/ul>\n<h2><span style=\"color: #0000ff\"><strong>Envio gratis en Santiago<\/strong><\/span><\/h2>\n<p>Las siguientes comunas no aplican<\/p>\n<ul>\n<li>Alhu\u00e9<\/li>\n<li>Buin<\/li>\n<li>Calera de Tango<\/li>\n<li>Curacav\u00ed<\/li>\n<li>El Monte<\/li>\n<li>Isla de Maipo<\/li>\n<li>Lampa<\/li>\n<li>Mar\u00eda Pinto<\/li>\n<li>Melipilla<\/li>\n<li>Padre Hurtado<\/li>\n<li>Paine<\/li>\n<li>Pe\u00f1aflor<\/li>\n<li>Pirque<\/li>\n<li>San Jos\u00e9 de Maipo<\/li>\n<li>San Pedro<\/li>\n<li>Talagante<\/li>\n<li>Tiltil<\/li>\n<\/ul>\n","protected":false},"featured_media":6647,"comment_status":"open","ping_status":"closed","template":"","meta":{"_acf_changed":false},"product_brand":[1091],"product_cat":[23,363],"product_tag":[486,26,585],"class_list":{"0":"post-6645","1":"product","2":"type-product","3":"status-publish","4":"has-post-thumbnail","6":"product_brand-deltamed","7":"product_cat-ayudas-tecnicas-de-bano","8":"product_cat-articulos-de-bano","9":"product_tag-ayudas-tecnicas","10":"product_tag-bano","11":"product_tag-deltamed","12":"product_shipping_class-mediano","14":"first","15":"instock","16":"shipping-taxable","17":"purchasable","18":"product-type-simple"},"acf":[],"_links":{"self":[{"href":"https:\/\/deltamed.cl\/tienda\/wp-json\/wp\/v2\/product\/6645","targetHints":{"allow":["GET"]}}],"collection":[{"href":"https:\/\/deltamed.cl\/tienda\/wp-json\/wp\/v2\/product"}],"about":[{"href":"https:\/\/deltamed.cl\/tienda\/wp-json\/wp\/v2\/types\/product"}],"replies":[{"embeddable":true,"href":"https:\/\/deltamed.cl\/tienda\/wp-json\/wp\/v2\/comments?post=6645"}],"version-history":[{"count":4,"href":"https:\/\/deltamed.cl\/tienda\/wp-json\/wp\/v2\/product\/6645\/revisions"}],"predecessor-version":[{"id":13777,"href":"https:\/\/deltamed.cl\/tienda\/wp-json\/wp\/v2\/product\/6645\/revisions\/13777"}],"wp:featuredmedia":[{"embeddable":true,"href":"https:\/\/deltamed.cl\/tienda\/wp-json\/wp\/v2\/media\/6647"}],"wp:attachment":[{"href":"https:\/\/deltamed.cl\/tienda\/wp-json\/wp\/v2\/media?parent=6645"}],"wp:term":[{"taxonomy":"product_brand","embeddable":true,"href":"https:\/\/deltamed.cl\/tienda\/wp-json\/wp\/v2\/product_brand?post=6645"},{"taxonomy":"product_cat","embeddable":true,"href":"https:\/\/deltamed.cl\/tienda\/wp-json\/wp\/v2\/product_cat?post=6645"},{"taxonomy":"product_tag","embeddable":true,"href":"https:\/\/deltamed.cl\/tienda\/wp-json\/wp\/v2\/product_tag?post=6645"}],"curies":[{"name":"wp","href":"https:\/\/api.w.org\/{rel}","templated":true}]}}