{"id":664,"date":"2021-02-02T15:07:57","date_gmt":"2021-02-02T18:07:57","guid":{"rendered":"https:\/\/deltamed.cl\/tienda\/?post_type=product&#038;p=664"},"modified":"2026-02-27T07:15:54","modified_gmt":"2026-02-27T10:15:54","slug":"faja-clinica-4-bandas","status":"publish","type":"product","link":"https:\/\/deltamed.cl\/tienda\/producto\/faja-clinica-4-bandas\/","title":{"rendered":"Faja Cl\u00ednica 4 bandas"},"content":{"rendered":"<p>Faja Cl\u00ednica 4 bandas<\/p>\n<p>Faja abdominal de 4 bandas elasticadas que permite comprimir completamente el abdomen desde el borde de las costillas hasta la zona del pubis.<\/p>\n<p>Se ajusta al cuerpo con un sistema de velcro, Fabricaci\u00f3n Nacional.<\/p>\n<p>Soporte sacro-lumbar y abdominal confeccionado con cuatro bandas de el\u00e1stico afelpado libre de l\u00e1tex, su parte interna de algod\u00f3n y ajustable con cierre de contacto.<\/p>\n<p><strong>Se recomienda el uso de este producto para:<\/strong><\/p>\n<ul>\n<li>Post-operatorio de cirug\u00edas abdominales<\/li>\n<li>Hernias abdominales<\/li>\n<li>Pacientes sometidos a abdominoplastia y liposucci\u00f3n<\/li>\n<\/ul>\n<p><strong>Composici\u00f3n:<\/strong><\/p>\n<ul>\n<li>El\u00e1stico : 21% Nylon<\/li>\n<li>El\u00e1stico libre de l\u00e1tex : 73% Poli\u00e9ster \/ 6% Spandex<\/li>\n<li>Velcro : 100% Nylon<\/li>\n<\/ul>\n<p>&nbsp;<\/p>\n<table border=\"0\">\n<tbody>\n<tr>\n<th>Tabla de Medidas<\/th>\n<th>S<\/th>\n<th>M<\/th>\n<th>L<\/th>\n<th>XL<\/th>\n<\/tr>\n<tr>\n<td>Contorno de Cadera (cm)<\/td>\n<td>90 o menos<\/td>\n<td>90 &#8211; 100<\/td>\n<td>100 &#8211; 110<\/td>\n<td>110 &#8211; 135<\/td>\n<\/tr>\n<\/tbody>\n<\/table>\n<p>&nbsp;<\/p>\n","protected":false},"excerpt":{"rendered":"<p>Faja Cl\u00ednica 4 bandas<\/p>\n<p>Faja abdominal de 4 bandas elasticadas que permite comprimir completamente el abdomen desde el borde de las costillas hasta la zona del pubis.<\/p>\n<p>Se ajusta al cuerpo con un sistema de velcro, Fabricaci\u00f3n Nacional.<\/p>\n<p>Soporte sacro-lumbar y abdominal confeccionado con cuatro bandas de el\u00e1stico afelpado libre de l\u00e1tex, su parte interna de algod\u00f3n y ajustable con cierre de contacto.<\/p>\n","protected":false},"featured_media":743,"comment_status":"open","ping_status":"closed","template":"","meta":{"_acf_changed":false},"product_brand":[],"product_cat":[235],"product_tag":[],"class_list":{"0":"post-664","1":"product","2":"type-product","3":"status-publish","4":"has-post-thumbnail","6":"product_cat-ortopedia","7":"product_shipping_class-pequeno","9":"first","10":"outofstock","11":"shipping-taxable","12":"purchasable","13":"product-type-variable"},"acf":[],"_links":{"self":[{"href":"https:\/\/deltamed.cl\/tienda\/wp-json\/wp\/v2\/product\/664","targetHints":{"allow":["GET"]}}],"collection":[{"href":"https:\/\/deltamed.cl\/tienda\/wp-json\/wp\/v2\/product"}],"about":[{"href":"https:\/\/deltamed.cl\/tienda\/wp-json\/wp\/v2\/types\/product"}],"replies":[{"embeddable":true,"href":"https:\/\/deltamed.cl\/tienda\/wp-json\/wp\/v2\/comments?post=664"}],"version-history":[{"count":1,"href":"https:\/\/deltamed.cl\/tienda\/wp-json\/wp\/v2\/product\/664\/revisions"}],"predecessor-version":[{"id":7038,"href":"https:\/\/deltamed.cl\/tienda\/wp-json\/wp\/v2\/product\/664\/revisions\/7038"}],"wp:featuredmedia":[{"embeddable":true,"href":"https:\/\/deltamed.cl\/tienda\/wp-json\/wp\/v2\/media\/743"}],"wp:attachment":[{"href":"https:\/\/deltamed.cl\/tienda\/wp-json\/wp\/v2\/media?parent=664"}],"wp:term":[{"taxonomy":"product_brand","embeddable":true,"href":"https:\/\/deltamed.cl\/tienda\/wp-json\/wp\/v2\/product_brand?post=664"},{"taxonomy":"product_cat","embeddable":true,"href":"https:\/\/deltamed.cl\/tienda\/wp-json\/wp\/v2\/product_cat?post=664"},{"taxonomy":"product_tag","embeddable":true,"href":"https:\/\/deltamed.cl\/tienda\/wp-json\/wp\/v2\/product_tag?post=664"}],"curies":[{"name":"wp","href":"https:\/\/api.w.org\/{rel}","templated":true}]}}