{"id":6572,"date":"2023-10-26T19:04:02","date_gmt":"2023-10-26T22:04:02","guid":{"rendered":"https:\/\/deltamed.cl\/tienda\/?post_type=product&#038;p=6572"},"modified":"2026-02-27T13:30:46","modified_gmt":"2026-02-27T16:30:46","slug":"baston-con-asiento-plegable-ca-239","status":"publish","type":"product","link":"https:\/\/deltamed.cl\/tienda\/producto\/baston-con-asiento-plegable-ca-239\/","title":{"rendered":"Bast\u00f3n con asiento plegable  CA 239"},"content":{"rendered":"<p><strong>Bast\u00f3n con asiento plegable\u00a0 CA 239<\/strong><\/p>\n<ul>\n<li><strong>Para personas de movilidad reducida: <\/strong>dise\u00f1o plegable, port\u00e1til, pr\u00e1ctico y ajustable.<\/li>\n<li><strong>F\u00e1cil de usar: <\/strong>proporciona un asiento c\u00f3modo para descansar cuando est\u00e1 abierto, y un bast\u00f3n de apoyo resistente cuando est\u00e1 cerrado.<\/li>\n<li><strong>C\u00f3modo: <\/strong>mango antideslizante para una sensaci\u00f3n y uso c\u00f3modo. Asiento c\u00f3modo, antideslizante y resistente; las tres patas tienen regatones de pl\u00e1sticos resistentes, fuertes y estables.<\/li>\n<\/ul>\n<ul>\n<li>Material de aleaci\u00f3n de aluminio, duradero. Los tubos de aleaci\u00f3n de aluminio son gruesos y ampliados, el perno de junta est\u00e1 hecho de aluminio grueso s\u00f3lido en lugar de resina para evitar cualquier posible rotura o colapso<\/li>\n<\/ul>\n<p><strong>Especificaci\u00f3n<\/strong><\/p>\n<ul>\n<li>Bast\u00f3n de 3 patas para mayor estabilidad en el uso.<\/li>\n<li>Altura m\u00ednima 73 cm \u2013 m\u00e1xima 85 cm<\/li>\n<li>Color caf\u00e9<\/li>\n<li>Superficie asiento: 20.5 cms x 24.5 cms\u00a0 x 1 cms<\/li>\n<li>Regatones antideslizantes.<\/li>\n<li>Peso: aprox. 912 g.<\/li>\n<li>Caja 6 x 80 x 27 cm.<\/li>\n<\/ul>\n","protected":false},"excerpt":{"rendered":"<p><strong>Bast\u00f3n con asiento plegable\u00a0 CA 239<\/strong><\/p>\n<ul>\n<li><strong>Para personas de movilidad reducida: <\/strong>dise\u00f1o plegable, port\u00e1til, pr\u00e1ctico y ajustable.<\/li>\n<li><strong>F\u00e1cil de usar: <\/strong>proporciona un asiento c\u00f3modo para descansar cuando est\u00e1 abierto, y un bast\u00f3n de apoyo resistente cuando est\u00e1 cerrado.<\/li>\n<li><strong>C\u00f3modo: <\/strong>mango antideslizante para una sensaci\u00f3n y uso c\u00f3modo. Asiento c\u00f3modo, antideslizante y resistente; las tres patas tienen regatones de pl\u00e1sticos resistentes, fuertes y estables.<\/li>\n<\/ul>\n<ul>\n<li><strong>Material<\/strong> de aleaci\u00f3n de aluminio, duradero. Los tubos de aleaci\u00f3n de aluminio son gruesos y ampliados, el perno de junta est\u00e1 hecho de aluminio grueso s\u00f3lido en lugar de resina para evitar cualquier posible rotura o colapso<\/li>\n<\/ul>\n","protected":false},"featured_media":6577,"comment_status":"open","ping_status":"closed","template":"","meta":{"_acf_changed":false},"product_brand":[1091],"product_cat":[23,368],"product_tag":[486,585],"class_list":{"0":"post-6572","1":"product","2":"type-product","3":"status-publish","4":"has-post-thumbnail","6":"product_brand-deltamed","7":"product_cat-ayudas-tecnicas-de-bano","8":"product_cat-bastones","9":"product_tag-ayudas-tecnicas","10":"product_tag-deltamed","11":"product_shipping_class-pequeno","13":"first","14":"instock","15":"shipping-taxable","16":"purchasable","17":"product-type-simple"},"acf":[],"_links":{"self":[{"href":"https:\/\/deltamed.cl\/tienda\/wp-json\/wp\/v2\/product\/6572","targetHints":{"allow":["GET"]}}],"collection":[{"href":"https:\/\/deltamed.cl\/tienda\/wp-json\/wp\/v2\/product"}],"about":[{"href":"https:\/\/deltamed.cl\/tienda\/wp-json\/wp\/v2\/types\/product"}],"replies":[{"embeddable":true,"href":"https:\/\/deltamed.cl\/tienda\/wp-json\/wp\/v2\/comments?post=6572"}],"version-history":[{"count":1,"href":"https:\/\/deltamed.cl\/tienda\/wp-json\/wp\/v2\/product\/6572\/revisions"}],"predecessor-version":[{"id":12481,"href":"https:\/\/deltamed.cl\/tienda\/wp-json\/wp\/v2\/product\/6572\/revisions\/12481"}],"wp:featuredmedia":[{"embeddable":true,"href":"https:\/\/deltamed.cl\/tienda\/wp-json\/wp\/v2\/media\/6577"}],"wp:attachment":[{"href":"https:\/\/deltamed.cl\/tienda\/wp-json\/wp\/v2\/media?parent=6572"}],"wp:term":[{"taxonomy":"product_brand","embeddable":true,"href":"https:\/\/deltamed.cl\/tienda\/wp-json\/wp\/v2\/product_brand?post=6572"},{"taxonomy":"product_cat","embeddable":true,"href":"https:\/\/deltamed.cl\/tienda\/wp-json\/wp\/v2\/product_cat?post=6572"},{"taxonomy":"product_tag","embeddable":true,"href":"https:\/\/deltamed.cl\/tienda\/wp-json\/wp\/v2\/product_tag?post=6572"}],"curies":[{"name":"wp","href":"https:\/\/api.w.org\/{rel}","templated":true}]}}