{"id":652,"date":"2021-01-20T16:24:27","date_gmt":"2021-01-20T19:24:27","guid":{"rendered":"https:\/\/deltamed.cl\/tienda\/?post_type=product&#038;p=652"},"modified":"2026-02-27T07:15:54","modified_gmt":"2026-02-27T10:15:54","slug":"monitor-de-signos-vitales-heal-force-classic-90","status":"publish","type":"product","link":"https:\/\/deltamed.cl\/tienda\/producto\/monitor-de-signos-vitales-heal-force-classic-90\/","title":{"rendered":"Monitor de Signos Vitales Heal Force Classic 90"},"content":{"rendered":"<p>Monitor de Signos Vitales Heal Force Classic 90<\/p>\n<p>Monitor de paciente asequible dise\u00f1ado para la evaluaci\u00f3n simple y<br \/>\nprecisa de los signos vitales o el monitoreo continuo. Puede medir<br \/>\npar\u00e1metros de SpO2 (Saturaci\u00f3n de ox\u00edgeno), PNI (Presi\u00f3n sangu\u00ednea no<br \/>\ninvasiva), pulso, temperatura, etc.<br \/>\n\u2022 Cuenta con una pantalla LCD para ECG y formas de onda de<br \/>\nrespiraci\u00f3n.<br \/>\n\u2022 El monitor de signos vitales viene con una gran pantalla LED en color<br \/>\nque permite a los usuarios ver claramente todos los valores.<br \/>\n\u2022 La tecnolog\u00eda Nellcor SpO2 es opcional.<br \/>\n\u2022 Los l\u00edmites de alarma son ajustables.<br \/>\n\u2022 El monitor de signos vitales ofrece la funci\u00f3n de llamada enfermera.<br \/>\n\u2022 Puede almacenar hasta 12000 grupos de datos NIBP.<br \/>\n\u2022 M\u00e9todo de medida Oscilom\u00e9trico<br \/>\n\u2022 Dimensiones 168mm(D)\u00d7172mm(W)\u00d7242mm(H)<br \/>\n\u2022 Peso neto 2.4Kg<br \/>\n\u2022 Peso bruto 4.7Kg<\/p>\n<p>&nbsp;<\/p>\n<p style=\"font-weight: 400\"><b><strong>El monitor de signos vitales es un monitor de paciente asequible dise\u00f1ado para la evaluaci\u00f3n simple y precisa de los signos vitales o el monitoreo continuo.<\/strong><\/b><\/p>\n<p style=\"font-weight: 400\"><b><strong>Caracter\u00edsticas<\/strong><\/b><\/p>\n<table style=\"font-weight: 400\" width=\"960\">\n<tbody>\n<tr>\n<td colspan=\"4\">Presi\u00f3n sangu\u00ednea no invasiva (PNI)<\/td>\n<\/tr>\n<tr>\n<td colspan=\"2\">M\u00e9todo de medida<\/td>\n<td>Oscilometrico<\/td>\n<td><\/td>\n<\/tr>\n<tr>\n<td colspan=\"2\" rowspan=\"2\">Tipo de pu\u00f1o<\/td>\n<td>Est\u00e1ndar<\/td>\n<td>Adulto,ta<\/td>\n<\/tr>\n<tr>\n<td>Opcional<\/td>\n<td>Pedi\u00e1trica,ca o Neonatal<\/td>\n<\/tr>\n<tr>\n<td colspan=\"2\">Tiempo de inflaci\u00f3n<\/td>\n<td colspan=\"2\">\u2264 10 sec (Typical Adult Cuff)<\/td>\n<\/tr>\n<tr>\n<td colspan=\"2\" rowspan=\"3\">Presi\u00f3n de inflado de manguito inicial predeterminada<\/td>\n<td>Adulto, ta<\/td>\n<td>180mmHg<\/td>\n<\/tr>\n<tr>\n<td>Pedi\u00e1trico, ca<\/td>\n<td>120mmHg<\/td>\n<\/tr>\n<tr>\n<td>Neonatal<\/td>\n<td>90mmHg<\/td>\n<\/tr>\n<tr>\n<td colspan=\"2\" rowspan=\"3\">L\u00edmite de protecci\u00f3n de sobrepresi\u00f3n<\/td>\n<td>Adulto, ta<\/td>\n<td>300mmHg<\/td>\n<\/tr>\n<tr>\n<td>Pedi\u00e1trico, ca<\/td>\n<td>240mmHg<\/td>\n<\/tr>\n<tr>\n<td>Neonatal<\/td>\n<td>145mmHg<\/td>\n<\/tr>\n<tr>\n<td rowspan=\"9\">Rango de medici\u00f3n<\/td>\n<td rowspan=\"3\">Sist\u00f3lico<\/td>\n<td>Adulto, ta<\/td>\n<td>40-275mmHg<\/td>\n<\/tr>\n<tr>\n<td>Pedi\u00e1trico, ca<\/td>\n<td>40-200mmHg<\/td>\n<\/tr>\n<tr>\n<td>Reci\u00e9n nacido<\/td>\n<td>40-135mmHg<\/td>\n<\/tr>\n<tr>\n<td rowspan=\"3\">Diast\u00f3lico<\/td>\n<td>Adulto, ta<\/td>\n<td>10-210mmHg<\/td>\n<\/tr>\n<tr>\n<td>Pedi\u00e1trico, ca<\/td>\n<td>10-150mmHg<\/td>\n<\/tr>\n<tr>\n<td>Reci\u00e9n nacido<\/td>\n<td>10-95mmHg<\/td>\n<\/tr>\n<tr>\n<td rowspan=\"3\">MAP<\/td>\n<td>Adulto, ta<\/td>\n<td>20-230mmHg<\/td>\n<\/tr>\n<tr>\n<td>Pedi\u00e1trico, ca<\/td>\n<td>20-165mmHg<\/td>\n<\/tr>\n<tr>\n<td>Reci\u00e9n nacido<\/td>\n<td>20-110mmHg<\/td>\n<\/tr>\n<tr>\n<td colspan=\"2\" rowspan=\"2\">Precisi\u00f3n de la medici\u00f3n<\/td>\n<td>Media diferencia<\/td>\n<td>\u2264 \u00b15mmHg<\/td>\n<\/tr>\n<tr>\n<td>Desviaci\u00f3n est\u00e1ndar<\/td>\n<td>\u2264 8mmHg<\/td>\n<\/tr>\n<tr>\n<td colspan=\"2\">Modo de medici\u00f3n<\/td>\n<td colspan=\"2\">Manual, Auto &amp; STAT<\/td>\n<\/tr>\n<tr>\n<td colspan=\"2\">Ciclo de Modo Auto<\/td>\n<td>Rango de Ajuste<\/td>\n<td>1-480minutes<\/td>\n<\/tr>\n<tr>\n<td colspan=\"4\">Saturaci\u00f3n de ox\u00edgeno (SpO2)<\/td>\n<\/tr>\n<tr>\n<td colspan=\"2\">M\u00e9todo<\/td>\n<td colspan=\"2\">\u00d3ptica de doble longitud de onda<\/td>\n<\/tr>\n<tr>\n<td colspan=\"2\">Rango de medici\u00f3n<\/td>\n<td colspan=\"2\">1-100%<\/td>\n<\/tr>\n<tr>\n<td colspan=\"2\" rowspan=\"2\">Precisi\u00f3n de la medici\u00f3n<\/td>\n<td colspan=\"2\">Brazos\u2264 3% al 70% -100%<\/td>\n<\/tr>\n<tr>\n<td colspan=\"2\">(Los brazos est\u00e1n definidos en ISO 9919)<\/td>\n<\/tr>\n<tr>\n<td colspan=\"4\">La frecuencia del pulso<\/td>\n<\/tr>\n<tr>\n<td colspan=\"2\" rowspan=\"2\">La frecuencia del pulso<\/td>\n<td>30-250 bpm<\/td>\n<td rowspan=\"2\">el que sea mayor<\/td>\n<\/tr>\n<tr>\n<td>\u00b12bpm or \u00b12%<\/td>\n<\/tr>\n<tr>\n<td colspan=\"4\">Otros<\/td>\n<\/tr>\n<tr>\n<td colspan=\"2\">Temperatura ambiente<\/td>\n<td>5-40\u2103<\/td>\n<td><\/td>\n<\/tr>\n<tr>\n<td colspan=\"2\">Humedad relativa<\/td>\n<td colspan=\"2\">15%-90% (sin condensaci\u00f3n)<\/td>\n<\/tr>\n<tr>\n<td colspan=\"2\">Presi\u00f3n atmosf\u00e9rica<\/td>\n<td colspan=\"2\">70-106kPa<\/td>\n<\/tr>\n<tr>\n<td colspan=\"2\">Voltaje de la fuente de alimentaci\u00f3n<\/td>\n<td colspan=\"2\">100-240VAC<\/td>\n<\/tr>\n<tr>\n<td colspan=\"2\">Frecuencia de la fuente de alimentaci\u00f3n<\/td>\n<td colspan=\"2\">50\/60Hz<\/td>\n<\/tr>\n<tr>\n<td colspan=\"4\">Tama\u00f1o y peso del producto<\/td>\n<\/tr>\n<tr>\n<td colspan=\"2\">Dimensiones<\/td>\n<td colspan=\"2\">168mm(D)\u00d7172mm(W)\u00d7242mm(H)<\/td>\n<\/tr>\n<tr>\n<td colspan=\"2\">Peso neto<\/td>\n<td colspan=\"2\">2.4Kg<\/td>\n<\/tr>\n<tr>\n<td colspan=\"2\">Peso bruto<\/td>\n<td colspan=\"2\">4.7Kg<\/td>\n<\/tr>\n<\/tbody>\n<\/table>\n","protected":false},"excerpt":{"rendered":"<p>Monitor de Signos Vitales Heal Force Classic 90<\/p>\n<p>Monitor de paciente asequible dise\u00f1ado para la evaluaci\u00f3n simple y<br \/>\nprecisa de los signos vitales o el monitoreo continuo. Puede medir<br \/>\npar\u00e1metros de SpO2 (Saturaci\u00f3n de ox\u00edgeno), PNI (Presi\u00f3n sangu\u00ednea no<br \/>\ninvasiva), pulso, temperatura, etc.<\/p>\n","protected":false},"featured_media":653,"comment_status":"open","ping_status":"closed","template":"","meta":{"_acf_changed":false},"product_brand":[],"product_cat":[15,358],"product_tag":[84],"class_list":{"0":"post-652","1":"product","2":"type-product","3":"status-publish","4":"has-post-thumbnail","6":"product_cat-medicion-y-diagnostico","7":"product_cat-monitor-de-signos-vitales","8":"product_tag-heal-force","9":"product_shipping_class-pequeno","11":"first","12":"instock","13":"shipping-taxable","14":"purchasable","15":"product-type-simple"},"acf":[],"_links":{"self":[{"href":"https:\/\/deltamed.cl\/tienda\/wp-json\/wp\/v2\/product\/652","targetHints":{"allow":["GET"]}}],"collection":[{"href":"https:\/\/deltamed.cl\/tienda\/wp-json\/wp\/v2\/product"}],"about":[{"href":"https:\/\/deltamed.cl\/tienda\/wp-json\/wp\/v2\/types\/product"}],"replies":[{"embeddable":true,"href":"https:\/\/deltamed.cl\/tienda\/wp-json\/wp\/v2\/comments?post=652"}],"version-history":[{"count":2,"href":"https:\/\/deltamed.cl\/tienda\/wp-json\/wp\/v2\/product\/652\/revisions"}],"predecessor-version":[{"id":13000,"href":"https:\/\/deltamed.cl\/tienda\/wp-json\/wp\/v2\/product\/652\/revisions\/13000"}],"wp:featuredmedia":[{"embeddable":true,"href":"https:\/\/deltamed.cl\/tienda\/wp-json\/wp\/v2\/media\/653"}],"wp:attachment":[{"href":"https:\/\/deltamed.cl\/tienda\/wp-json\/wp\/v2\/media?parent=652"}],"wp:term":[{"taxonomy":"product_brand","embeddable":true,"href":"https:\/\/deltamed.cl\/tienda\/wp-json\/wp\/v2\/product_brand?post=652"},{"taxonomy":"product_cat","embeddable":true,"href":"https:\/\/deltamed.cl\/tienda\/wp-json\/wp\/v2\/product_cat?post=652"},{"taxonomy":"product_tag","embeddable":true,"href":"https:\/\/deltamed.cl\/tienda\/wp-json\/wp\/v2\/product_tag?post=652"}],"curies":[{"name":"wp","href":"https:\/\/api.w.org\/{rel}","templated":true}]}}