{"id":6502,"date":"2023-10-13T12:19:18","date_gmt":"2023-10-13T15:19:18","guid":{"rendered":"https:\/\/deltamed.cl\/tienda\/?post_type=product&#038;p=6502"},"modified":"2026-04-17T15:58:24","modified_gmt":"2026-04-17T18:58:24","slug":"aquacel-ag-extra-2-x-45-cm-convatec","status":"publish","type":"product","link":"https:\/\/deltamed.cl\/tienda\/producto\/aquacel-ag-extra-2-x-45-cm-convatec\/","title":{"rendered":"Aquacel ag+ extra 2 x 45 cm Convatec"},"content":{"rendered":"<p>Aquacel ag+ extra 2 x 45 cm Convatec<\/p>\n<p><strong>FECHA DE VENCIMIENTO 03-2024<\/strong><\/p>\n<p>Ese ap\u00f3sito<strong> Aquacel ag+ extra 2 x 45 cm Convatec tipo Mecha<\/strong>\u00a0 absorbe grandes cantidades de fluido de la herida y bacterias, creando un gel suave y cohesivo que se adapta \u00edntimamente a la superficie de la herida, mantiene un ambiente h\u00famedo y ayuda a la retirada del tejido no viable de la herida (desbridamiento autol\u00edtico). Un ambiente h\u00famedo para la cicatrizaci\u00f3n y un control bacteriano de la herida que favorece el proceso de cicatrizaci\u00f3n natural ayudando a reducir el riesgo de infecci\u00f3n en la herida. La plata i\u00f3nica en el ap\u00f3sito elimina los microorganismos pat\u00f3genos, en forma planct\u00f3nica y\/o biofilm, incluyendo las bacterias de la herida, levaduras y hongos.<br \/>\nEl ap\u00f3sito tambi\u00e9n rompe y absorbe el biofilm, previene la formaci\u00f3n\/repoblaci\u00f3n del biofilm y aumenta la eficiencia en la transferencia de plata a los microorganismos. El ap\u00f3sito tambi\u00e9n provee una barrera antimicrobiana y protege el lecho de la herida.\u00bb<\/p>\n<p>AQUACEL\u2122 Ag+ Ap\u00f3sito en Mecha Mejorado de hydrofiber con Plata y Fibra de Refuerzo es un ap\u00f3sito en mecha suave, est\u00e9ril, no tejido compuesto de una capa de carboximetilcelulosa s\u00f3dica impregnadas con un 1,2% de plata i\u00f3nica (un agente antimicrobiano), realzado por una sal dis\u00f3dica del \u00e1cido etilendiaminotetraac\u00e9tico (EDTA) m\u00e1s cloruro de benzetonio (BeCI), y reforzado por fibra de celulosa regenerada.<\/p>\n<p>INDICACIONES<\/p>\n<p>El ap\u00f3sito AQUACEL\u2122 Ag+, ap\u00f3sito potenciado de hydrofiber en cinta con plata y fibra reforzante,<br \/>\npuede ser utilizado para el manejo de:<\/p>\n<ul>\n<li>Heridas donde hay una infecci\u00f3n o un elevado riesgo de infecci\u00f3n<\/li>\n<li>Heridas de pie diab\u00e9tico, \u00falceras vasculares (\u00falceras por \u00e9stasis venoso, \u00falceras arteriales y \u00falceras de etiolog\u00eda mixta)<br \/>\ny \u00falceras por presi\u00f3n (de espesor parcial y total)<\/li>\n<li>Heridas quir\u00fargicas Heridas traum\u00e1ticas<\/li>\n<li>Heridas con propensi\u00f3n al sangrado, tales como heridas que han sido desbridadas mec\u00e1nica o quir\u00fargicamente<\/li>\n<li>Heridas oncol\u00f3gicas con exudado, tales como tumores fungoides cut\u00e1neos, carcinoma fungoide, met\u00e1stasis cut\u00e1neas, sarcoma de Kaposi y angiosarcoma.<\/li>\n<li>Heridas donde se tiene sospecha de presencia bacteriana a causa de la<br \/>\ncronicidad \/ no progresi\u00f3n.<\/li>\n<li>Heridas cavitadas y profundas incluyendo sinus, y heridas tunelizadas<\/li>\n<\/ul>\n","protected":false},"excerpt":{"rendered":"<p>Aquacel ag+ extra 2 x 45 cm Convatec<\/p>\n<p><strong>FECHA DE VENCIMIENTO 01-03-2024<\/strong><\/p>\n<p>Ese ap\u00f3sito absorbe grandes cantidades de fluido de la herida y bacterias, creando un gel suave y cohesivo que se adapta \u00edntimamente a la superficie de la herida, mantiene un ambiente h\u00famedo y ayuda a la retirada del tejido no viable de la herida (desbridamiento autol\u00edtico). Un ambiente h\u00famedo para la cicatrizaci\u00f3n y un control bacteriano de la herida que favorece el proceso de cicatrizaci\u00f3n natural ayudando a reducir el riesgo de infecci\u00f3n en la herida. La plata i\u00f3nica en el ap\u00f3sito elimina los microorganismos pat\u00f3genos, en forma planct\u00f3nica y\/o biofilm, incluyendo las bacterias de la herida, levaduras y hongos.<br \/>\nEl ap\u00f3sito tambi\u00e9n rompe y absorbe el biofilm, previene la formaci\u00f3n\/repoblaci\u00f3n del biofilm y aumenta la eficiencia en la transferencia de plata a los microorganismos. El ap\u00f3sito tambi\u00e9n provee una barrera antimicrobiana y protege el lecho de la herida.\u00bb<\/p>\n","protected":false},"featured_media":6507,"comment_status":"open","ping_status":"closed","template":"","meta":{"_acf_changed":false},"product_brand":[1089],"product_cat":[36,395],"product_tag":[24,107,209,159,105,122,108],"class_list":{"0":"post-6502","1":"product","2":"type-product","3":"status-publish","4":"has-post-thumbnail","6":"product_brand-convatec","7":"product_cat-tratamiento-de-herida","8":"product_cat-apositos","9":"product_tag-adulto-mayor","10":"product_tag-aposito","11":"product_tag-cinta","12":"product_tag-convatec","13":"product_tag-escara","14":"product_tag-herida","15":"product_tag-heridas","16":"product_shipping_class-extra-pequeno","18":"first","19":"instock","20":"shipping-taxable","21":"purchasable","22":"product-type-simple"},"acf":[],"_links":{"self":[{"href":"https:\/\/deltamed.cl\/tienda\/wp-json\/wp\/v2\/product\/6502","targetHints":{"allow":["GET"]}}],"collection":[{"href":"https:\/\/deltamed.cl\/tienda\/wp-json\/wp\/v2\/product"}],"about":[{"href":"https:\/\/deltamed.cl\/tienda\/wp-json\/wp\/v2\/types\/product"}],"replies":[{"embeddable":true,"href":"https:\/\/deltamed.cl\/tienda\/wp-json\/wp\/v2\/comments?post=6502"}],"version-history":[{"count":3,"href":"https:\/\/deltamed.cl\/tienda\/wp-json\/wp\/v2\/product\/6502\/revisions"}],"predecessor-version":[{"id":12479,"href":"https:\/\/deltamed.cl\/tienda\/wp-json\/wp\/v2\/product\/6502\/revisions\/12479"}],"wp:featuredmedia":[{"embeddable":true,"href":"https:\/\/deltamed.cl\/tienda\/wp-json\/wp\/v2\/media\/6507"}],"wp:attachment":[{"href":"https:\/\/deltamed.cl\/tienda\/wp-json\/wp\/v2\/media?parent=6502"}],"wp:term":[{"taxonomy":"product_brand","embeddable":true,"href":"https:\/\/deltamed.cl\/tienda\/wp-json\/wp\/v2\/product_brand?post=6502"},{"taxonomy":"product_cat","embeddable":true,"href":"https:\/\/deltamed.cl\/tienda\/wp-json\/wp\/v2\/product_cat?post=6502"},{"taxonomy":"product_tag","embeddable":true,"href":"https:\/\/deltamed.cl\/tienda\/wp-json\/wp\/v2\/product_tag?post=6502"}],"curies":[{"name":"wp","href":"https:\/\/api.w.org\/{rel}","templated":true}]}}