{"id":649,"date":"2021-01-21T12:56:14","date_gmt":"2021-01-21T15:56:14","guid":{"rendered":"https:\/\/deltamed.cl\/tienda\/?post_type=product&#038;p=649"},"modified":"2026-03-06T16:29:57","modified_gmt":"2026-03-06T19:29:57","slug":"silla-de-ruedas-neurologica-sw30","status":"publish","type":"product","link":"https:\/\/deltamed.cl\/tienda\/producto\/silla-de-ruedas-neurologica-sw30\/","title":{"rendered":"Silla de ruedas neurol\u00f3gica SW30"},"content":{"rendered":"<p>Silla de ruedas neurol\u00f3gica SW30<\/p>\n<p>Silla de ruedas neurol\u00f3gica sw30, estructura de acero cromado, con apoya cabeza desmontable que incluye coj\u00edn. Cuenta con distintos niveles de reclinado a trav\u00e9s de manillas, y apoyapi\u00e9 regulable en altura, dando la posibilidad que el paciente quede completamente acostado.<\/p>\n<p>Del mismo modo, cuenta con tapiz acolchado en tela de tevinil, posee protectores laterales para evitar la suciedad, sus ruedas macizas no requieren mantenimiento. Tiene incorporado un sistema de frenos tipo palanca y pedal trasero, para levantar la silla de ruedas ante obst\u00e1culos.<\/p>\n<ul>\n<li>Silla de ruedas reclinable y plegable<\/li>\n<li>Apoya cabeza desmontable<\/li>\n<li>Ruedas delanteras de pvc de 8&#8243;rueda<\/li>\n<li>Trasera maciza de 24&#8243;<\/li>\n<li>Apoyabrazos desmontable<\/li>\n<li>Reposapi\u00e9 desmontable y regulable en altura<\/li>\n<li>Resiste pacientes de hasta 100kg tapiz de tevinil<\/li>\n<li>Estructura de acero cromado<\/li>\n<li>Empaque de 1pc \/ cart\u00f3n : 97x 30&#215;90 cmg.w \/ n.w: 28\/26kg<\/li>\n<li>Ancho del asiento: 45cm<\/li>\n<li>Ancho total de la silla: 68cm<\/li>\n<li>DESPACHO GRATIS EN SANTIAGO<\/li>\n<\/ul>\n","protected":false},"excerpt":{"rendered":"<p>Silla de ruedas neurol\u00f3gica SW30<\/p>\n<p>Silla de ruedas neurol\u00f3gica sw30, estructura de acero cromado, con apoya cabeza desmontable que incluye coj\u00edn. Cuenta con distintos niveles de reclinado a trav\u00e9s de manillas, y apoyapi\u00e9 regulable en altura, dando la posibilidad que el paciente quede completamente acostado.<\/p>\n<p>Del mismo modo, cuenta con tapiz acolchado en tela de tevinil, posee protectores laterales para evitar la suciedad, sus ruedas macizas no requieren mantenimiento. Tiene incorporado un sistema de frenos tipo palanca y pedal trasero, para levantar la silla de ruedas ante obst\u00e1culos.<\/p>\n<h2><span style=\"color: #0000ff\"><strong>Envio gratis en Santiago<\/strong><\/span><\/h2>\n<p>Las siguientes comunas no aplican<\/p>\n<ul>\n<li>Alhu\u00e9<\/li>\n<li>Buin<\/li>\n<li>Calera de Tango<\/li>\n<li>Curacav\u00ed<\/li>\n<li>El Monte<\/li>\n<li>Isla de Maipo<\/li>\n<li>Lampa<\/li>\n<li>Mar\u00eda Pinto<\/li>\n<li>Melipilla<\/li>\n<li>Padre Hurtado<\/li>\n<li>Paine<\/li>\n<li>Pe\u00f1aflor<\/li>\n<li>Pirque<\/li>\n<li>San Jos\u00e9 de Maipo<\/li>\n<li>San Pedro<\/li>\n<li>Talagante<\/li>\n<li>Tiltil<\/li>\n<\/ul>\n","protected":false},"featured_media":657,"comment_status":"open","ping_status":"closed","template":"","meta":{"_acf_changed":false},"product_brand":[1091],"product_cat":[968,949,930],"product_tag":[486,1193,513],"class_list":{"0":"post-649","1":"product","2":"type-product","3":"status-publish","4":"has-post-thumbnail","6":"product_brand-deltamed","7":"product_cat-estandar","8":"product_cat-neurologica","9":"product_cat-sillas-de-ruedas-2","10":"product_tag-ayudas-tecnicas","11":"product_tag-silla-de-rueda-manual","12":"product_tag-silla-de-ruedas","13":"product_shipping_class-grande","15":"first","16":"instock","17":"shipping-taxable","18":"purchasable","19":"product-type-simple"},"acf":[],"_links":{"self":[{"href":"https:\/\/deltamed.cl\/tienda\/wp-json\/wp\/v2\/product\/649","targetHints":{"allow":["GET"]}}],"collection":[{"href":"https:\/\/deltamed.cl\/tienda\/wp-json\/wp\/v2\/product"}],"about":[{"href":"https:\/\/deltamed.cl\/tienda\/wp-json\/wp\/v2\/types\/product"}],"replies":[{"embeddable":true,"href":"https:\/\/deltamed.cl\/tienda\/wp-json\/wp\/v2\/comments?post=649"}],"version-history":[{"count":10,"href":"https:\/\/deltamed.cl\/tienda\/wp-json\/wp\/v2\/product\/649\/revisions"}],"predecessor-version":[{"id":18733,"href":"https:\/\/deltamed.cl\/tienda\/wp-json\/wp\/v2\/product\/649\/revisions\/18733"}],"wp:featuredmedia":[{"embeddable":true,"href":"https:\/\/deltamed.cl\/tienda\/wp-json\/wp\/v2\/media\/657"}],"wp:attachment":[{"href":"https:\/\/deltamed.cl\/tienda\/wp-json\/wp\/v2\/media?parent=649"}],"wp:term":[{"taxonomy":"product_brand","embeddable":true,"href":"https:\/\/deltamed.cl\/tienda\/wp-json\/wp\/v2\/product_brand?post=649"},{"taxonomy":"product_cat","embeddable":true,"href":"https:\/\/deltamed.cl\/tienda\/wp-json\/wp\/v2\/product_cat?post=649"},{"taxonomy":"product_tag","embeddable":true,"href":"https:\/\/deltamed.cl\/tienda\/wp-json\/wp\/v2\/product_tag?post=649"}],"curies":[{"name":"wp","href":"https:\/\/api.w.org\/{rel}","templated":true}]}}