{"id":6463,"date":"2023-10-05T11:15:13","date_gmt":"2023-10-05T14:15:13","guid":{"rendered":"https:\/\/deltamed.cl\/tienda\/?post_type=product&#038;p=6463"},"modified":"2026-04-06T12:35:36","modified_gmt":"2026-04-06T15:35:36","slug":"silla-de-ruedas-electrica-estandar-delta5123-plus","status":"publish","type":"product","link":"https:\/\/deltamed.cl\/tienda\/producto\/silla-de-ruedas-electrica-estandar-delta5123-plus\/","title":{"rendered":"Silla de ruedas el\u00e9ctrica est\u00e1ndar delta5123 plus"},"content":{"rendered":"<p>Silla de ruedas el\u00e9ctrica est\u00e1ndar delta5123 plus<\/p>\n<p>Resistente Silla de ruedas el\u00e9ctrica est\u00e1ndar delta5123 plus\u00a0 de marco r\u00edgido, con un<br \/>\nc\u00f3modo respaldo reclinable regulable en \u00e1ngulo para distintas posiciones y<br \/>\nacolchado y sistema de basculaci\u00f3n.<br \/>\nApoyabrazos regulables en altura y abatibles, con contenciones laterales.<br \/>\nComando retr\u00e1ctil con control de velocidad y bocina, cuenta con joystick<br \/>\nintercambiable para uso indistinto desde derecha o izquierda. Cableado para<br \/>\njoystick y luces adaptable para costado izquierdo o derecho seg\u00fan comodidad.<\/p>\n<p>Apoya pies desmontable con pierneras; impide que los pies del usuario se<br \/>\ndeslicen hacia atr\u00e1s, pierneras regulables en altura y desmontables.<br \/>\nAsiento incluye coj\u00edn desmontable.<\/p>\n<ul>\n<li>El coj\u00edn del asiento es desmontable.<\/li>\n<li>Marco r\u00edgido.<\/li>\n<li>Respaldo est\u00e1ndar regulable en \u00e1ngulo.<\/li>\n<li>Comando derecho o izquierdo.<\/li>\n<li>Apoya brazos abatibles y desmontable regulables en altura.<\/li>\n<li>Contenciones laterales.<\/li>\n<li>Profundidad de asiento regulable en al menos dos posiciones.<\/li>\n<li>Apoya pies de dos hojas regulables en altura.<\/li>\n<li>Apoya pies con pierneras. Impide que los pies del ocupante se deslicen hacia atr\u00e1s.<\/li>\n<li>Ruedas delanteras de 9\u201d macizas.<\/li>\n<li>Ruedas traseras de 13\u201d inflables equivalente a 33cm.<\/li>\n<li>Sujeci\u00f3n tipo cintur\u00f3n.<\/li>\n<li>Sistema antivuelco.<\/li>\n<li>Sistema de basculaci\u00f3n.<\/li>\n<li>Joysticks intercambiables para comandar desde lado derecho o izquierdo.<\/li>\n<li>Motor 250w *2 Brushless<\/li>\n<li>Velocidad m\u00e1xima 8 km\/hr.<\/li>\n<li>Peso de soporte seguro de al menos 130 kg.<\/li>\n<li>Envase individual.<\/li>\n<\/ul>\n<p>ESPECIFICACIONES:<\/p>\n<p>&#8211; Estructura: marco r\u00edgido elaborado en acero.<br \/>\n&#8211; Ancho de asiento\/Tallas disponibles: 38 cm, 40 cm, 43 cm, 45 cm y 48 cm<br \/>\n&#8211; Ruedas neum\u00e1ticas traseras de 13\u201d inflables, con tracci\u00f3n.<br \/>\n&#8211; Ruedas macizas delanteras de 8\u201d<br \/>\n&#8211; Soporta usuario de hasta 120 kg<br \/>\n&#8211; Incluye: dos ruedas anti vuelco, cintur\u00f3n p\u00e9lvico de seguridad, bater\u00eda y<br \/>\ncargador a 220 V<br \/>\n&#8211; Autonom\u00eda de 20 km<br \/>\n&#8211; Control de velocidad: velocidad m\u00e1xima de 8 km\/h<br \/>\n&#8211; Bater\u00eda con dos motores fabricados en Taiw\u00e1n, tipo brushlees de 250 w cada<br \/>\nuno, distancia desde el piso de 10 cm (elevaci\u00f3n de 3 cm respecto al modelo<br \/>\nanterior; mejora que ayuda a evitar golpes y\/o ca\u00eddas de la bater\u00eda).<br \/>\n&#8211; Marca: Deltamed.<br \/>\n&#8211; Modelo: DELTA 5123 PLUS<\/p>\n","protected":false},"excerpt":{"rendered":"<p><strong>Silla de ruedas el\u00e9ctrica est\u00e1ndar delta5123 plus<\/strong><\/p>\n<p>Resistente Silla de ruedas el\u00e9ctrica de marco r\u00edgido, con un c\u00f3modo respaldo reclinable, regulable en \u00e1ngulo con acolchado.<br \/>\nApoyabrazos desmontables, regulables en altura, con contenciones laterales.<br \/>\nComando retr\u00e1ctil con\u00a0control de velocidad y bocina.<br \/>\nJoystick intercambiable para uso indistinto desde derecha o izquierda.<br \/>\nApoya pies desmontable con sujeci\u00f3n que ayuda a que los pies del usuario no se deslicen hacia atr\u00e1s.<br \/>\nIncluye coj\u00edn desmontable.<\/p>\n<h2><span style=\"color: #0000ff\"><strong>Envio gratis en Santiago*<br \/>\n<\/strong><\/span><\/h2>\n<p><strong>*Las siguientes comunas no aplican:<\/strong><br \/>\nAlhu\u00e9, Buin,\u00a0Calera de Tango,\u00a0Curacav\u00ed,\u00a0El Monte,\u00a0Isla de Maipo,\u00a0Lampa,\u00a0Mar\u00eda Pinto,\u00a0Melipilla,\u00a0Padre Hurtado,\u00a0Paine,\u00a0Pe\u00f1aflor,\u00a0Pirque, San Jos\u00e9 de Maipo,\u00a0San Pedro,\u00a0Talagante,\u00a0Tiltil.<\/p>\n","protected":false},"featured_media":6465,"comment_status":"open","ping_status":"closed","template":"","meta":{"_acf_changed":false},"product_brand":[1091],"product_cat":[970,930,971],"product_tag":[486,585,30,462,513,512],"class_list":{"0":"post-6463","1":"product","2":"type-product","3":"status-publish","4":"has-post-thumbnail","6":"product_brand-deltamed","7":"product_cat-electricas","8":"product_cat-sillas-de-ruedas-2","9":"product_cat-sillas-electricas","10":"product_tag-ayudas-tecnicas","11":"product_tag-deltamed","12":"product_tag-silla","13":"product_tag-silla-de-rueda-electrica","14":"product_tag-silla-de-ruedas","15":"product_tag-silla-electrica","16":"product_shipping_class-extra-grande","18":"first","19":"outofstock","20":"shipping-taxable","21":"purchasable","22":"product-type-variable"},"acf":[],"_links":{"self":[{"href":"https:\/\/deltamed.cl\/tienda\/wp-json\/wp\/v2\/product\/6463","targetHints":{"allow":["GET"]}}],"collection":[{"href":"https:\/\/deltamed.cl\/tienda\/wp-json\/wp\/v2\/product"}],"about":[{"href":"https:\/\/deltamed.cl\/tienda\/wp-json\/wp\/v2\/types\/product"}],"replies":[{"embeddable":true,"href":"https:\/\/deltamed.cl\/tienda\/wp-json\/wp\/v2\/comments?post=6463"}],"version-history":[{"count":10,"href":"https:\/\/deltamed.cl\/tienda\/wp-json\/wp\/v2\/product\/6463\/revisions"}],"predecessor-version":[{"id":18803,"href":"https:\/\/deltamed.cl\/tienda\/wp-json\/wp\/v2\/product\/6463\/revisions\/18803"}],"wp:featuredmedia":[{"embeddable":true,"href":"https:\/\/deltamed.cl\/tienda\/wp-json\/wp\/v2\/media\/6465"}],"wp:attachment":[{"href":"https:\/\/deltamed.cl\/tienda\/wp-json\/wp\/v2\/media?parent=6463"}],"wp:term":[{"taxonomy":"product_brand","embeddable":true,"href":"https:\/\/deltamed.cl\/tienda\/wp-json\/wp\/v2\/product_brand?post=6463"},{"taxonomy":"product_cat","embeddable":true,"href":"https:\/\/deltamed.cl\/tienda\/wp-json\/wp\/v2\/product_cat?post=6463"},{"taxonomy":"product_tag","embeddable":true,"href":"https:\/\/deltamed.cl\/tienda\/wp-json\/wp\/v2\/product_tag?post=6463"}],"curies":[{"name":"wp","href":"https:\/\/api.w.org\/{rel}","templated":true}]}}