{"id":6322,"date":"2023-09-08T13:06:09","date_gmt":"2023-09-08T16:06:09","guid":{"rendered":"https:\/\/deltamed.cl\/tienda\/?post_type=product&#038;p=6322"},"modified":"2026-02-27T13:30:47","modified_gmt":"2026-02-27T16:30:47","slug":"alcohol-desnaturalizado-70-difempharma","status":"publish","type":"product","link":"https:\/\/deltamed.cl\/tienda\/producto\/alcohol-desnaturalizado-70-difempharma\/","title":{"rendered":"Alcohol Desnaturalizado 70\u00b0 Difempharma"},"content":{"rendered":"<p>Alcohol Desnaturalizado 70\u00b0 Difempharma<\/p>\n<p>Uso: Desinfectante de objetos y superficies.<\/p>\n<p>Tiene inserto dosificador.<\/p>\n<p><strong>Instrucciones de uso:<\/strong><\/p>\n<p>Vierta una cantidad suficiente de producto sobre una t\u00f3rula, gasa o ap\u00f3sito y aplique en la superficie a sanitizar; deje secar.<\/p>\n<p>No requiere enjuague.<\/p>\n<p><strong>Formatos 125 ml, 250 ml, 500 ml y 1000 ml (1 litro).<\/strong><\/p>\n<p><strong>Advertencias:<\/strong><\/p>\n<p>En caso de ingesti\u00f3n consulte al Centro de Informaci\u00f3n Toxicol\u00f3gica, CITUC, de la Pontificia Universidad Cat\u00f3lica de Chile, al tel\u00e9fono: 2 26353800.<\/p>\n<p>Producto No Est\u00e9ril<\/p>\n<p><strong>MANTENER FUERA DEL ALCANCE DE LOS NI\u00d1OS.<\/strong><\/p>\n","protected":false},"excerpt":{"rendered":"<p>Alcohol Desnaturalizado 70\u00b0 Difempharma<\/p>\n<p>Uso: Desinfectante de objetos y superficies.<\/p>\n<p>Tiene inserto dosificador.<\/p>\n<p><strong>Instrucciones de uso:<\/strong><\/p>\n<p>Vierta una cantidad suficiente de producto sobre una t\u00f3rula, gasa o ap\u00f3sito y aplique en la superficie a sanitizar; deje secar.<\/p>\n<p>No requiere enjuague.<\/p>\n<p><strong>Formatos 125 ml, 250 ml, 500 ml y 1000 ml (1 litro).<\/strong><\/p>\n","protected":false},"featured_media":6324,"comment_status":"open","ping_status":"closed","template":"","meta":{"_acf_changed":false},"product_brand":[1104],"product_cat":[36,397],"product_tag":[492,494,495],"class_list":{"0":"post-6322","1":"product","2":"type-product","3":"status-publish","4":"has-post-thumbnail","6":"product_brand-difempharma","7":"product_cat-tratamiento-de-herida","8":"product_cat-alcohol","9":"product_tag-alcohol-desnaturalizado","10":"product_tag-alcohol-desnaturalizado-70-difempharma","11":"product_tag-difempharma","12":"product_shipping_class-pequeno","14":"first","15":"outofstock","16":"sale","17":"shipping-taxable","18":"purchasable","19":"product-type-variable"},"acf":[],"_links":{"self":[{"href":"https:\/\/deltamed.cl\/tienda\/wp-json\/wp\/v2\/product\/6322","targetHints":{"allow":["GET"]}}],"collection":[{"href":"https:\/\/deltamed.cl\/tienda\/wp-json\/wp\/v2\/product"}],"about":[{"href":"https:\/\/deltamed.cl\/tienda\/wp-json\/wp\/v2\/types\/product"}],"replies":[{"embeddable":true,"href":"https:\/\/deltamed.cl\/tienda\/wp-json\/wp\/v2\/comments?post=6322"}],"version-history":[{"count":2,"href":"https:\/\/deltamed.cl\/tienda\/wp-json\/wp\/v2\/product\/6322\/revisions"}],"predecessor-version":[{"id":12478,"href":"https:\/\/deltamed.cl\/tienda\/wp-json\/wp\/v2\/product\/6322\/revisions\/12478"}],"wp:featuredmedia":[{"embeddable":true,"href":"https:\/\/deltamed.cl\/tienda\/wp-json\/wp\/v2\/media\/6324"}],"wp:attachment":[{"href":"https:\/\/deltamed.cl\/tienda\/wp-json\/wp\/v2\/media?parent=6322"}],"wp:term":[{"taxonomy":"product_brand","embeddable":true,"href":"https:\/\/deltamed.cl\/tienda\/wp-json\/wp\/v2\/product_brand?post=6322"},{"taxonomy":"product_cat","embeddable":true,"href":"https:\/\/deltamed.cl\/tienda\/wp-json\/wp\/v2\/product_cat?post=6322"},{"taxonomy":"product_tag","embeddable":true,"href":"https:\/\/deltamed.cl\/tienda\/wp-json\/wp\/v2\/product_tag?post=6322"}],"curies":[{"name":"wp","href":"https:\/\/api.w.org\/{rel}","templated":true}]}}