{"id":6313,"date":"2023-09-08T08:18:10","date_gmt":"2023-09-08T11:18:10","guid":{"rendered":"https:\/\/deltamed.cl\/tienda\/?post_type=product&#038;p=6313"},"modified":"2026-02-27T13:52:29","modified_gmt":"2026-02-27T16:52:29","slug":"bano-portatil-con-ruedas-cw01","status":"publish","type":"product","link":"https:\/\/deltamed.cl\/tienda\/producto\/bano-portatil-con-ruedas-cw01\/","title":{"rendered":"Ba\u00f1o portatil con ruedas CW01"},"content":{"rendered":"<p>El Ba\u00f1o portatil con ruedas CW01 es un dispositivo de asistencia m\u00e9dica que facilita la higiene personal y la movilidad de personas con limitaciones f\u00edsicas.<br \/>\nPuede ser \u00fatil en el hogar, entornos de atenci\u00f3n m\u00e9dica y situaciones temporales de inmovilidad, al permitir que las personas realicen sus necesidades fisiol\u00f3gicas de manera m\u00e1s c\u00f3moda y segura.<br \/>\nFacilita las transiciones desde la cama o de una silla de ruedas al inodoro.<br \/>\nPuede utilizarse en casos de postraci\u00f3n en cama, para viajes o al aire libre donde no hay acceso a ba\u00f1os convencionales, mejorando la calidad de vida y la independencia del usuario.<\/p>\n<p><strong>Caracter\u00edsticas<\/strong><\/p>\n<p>Soporta hasta 100 kilos<br \/>\n\u2022 Estructura de Acero cromado<br \/>\n\u2022 Plegable, f\u00e1cil de almacenar y transportar<br \/>\n\u2022 Ruedas para transporte de 3 pulgadas<br \/>\n\u2022 Frenos en ruedas traseras<br \/>\n\u2022 Empu\u00f1aduras pl\u00e1sticas antideslizante<br \/>\n\u2022 F\u00e1cil de limpiar<br \/>\n\u2022 Ajustable en altura<br \/>\n\u2022 Ligera y compacta<\/p>\n<p><strong>Dimensiones<\/strong><\/p>\n<p>\u2022 Ancho del asiento 45cm<br \/>\n\u2022 Profundidad asiento 45cm<br \/>\n\u2022 Altura asiento 45-55cm<\/p>\n<p>\u2022 Ancho total 52cm<br \/>\n\u2022 Profundidad total 55cm<br \/>\n\u2022 Altura total 74-84cm<\/p>\n<p>\u2022 Ancho plegado 49cm<br \/>\n\u2022 Profundidad plegada 22cm<br \/>\n\u2022 Altura plegada 74-84cm<\/p>\n<p>&nbsp;<\/p>\n<p>&nbsp;<\/p>\n","protected":false},"excerpt":{"rendered":"<p>El Ba\u00f1o portatil con ruedas CW01 es un dispositivo de asistencia m\u00e9dica que facilita la higiene personal y la movilidad de personas con limitaciones f\u00edsicas.<br \/>\nPuede ser \u00fatil en el hogar, entornos de atenci\u00f3n m\u00e9dica y situaciones temporales de inmovilidad, al permitir que las personas realicen sus necesidades fisiol\u00f3gicas de manera m\u00e1s c\u00f3moda y segura.<br \/>\nFacilita las transiciones desde la cama o de una silla de ruedas al inodoro.<br \/>\nPuede utilizarse en casos de postraci\u00f3n en cama, para viajes o al aire libre donde no hay acceso a ba\u00f1os convencionales, mejorando la calidad de vida y la independencia del usuario.<\/p>\n<p><strong>Caracter\u00edsticas<\/strong><br \/>\n\u2022 Estructura de Acero cromado<br \/>\n\u2022 Plegable, f\u00e1cil de almacenar y transportar<br \/>\n\u2022 Ruedas para transporte de 3 pulgadas<br \/>\n\u2022 Frenos en ruedas traseras<br \/>\n\u2022 Empu\u00f1aduras pl\u00e1sticas antideslizante<br \/>\n\u2022 F\u00e1cil de limpiar<br \/>\n\u2022 Ajustable en altura<br \/>\n\u2022 Ligera y compacta<\/p>\n","protected":false},"featured_media":6368,"comment_status":"open","ping_status":"closed","template":"","meta":{"_acf_changed":false},"product_brand":[1091],"product_cat":[23,363],"product_tag":[486,26,489,119,585,491,490],"class_list":{"0":"post-6313","1":"product","2":"type-product","3":"status-publish","4":"has-post-thumbnail","6":"product_brand-deltamed","7":"product_cat-ayudas-tecnicas-de-bano","8":"product_cat-articulos-de-bano","9":"product_tag-ayudas-tecnicas","10":"product_tag-bano","11":"product_tag-bano-plegable","12":"product_tag-cranberry","13":"product_tag-deltamed","14":"product_tag-inodoro","15":"product_tag-w-c","16":"product_shipping_class-mediano","18":"first","19":"outofstock","20":"shipping-taxable","21":"purchasable","22":"product-type-simple"},"acf":[],"_links":{"self":[{"href":"https:\/\/deltamed.cl\/tienda\/wp-json\/wp\/v2\/product\/6313","targetHints":{"allow":["GET"]}}],"collection":[{"href":"https:\/\/deltamed.cl\/tienda\/wp-json\/wp\/v2\/product"}],"about":[{"href":"https:\/\/deltamed.cl\/tienda\/wp-json\/wp\/v2\/types\/product"}],"replies":[{"embeddable":true,"href":"https:\/\/deltamed.cl\/tienda\/wp-json\/wp\/v2\/comments?post=6313"}],"version-history":[{"count":2,"href":"https:\/\/deltamed.cl\/tienda\/wp-json\/wp\/v2\/product\/6313\/revisions"}],"predecessor-version":[{"id":12312,"href":"https:\/\/deltamed.cl\/tienda\/wp-json\/wp\/v2\/product\/6313\/revisions\/12312"}],"wp:featuredmedia":[{"embeddable":true,"href":"https:\/\/deltamed.cl\/tienda\/wp-json\/wp\/v2\/media\/6368"}],"wp:attachment":[{"href":"https:\/\/deltamed.cl\/tienda\/wp-json\/wp\/v2\/media?parent=6313"}],"wp:term":[{"taxonomy":"product_brand","embeddable":true,"href":"https:\/\/deltamed.cl\/tienda\/wp-json\/wp\/v2\/product_brand?post=6313"},{"taxonomy":"product_cat","embeddable":true,"href":"https:\/\/deltamed.cl\/tienda\/wp-json\/wp\/v2\/product_cat?post=6313"},{"taxonomy":"product_tag","embeddable":true,"href":"https:\/\/deltamed.cl\/tienda\/wp-json\/wp\/v2\/product_tag?post=6313"}],"curies":[{"name":"wp","href":"https:\/\/api.w.org\/{rel}","templated":true}]}}