{"id":617,"date":"2021-01-18T16:21:16","date_gmt":"2021-01-18T19:21:16","guid":{"rendered":"https:\/\/deltamed.cl\/tienda\/?post_type=product&#038;p=617"},"modified":"2026-02-27T13:30:33","modified_gmt":"2026-02-27T16:30:33","slug":"alcohol-desnaturalizado-95","status":"publish","type":"product","link":"https:\/\/deltamed.cl\/tienda\/producto\/alcohol-desnaturalizado-95\/","title":{"rendered":"Alcohol desnaturalizado 95"},"content":{"rendered":"<p>Alcohol desnaturalizado 95\u00b0<\/p>\n<p>Uso: Limpieza y desinfecci\u00f3n general de superficies. Limpieza de equipos de oficina. Limpieza de cristales. Se utiliza como disolvente en ciertos procesos qu\u00edmicos. Elimina manchas de laca o de otras materias pegajosas. Elimina virus, bacterias, hongos y malos olores. L\u00edquido transparente y libre de part\u00edculas.<\/p>\n<p>Instrucciones de uso: Vierta una cantidad suficiente de producto sobre una t\u00f3rula, gasa o ap\u00f3sito y aplique en la superficie a sanitizar; deje secar. No requiere enjuague.<\/p>\n<p>Producto No Est\u00e9ril<\/p>\n<p>Caracter\u00edsticas:<\/p>\n<p>-Es el antis\u00e9ptico de mayor impacto en la reducci\u00f3n bacteriana.<\/p>\n<p>&#8211; Su acci\u00f3n antimicrobiana es por desnaturalizaci\u00f3n de prote\u00ednas.<\/p>\n<p>&#8211; Tiene un amplio espectro de acci\u00f3n incluye virus, bacterias y hongos. No tiene acci\u00f3n contra esporas.<\/p>\n<p>&#8211; No es t\u00f3xico.<\/p>\n<p>&#8211; Es inflamable.<\/p>\n<p>&#8211; Efecto m\u00e1ximo precoz (10 segundos). Su acci\u00f3n se mantiene mientras el alcohol este en contacto con la piel, una vez evaporado no tiene acci\u00f3n residual.<\/p>\n<p>&#8211; Su uso como desinfectante es a nivel intermedio.<\/p>\n<p>&#8211; Su acci\u00f3n se inhibe en presencia de materia org\u00e1nica.<\/p>\n<p>&#8211; El alcohol reseca la piel y provoca ardor en heridas abiertas.<\/p>\n","protected":false},"excerpt":{"rendered":"<p>Alcohol desnaturalizado 95\u00b0<\/p>\n<p>Uso: Limpieza y desinfecci\u00f3n general de superficies. Limpieza de equipos de oficina. Limpieza de cristales. Se utiliza como disolvente en ciertos procesos qu\u00edmicos. Elimina manchas de laca o de otras materias pegajosas. Elimina virus, bacterias, hongos y malos olores. L\u00edquido transparente y libre de part\u00edculas.<\/p>\n<p>Instrucciones de uso: Vierta una cantidad suficiente de producto sobre una t\u00f3rula, gasa o ap\u00f3sito y aplique en la superficie a sanitizar; deje secar. No requiere enjuague.<\/p>\n<p>Producto No Est\u00e9ril<\/p>\n<p>&nbsp;<\/p>\n","protected":false},"featured_media":632,"comment_status":"open","ping_status":"closed","template":"","meta":{"_acf_changed":false},"product_brand":[],"product_cat":[94,36,397],"product_tag":[],"class_list":{"0":"post-617","1":"product","2":"type-product","3":"status-publish","4":"has-post-thumbnail","6":"product_cat-insumos-desechables","7":"product_cat-tratamiento-de-herida","8":"product_cat-alcohol","9":"product_shipping_class-pequeno","11":"first","12":"outofstock","13":"shipping-taxable","14":"purchasable","15":"product-type-variable"},"acf":[],"_links":{"self":[{"href":"https:\/\/deltamed.cl\/tienda\/wp-json\/wp\/v2\/product\/617","targetHints":{"allow":["GET"]}}],"collection":[{"href":"https:\/\/deltamed.cl\/tienda\/wp-json\/wp\/v2\/product"}],"about":[{"href":"https:\/\/deltamed.cl\/tienda\/wp-json\/wp\/v2\/types\/product"}],"replies":[{"embeddable":true,"href":"https:\/\/deltamed.cl\/tienda\/wp-json\/wp\/v2\/comments?post=617"}],"version-history":[{"count":2,"href":"https:\/\/deltamed.cl\/tienda\/wp-json\/wp\/v2\/product\/617\/revisions"}],"predecessor-version":[{"id":18164,"href":"https:\/\/deltamed.cl\/tienda\/wp-json\/wp\/v2\/product\/617\/revisions\/18164"}],"wp:featuredmedia":[{"embeddable":true,"href":"https:\/\/deltamed.cl\/tienda\/wp-json\/wp\/v2\/media\/632"}],"wp:attachment":[{"href":"https:\/\/deltamed.cl\/tienda\/wp-json\/wp\/v2\/media?parent=617"}],"wp:term":[{"taxonomy":"product_brand","embeddable":true,"href":"https:\/\/deltamed.cl\/tienda\/wp-json\/wp\/v2\/product_brand?post=617"},{"taxonomy":"product_cat","embeddable":true,"href":"https:\/\/deltamed.cl\/tienda\/wp-json\/wp\/v2\/product_cat?post=617"},{"taxonomy":"product_tag","embeddable":true,"href":"https:\/\/deltamed.cl\/tienda\/wp-json\/wp\/v2\/product_tag?post=617"}],"curies":[{"name":"wp","href":"https:\/\/api.w.org\/{rel}","templated":true}]}}