{"id":611,"date":"2021-01-18T17:01:37","date_gmt":"2021-01-18T20:01:37","guid":{"rendered":"https:\/\/deltamed.cl\/tienda\/?post_type=product&#038;p=611"},"modified":"2026-04-14T11:48:33","modified_gmt":"2026-04-14T14:48:33","slug":"silla-de-ruedas-plegable-sw07","status":"publish","type":"product","link":"https:\/\/deltamed.cl\/tienda\/producto\/silla-de-ruedas-plegable-sw07\/","title":{"rendered":"Silla de ruedas plegable SW07"},"content":{"rendered":"<p>Silla de ruedas sw07 de acero esmaltado negro,con apoyabrazos y tapiz acolchado en tela de nylon.<\/p>\n<p>Posee protectores laterales para evitar la suciedad, fabricados en pl\u00e1stico de alta resistencia. Sus ruedas son macizas por lo que no requieren mantenimiento.<\/p>\n<p>La rueda trasera posee llantas de aluminio,y un aro propulsor pl\u00e1stico para evitar traspasar el fr\u00edo a la mano del paciente en \u00e9poca de bajas temperaturas,sistema de frenos tipo palanca y pedal trasero para levantar la silla de ruedas ante obst\u00e1culos.<\/p>\n<ul>\n<li>Silla de ruedas plegable de acero esmaltado negro<\/li>\n<li>Ruedas delanteras de pvc de 8&#8243;rueda trasera maciza de 24&#8243;<\/li>\n<li>Apoyabrazos y reposapi\u00e9s fijos<\/li>\n<li>Tapiz de acolchado en tela de nylon<\/li>\n<li>Resiste pacientes de hasta 100kg<\/li>\n<li>Empaque de 1pc \/ carton: 93 x 21 x 88 cmg.w \/ n.w: 17\/15 kg<\/li>\n<\/ul>\n","protected":false},"excerpt":{"rendered":"<p>Silla de ruedas sw07 de acero esmaltado negro,con apoyabrazos y tapiz acolchado en tela de nylon.<\/p>\n<p>Posee protectores laterales para evitar la suciedad, fabricados en pl\u00e1stico de alta resistencia. Sus ruedas son macizas por lo que no requieren mantenimiento.<\/p>\n<p>La rueda trasera posee llantas de aluminio,y un aro propulsor pl\u00e1stico para evitar traspasar el fr\u00edo a la mano del paciente en \u00e9poca de bajas temperaturas,sistema de frenos tipo palanca y pedal trasero para levantar la silla de ruedas ante obst\u00e1culos.<\/p>\n<ul>\n<li>Silla de ruedas plegable de acero esmaltado negro<\/li>\n<li>Ruedas delanteras de pvc de 8&#8243;rueda trasera maciza de 24&#8243;<\/li>\n<li>Apoyabrazos y reposapi\u00e9s fijos<\/li>\n<li>Tapiz de acolchado en tela de nylon<\/li>\n<li>Resiste pacientes de hasta 100kg<\/li>\n<li>Empaque de 1pc \/ carton: 93 x 21 x 88 cmg.w \/ n.w: 17\/15 kg<\/li>\n<\/ul>\n<h2><span style=\"color: #0000ff\"><strong>Envio gratis en Santiago<\/strong><\/span><\/h2>\n<p>Las siguientes comunas no aplican<\/p>\n<ul>\n<li>Alhu\u00e9<\/li>\n<li>Buin<\/li>\n<li>Calera de Tango<\/li>\n<li>Curacav\u00ed<\/li>\n<li>El Monte<\/li>\n<li>Isla de Maipo<\/li>\n<li>Lampa<\/li>\n<li>Mar\u00eda Pinto<\/li>\n<li>Melipilla<\/li>\n<li>Padre Hurtado<\/li>\n<li>Paine<\/li>\n<li>Pe\u00f1aflor<\/li>\n<li>Pirque<\/li>\n<li>San Jos\u00e9 de Maipo<\/li>\n<li>San Pedro<\/li>\n<li>Talagante<\/li>\n<li>Tiltil<\/li>\n<\/ul>\n","protected":false},"featured_media":637,"comment_status":"open","ping_status":"closed","template":"","meta":{"_acf_changed":false},"product_brand":[1091],"product_cat":[968,930],"product_tag":[486,585,1193],"class_list":{"0":"post-611","1":"product","2":"type-product","3":"status-publish","4":"has-post-thumbnail","6":"product_brand-deltamed","7":"product_cat-estandar","8":"product_cat-sillas-de-ruedas-2","9":"product_tag-ayudas-tecnicas","10":"product_tag-deltamed","11":"product_tag-silla-de-rueda-manual","12":"product_shipping_class-grande","14":"first","15":"instock","16":"shipping-taxable","17":"purchasable","18":"product-type-simple"},"acf":[],"_links":{"self":[{"href":"https:\/\/deltamed.cl\/tienda\/wp-json\/wp\/v2\/product\/611","targetHints":{"allow":["GET"]}}],"collection":[{"href":"https:\/\/deltamed.cl\/tienda\/wp-json\/wp\/v2\/product"}],"about":[{"href":"https:\/\/deltamed.cl\/tienda\/wp-json\/wp\/v2\/types\/product"}],"replies":[{"embeddable":true,"href":"https:\/\/deltamed.cl\/tienda\/wp-json\/wp\/v2\/comments?post=611"}],"version-history":[{"count":9,"href":"https:\/\/deltamed.cl\/tienda\/wp-json\/wp\/v2\/product\/611\/revisions"}],"predecessor-version":[{"id":13668,"href":"https:\/\/deltamed.cl\/tienda\/wp-json\/wp\/v2\/product\/611\/revisions\/13668"}],"wp:featuredmedia":[{"embeddable":true,"href":"https:\/\/deltamed.cl\/tienda\/wp-json\/wp\/v2\/media\/637"}],"wp:attachment":[{"href":"https:\/\/deltamed.cl\/tienda\/wp-json\/wp\/v2\/media?parent=611"}],"wp:term":[{"taxonomy":"product_brand","embeddable":true,"href":"https:\/\/deltamed.cl\/tienda\/wp-json\/wp\/v2\/product_brand?post=611"},{"taxonomy":"product_cat","embeddable":true,"href":"https:\/\/deltamed.cl\/tienda\/wp-json\/wp\/v2\/product_cat?post=611"},{"taxonomy":"product_tag","embeddable":true,"href":"https:\/\/deltamed.cl\/tienda\/wp-json\/wp\/v2\/product_tag?post=611"}],"curies":[{"name":"wp","href":"https:\/\/api.w.org\/{rel}","templated":true}]}}