{"id":6081,"date":"2023-07-20T11:23:50","date_gmt":"2023-07-20T14:23:50","guid":{"rendered":"https:\/\/deltamed.cl\/tienda\/?post_type=product&#038;p=6081"},"modified":"2026-03-26T11:45:20","modified_gmt":"2026-03-26T14:45:20","slug":"spray-protector-para-piel-cranberry","status":"publish","type":"product","link":"https:\/\/deltamed.cl\/tienda\/producto\/spray-protector-para-piel-cranberry\/","title":{"rendered":"Spray protector para piel Cranberry"},"content":{"rendered":"<p>Spray protector para piel Cranberry 28ml<\/p>\n<div class=\"jsx-1944012472 bodyContainer\">\n<p><strong>La pel\u00edcula protectora sin ardor para la piel forma una capa protectora transparente que act\u00faa como una segunda piel, es capaz de impermeabilizar la zona cut\u00e1nea que es roseada con su contenido. Su acci\u00f3n es prevenir la irritaci\u00f3n de la piel en contacto con fluidos corporales irritantes y\/o fricci\u00f3n, ya que esto favorece un ambiente con humedad aumentada y descontrolada que podr\u00eda macerar la piel. Promueve la salud de la piel, reforzando su barrera mec\u00e1nica evitando la formaci\u00f3n de \u00falceras y\/o heridas en el paciente.<\/strong><\/p>\n<p><strong>\u00a0<\/strong><\/p>\n<p><strong>Usos<\/strong><\/p>\n<ul>\n<li>Se usa para protecci\u00f3n cut\u00e1nea periostomal, previene dermatitis de contacto por incontinencia, previene \u00falcera por presi\u00f3n en todas las zonas con prominencias \u00f3seas, como por ejemplo talones y zona sacra.<\/li>\n<li>Protege \u00e1reas de fricci\u00f3n en contacto con dispositivos m\u00e9dicos a permanencia en pacientes que requieren de estos insumos para satisfacer necesidades b\u00e1sicas, como, por ejemplo: traqueostom\u00edas, gastrostom\u00edas y\/o ileostom\u00edas.<\/li>\n<li>En las \u00e1reas de salud, se usa para proteger la piel antes de colocar en los pacientes dispositivos adhesivos que podr\u00edan<\/li>\n<li>da\u00f1ar la piel, por ejemplo: se roc\u00eda la piel antes de instalar un ap\u00f3sito transparente que fije un cat\u00e9ter venoso perif\u00e9rico en la piel del dorso de la mano.<\/li>\n<li>Tambi\u00e9n se recomienda su uso ante abrasiones superficiales de la piel producidas por ca\u00eddas y\/o actividades deportivas.<\/li>\n<\/ul>\n<p>&nbsp;<\/p>\n<p><strong>Especificaciones T\u00e9cnicas<\/strong><\/p>\n<p><strong>Nombre:<\/strong> Pel\u00edcula protectora para la piel sin ardor.<\/p>\n<p><strong>Marca:<\/strong> Cranberry<\/p>\n<p><strong>Componentes:<\/strong>\u00a0Hexametil disiloxano y polimetilsilsesquioxano. No posee agua en su estructura.<\/p>\n<p><strong>Color:<\/strong>\u00a0Incoloro, transparente.<\/p>\n<p><strong>Tama\u00f1o:<\/strong>\u00a0Spray con 28 ml de capacidad.<\/p>\n<p><strong>Presentaci\u00f3n:<\/strong>\u00a0Venta x unidad.<\/p>\n<p><strong>Libre de L\u00e1tex:<\/strong> si<\/p>\n<p><strong>Est\u00e9ril:<\/strong> no<\/p>\n<p><strong>Vigencia:<\/strong>\u00a05 a\u00f1os a partir de la fecha de fabricaci\u00f3n indicada en el empaque.<\/p>\n<p>Almacenamiento:\u00a0Lugar fresco y seco a temperatura entre 10\u00b0 y 30\u00b0 C.<\/p>\n<p><strong>C\u00d3D.: AAPELIH1 &#8211; 4077<\/strong><\/p>\n<\/div>\n","protected":false},"excerpt":{"rendered":"<p>Spray protector para piel Cranberry 28ml<\/p>\n<p>La pel\u00edcula protectora sin ardor para la piel forma una capa protectora transparente que act\u00faa como una segunda piel, es capaz de impermeabilizar la zona cut\u00e1nea que es roseada con su contenido. Su acci\u00f3n es prevenir la irritaci\u00f3n de la piel en contacto con fluidos corporales irritantes y\/o fricci\u00f3n, ya que esto favorece un ambiente con humedad aumentada y descontrolada que podr\u00eda macerar la piel. Promueve la salud de la piel, reforzando su barrera mec\u00e1nica evitando la formaci\u00f3n de \u00falceras y\/o heridas en el paciente.<\/p>\n","protected":false},"featured_media":6087,"comment_status":"open","ping_status":"closed","template":"","meta":{"_acf_changed":false},"product_brand":[1087],"product_cat":[36,402],"product_tag":[119],"class_list":{"0":"post-6081","1":"product","2":"type-product","3":"status-publish","4":"has-post-thumbnail","6":"product_brand-cranberry","7":"product_cat-tratamiento-de-herida","8":"product_cat-cavilon","9":"product_tag-cranberry","10":"product_shipping_class-extra-pequeno","12":"first","13":"instock","14":"shipping-taxable","15":"purchasable","16":"product-type-simple"},"acf":[],"_links":{"self":[{"href":"https:\/\/deltamed.cl\/tienda\/wp-json\/wp\/v2\/product\/6081","targetHints":{"allow":["GET"]}}],"collection":[{"href":"https:\/\/deltamed.cl\/tienda\/wp-json\/wp\/v2\/product"}],"about":[{"href":"https:\/\/deltamed.cl\/tienda\/wp-json\/wp\/v2\/types\/product"}],"replies":[{"embeddable":true,"href":"https:\/\/deltamed.cl\/tienda\/wp-json\/wp\/v2\/comments?post=6081"}],"version-history":[{"count":1,"href":"https:\/\/deltamed.cl\/tienda\/wp-json\/wp\/v2\/product\/6081\/revisions"}],"predecessor-version":[{"id":9092,"href":"https:\/\/deltamed.cl\/tienda\/wp-json\/wp\/v2\/product\/6081\/revisions\/9092"}],"wp:featuredmedia":[{"embeddable":true,"href":"https:\/\/deltamed.cl\/tienda\/wp-json\/wp\/v2\/media\/6087"}],"wp:attachment":[{"href":"https:\/\/deltamed.cl\/tienda\/wp-json\/wp\/v2\/media?parent=6081"}],"wp:term":[{"taxonomy":"product_brand","embeddable":true,"href":"https:\/\/deltamed.cl\/tienda\/wp-json\/wp\/v2\/product_brand?post=6081"},{"taxonomy":"product_cat","embeddable":true,"href":"https:\/\/deltamed.cl\/tienda\/wp-json\/wp\/v2\/product_cat?post=6081"},{"taxonomy":"product_tag","embeddable":true,"href":"https:\/\/deltamed.cl\/tienda\/wp-json\/wp\/v2\/product_tag?post=6081"}],"curies":[{"name":"wp","href":"https:\/\/api.w.org\/{rel}","templated":true}]}}