{"id":6077,"date":"2023-07-19T18:59:52","date_gmt":"2023-07-19T21:59:52","guid":{"rendered":"https:\/\/deltamed.cl\/tienda\/?post_type=product&#038;p=6077"},"modified":"2026-04-16T10:48:34","modified_gmt":"2026-04-16T13:48:34","slug":"aposito-hidrogel-cranberry","status":"publish","type":"product","link":"https:\/\/deltamed.cl\/tienda\/producto\/aposito-hidrogel-cranberry\/","title":{"rendered":"Ap\u00f3sito hidrogel Cranberry"},"content":{"rendered":"<div>Ap\u00f3sito hidrogel Cranberry<\/div>\n<div><\/div>\n<div>\n<p><strong>El objetivo del hidrogel es causar un desbridamiento autol\u00edtico en el lecho de una herida, a trav\u00e9s de la humedad efectiva y controlada del gel.<\/strong><\/p>\n<p><strong>El desbridamiento autol\u00edtico es la remoci\u00f3n del tejido necr\u00f3tico, esfacelado y\/o de fibrina de una herida. Estos tejidos est\u00e1n muertos, ocupan espacio e impiden que el tejido sano de una herida pueda cicatrizar, por tanto, es fundamental eliminarlos para permitir que el tejido granulatorio (sano) cicatrice de una manera funcional y est\u00e9tica en el paciente. La herida al contacto con el gel activa una serie de acciones metab\u00f3licas que estimulan las enzimas propias de la herida, humectando y degradando los tejidos mencionados, los cuales se retiran a trav\u00e9s del arrastre mec\u00e1nico en una curaci\u00f3n avanzada de heridas.<\/strong><\/p>\n<p><strong>Usos<\/strong><\/p>\n<ul>\n<li>El hidrogel se usa en quemaduras, \u00falceras por presi\u00f3n, \u00falceras diab\u00e9ticas, \u00falceras venosas y en general en todas aquellas heridas que presenten tejido necr\u00f3tico, esfacelo y\/o fibrina. Para lograr un efecto eficiente requiere complementar su uso con ap\u00f3sitos de curaci\u00f3n avanzada, dependiendo su elecci\u00f3n de las caracter\u00edsticas de la herida.<\/li>\n<\/ul>\n<p>&nbsp;<\/p>\n<p><strong>Especificaciones T\u00e9cnicas<\/strong><\/p>\n<p><strong>Nombre:<\/strong> Ap\u00f3sito hidrogel tubo 15 gramos x unidad.<\/p>\n<p><strong>Marca:<\/strong> Cranberry<\/p>\n<p>Componentes: El hidrogel posee un 90 % de agua desionizada. El resto est\u00e1 constituido por hidroxietilcelulosa, glicerina, alanto\u00edna, dextrano y benzoato de sodio, los cuales aportan la matriz que mantiene el gel dentro de la herida del paciente.<\/p>\n<p><strong>Color:<\/strong>\u00a0Incoloro.<\/p>\n<p><strong>Tama\u00f1o:<\/strong>\u00a015 gramos.<\/p>\n<p><strong>Presentaci\u00f3n:<\/strong>\u00a0Venta x unidad.<\/p>\n<p><strong>Libre de L\u00e1tex<\/strong>: si<\/p>\n<p><strong>Est\u00e9ril:<\/strong> no, es un insumo limpio.<\/p>\n<p><strong>Vigencia:<\/strong>\u00a05 a\u00f1os a partir de la fecha de fabricaci\u00f3n indicada en el empaque.<\/p>\n<p>Almacenamiento:\u00a0Lugar fresco y seco a temperatura entre 10\u00b0 y 30\u00b0 C.<\/p>\n<p><strong>Cod <\/strong><strong>AAPHID01 &#8211; 4076<\/strong><\/p>\n<p>&nbsp;<\/p>\n<\/div>\n","protected":false},"excerpt":{"rendered":"<p>Ap\u00f3sito hidrogel Cranberry<\/p>\n<p>El objetivo del hidrogel es causar un desbridamiento autol\u00edtico en el lecho de una herida, a trav\u00e9s de la humedad efectiva y controlada del gel. El desbridamiento autol\u00edtico es la remoci\u00f3n del tejido necr\u00f3tico, esfacelado y\/o de fibrina de una herida. Estos tejidos est\u00e1n muertos, ocupan espacio e impiden que el tejido sano de una herida pueda cicatrizar, por tanto, es fundamental eliminarlos para permitir que el tejido granulatorio (sano) cicatrice de una manera funcional y est\u00e9tica en el paciente. La herida al contacto con el gel activa una serie de acciones metab\u00f3licas que estimulan las enzimas propias de la herida, humectando y degradando los tejidos mencionados, los cuales se retiran a trav\u00e9s del arrastre mec\u00e1nico en una curaci\u00f3n avanzada de heridas.<\/p>\n","protected":false},"featured_media":6079,"comment_status":"open","ping_status":"closed","template":"","meta":{"_acf_changed":false},"product_brand":[1087],"product_cat":[36,401],"product_tag":[119,677],"class_list":{"0":"post-6077","1":"product","2":"type-product","3":"status-publish","4":"has-post-thumbnail","6":"product_brand-cranberry","7":"product_cat-tratamiento-de-herida","8":"product_cat-hydrogel","9":"product_tag-cranberry","10":"product_tag-cranberry-hidrogel","11":"product_shipping_class-extra-pequeno","13":"first","14":"instock","15":"sale","16":"shipping-taxable","17":"purchasable","18":"product-type-simple"},"acf":[],"_links":{"self":[{"href":"https:\/\/deltamed.cl\/tienda\/wp-json\/wp\/v2\/product\/6077","targetHints":{"allow":["GET"]}}],"collection":[{"href":"https:\/\/deltamed.cl\/tienda\/wp-json\/wp\/v2\/product"}],"about":[{"href":"https:\/\/deltamed.cl\/tienda\/wp-json\/wp\/v2\/types\/product"}],"replies":[{"embeddable":true,"href":"https:\/\/deltamed.cl\/tienda\/wp-json\/wp\/v2\/comments?post=6077"}],"version-history":[{"count":2,"href":"https:\/\/deltamed.cl\/tienda\/wp-json\/wp\/v2\/product\/6077\/revisions"}],"predecessor-version":[{"id":8701,"href":"https:\/\/deltamed.cl\/tienda\/wp-json\/wp\/v2\/product\/6077\/revisions\/8701"}],"wp:featuredmedia":[{"embeddable":true,"href":"https:\/\/deltamed.cl\/tienda\/wp-json\/wp\/v2\/media\/6079"}],"wp:attachment":[{"href":"https:\/\/deltamed.cl\/tienda\/wp-json\/wp\/v2\/media?parent=6077"}],"wp:term":[{"taxonomy":"product_brand","embeddable":true,"href":"https:\/\/deltamed.cl\/tienda\/wp-json\/wp\/v2\/product_brand?post=6077"},{"taxonomy":"product_cat","embeddable":true,"href":"https:\/\/deltamed.cl\/tienda\/wp-json\/wp\/v2\/product_cat?post=6077"},{"taxonomy":"product_tag","embeddable":true,"href":"https:\/\/deltamed.cl\/tienda\/wp-json\/wp\/v2\/product_tag?post=6077"}],"curies":[{"name":"wp","href":"https:\/\/api.w.org\/{rel}","templated":true}]}}