{"id":605,"date":"2021-01-18T16:11:30","date_gmt":"2021-01-18T19:11:30","guid":{"rendered":"https:\/\/deltamed.cl\/tienda\/?post_type=product&#038;p=605"},"modified":"2026-02-27T13:30:29","modified_gmt":"2026-02-27T16:30:29","slug":"porta-suero","status":"publish","type":"product","link":"https:\/\/deltamed.cl\/tienda\/producto\/porta-suero\/","title":{"rendered":"Porta suero"},"content":{"rendered":"<p>Porta suero<\/p>\n<p>Los portasueros, conocidos tambi\u00e9n como goteros o palos de suero, son un\u00a0<b>dispositivo del mobiliario cl\u00ednico que se utiliza para colgar y transportar las bolsas y botellas de infusi\u00f3n que recibe como tratamiento m\u00e9dico hospitalario un paciente<\/b>.<\/p>\n<p>Es el accesorio que sostendr\u00e1 las sustancias que ir\u00e1n al paciente por v\u00eda endovenosa generalmente.<\/p>\n<ul>\n<li>Porta suero, altura regulable, con ruedas.<\/li>\n<li>Estructura de acero en tubo 7\/8 x 1,0 mm.<\/li>\n<li>Tubo 5\/8 x 1,0 y perfil 20 x 30 x 1,5<\/li>\n<li>Pintura electrost\u00e1tica.<\/li>\n<li>Ruedas giratorias de 2\u201d.<\/li>\n<li>1 perilla de 5\/16 para regulaci\u00f3n de altura.<\/li>\n<li>Tubo y 4\u00a0 ganchos superior<\/li>\n<li>Peso 3,5 kg Aprox.<\/li>\n<li>Medidas 160 x 40 x 40 cm<\/li>\n<\/ul>\n<p><b>BENEFICIOS:<\/b><\/p>\n<ul>\n<li>Porta suero con 4 ganchos\u00a0para poder colgar m\u00e1s contenedores de forma segura.<\/li>\n<li>Tubo telesc\u00f3pico\u00a0de acero inoxidable, regulable en altura para ajustarla seg\u00fan la necesidad.<\/li>\n<li>Mayor Seguridad\u00a0con el dise\u00f1o de sus 4 patas anguladas que genera que su centro de gravedad se desplace logrando una mayor estabilidad.<\/li>\n<li>La base del Porta suero posee 4 o 5 ruedas giratorias que permiten una f\u00e1cil movilidad en todas las direcciones.<\/li>\n<li>Tratamiento Fosf\u00e1tico en el acero, lo que permite prevenir la corrosi\u00f3n y sirve de base para la adherencia de la pintura.<\/li>\n<li>Pintura Termoconvertible\u00a0para un recubrimiento uniforme con un acabado m\u00e1s resistente a los rayones e impactos y con protecci\u00f3n anticorrosiva.<\/li>\n<li>Pintura sin Solventes, sin impactos en el medio ambiente y con casi un 100% de reciclaje de residuos.<\/li>\n<li>Pintura\u00a0no inflamable\u00a0para una mayor seguridad.<\/li>\n<\/ul>\n","protected":false},"excerpt":{"rendered":"<p>Porta sueros<\/p>\n<p>Los portasueros, conocidos tambi\u00e9n como goteros o palos de suero, son un\u00a0<b>dispositivo del mobiliario cl\u00ednico que se utiliza para colgar y transportar las bolsas y botellas de infusi\u00f3n que recibe como tratamiento m\u00e9dico hospitalario un paciente<\/b>.<\/p>\n<p>Es el accesorio que sostendr\u00e1 las sustancias que ir\u00e1n al paciente por v\u00eda endovenosa generalmente.<\/p>\n<ul>\n<li>Porta suero, altura regulable, con ruedas.<\/li>\n<li>Estructura de acero en tubo 7\/8 x 1,0 mm.<\/li>\n<li>Tubo 5\/8 x 1,0 y perfil 20 x 30 x 1,5<\/li>\n<li>Pintura electrost\u00e1tica.<\/li>\n<li>Ruedas giratorias de 2\u201d.<\/li>\n<li>1 perilla de 5\/16 para regulaci\u00f3n de altura.<\/li>\n<li>Tubo y 4\u00a0 ganchos superior<\/li>\n<li>Peso 3,5 kg Aprox.<\/li>\n<li>Medidas 160 x 40 x 40 cm<\/li>\n<\/ul>\n","protected":false},"featured_media":629,"comment_status":"open","ping_status":"closed","template":"","meta":{"_acf_changed":false},"product_brand":[],"product_cat":[456,101],"product_tag":[884,883,103,732,516,517,217],"class_list":{"0":"post-605","1":"product","2":"type-product","3":"status-publish","4":"has-post-thumbnail","6":"product_cat-suero","7":"product_cat-mobiliario","8":"product_tag-gancho","9":"product_tag-matraz","10":"product_tag-mobiliario","11":"product_tag-mueble","12":"product_tag-muebles","13":"product_tag-muebles-clinicos","14":"product_tag-suero","15":"product_shipping_class-grande","17":"first","18":"instock","19":"shipping-taxable","20":"purchasable","21":"product-type-variable"},"acf":[],"_links":{"self":[{"href":"https:\/\/deltamed.cl\/tienda\/wp-json\/wp\/v2\/product\/605","targetHints":{"allow":["GET"]}}],"collection":[{"href":"https:\/\/deltamed.cl\/tienda\/wp-json\/wp\/v2\/product"}],"about":[{"href":"https:\/\/deltamed.cl\/tienda\/wp-json\/wp\/v2\/types\/product"}],"replies":[{"embeddable":true,"href":"https:\/\/deltamed.cl\/tienda\/wp-json\/wp\/v2\/comments?post=605"}],"version-history":[{"count":1,"href":"https:\/\/deltamed.cl\/tienda\/wp-json\/wp\/v2\/product\/605\/revisions"}],"predecessor-version":[{"id":13363,"href":"https:\/\/deltamed.cl\/tienda\/wp-json\/wp\/v2\/product\/605\/revisions\/13363"}],"wp:featuredmedia":[{"embeddable":true,"href":"https:\/\/deltamed.cl\/tienda\/wp-json\/wp\/v2\/media\/629"}],"wp:attachment":[{"href":"https:\/\/deltamed.cl\/tienda\/wp-json\/wp\/v2\/media?parent=605"}],"wp:term":[{"taxonomy":"product_brand","embeddable":true,"href":"https:\/\/deltamed.cl\/tienda\/wp-json\/wp\/v2\/product_brand?post=605"},{"taxonomy":"product_cat","embeddable":true,"href":"https:\/\/deltamed.cl\/tienda\/wp-json\/wp\/v2\/product_cat?post=605"},{"taxonomy":"product_tag","embeddable":true,"href":"https:\/\/deltamed.cl\/tienda\/wp-json\/wp\/v2\/product_tag?post=605"}],"curies":[{"name":"wp","href":"https:\/\/api.w.org\/{rel}","templated":true}]}}