{"id":56121,"date":"2026-04-28T20:19:15","date_gmt":"2026-04-28T20:19:15","guid":{"rendered":"https:\/\/dev.deltamed.cl\/?post_type=product&#038;p=56121"},"modified":"2026-04-30T19:19:13","modified_gmt":"2026-04-30T19:19:13","slug":"baston-codera-fija-fun-kids","status":"publish","type":"product","link":"https:\/\/deltamed.cl\/tienda\/tienda\/producto\/baston-codera-fija-fun-kids\/","title":{"rendered":"Bast\u00f3n codera fija fun kids\u00a0"},"content":{"rendered":"<p>Bast\u00f3n Codera Fija Fun Kids<\/p>\n<p>Bast\u00f3n con codera fija ideal para ni\u00f1os con movilidad reducida que necesiten un soporte para desplazarse. Es una opci\u00f3n para mejorar la locomoci\u00f3n y movilizaci\u00f3n de las personas, este funciona brindando apoyo y soporte complementario al cuerpo mientras la persona camina. Suele utilizarse cuando el cuerpo no logra tener sost\u00e9n y necesita un suplemento terap\u00e9utico.<\/p>\n<p>CARACTERISTICAS:<\/p>\n<p>\u2022 Estructura tubular de aluminio anodizado.<\/p>\n<p>\u2022 Tres ajustes de altura, del pu\u00f1o a la codera.<\/p>\n<p>\u2022 Diez ajustes de altura, del pu\u00f1o a suelo. Cada 2,5 cm.<\/p>\n<p>\u2022 Ajuste especial de marcha silenciosa.<\/p>\n<p>\u2022 Pu\u00f1o reflectante de mayor seguridad.<\/p>\n<p>\u2022 Empu\u00f1adura de goma ergon\u00f3mica, anat\u00f3mica, fija y antideslizante.<\/p>\n<p>\u2022 Brazalete de antebrazo con bisagra para mayor seguridad.<\/p>\n<p>\u2022 Codera fija fabricada en Nylon, resina de alta resistencia<\/p>\n<p>\u2022 Regat\u00f3n fabricado en goma y caucho antideslizante en la base, contiene en el interior una placa que reduce el ruido.<\/p>\n<p>\u2022 Soporte peso usuario hasta 100 kg.<\/p>\n<table width=\"361\">\n<tbody>\n<tr>\n<td width=\"197\"><strong>Especificaciones t\u00e9cnicas<\/strong><\/td>\n<td width=\"164\"><\/td>\n<\/tr>\n<tr>\n<td width=\"197\"><strong>Descripci\u00f3n<\/strong><\/td>\n<td width=\"164\"><strong>Cm Aprox.<\/strong><\/td>\n<\/tr>\n<tr>\n<td width=\"197\">Altura M\u00ednima Total (Suelo a Codera)<\/td>\n<td width=\"164\">66 Cm.<\/td>\n<\/tr>\n<tr>\n<td width=\"197\">Altura M\u00e1xima Total (Suelo a Codera)<\/td>\n<td width=\"164\">99 Cm.<\/td>\n<\/tr>\n<tr>\n<td width=\"197\">Altura M\u00ednima desde suelo a empu\u00f1adura<\/td>\n<td width=\"164\">50 Cm.<\/td>\n<\/tr>\n<tr>\n<td width=\"197\">Altura M\u00e1xima desde suelo a empu\u00f1adura<\/td>\n<td width=\"164\">78 Cm.<\/td>\n<\/tr>\n<tr>\n<td width=\"197\">Altura M\u00ednima desde empu\u00f1adura a codera<\/td>\n<td width=\"164\">16 Cm.<\/td>\n<\/tr>\n<tr>\n<td width=\"197\">Altura M\u00e1xima desde empu\u00f1adura a codera<\/td>\n<td width=\"164\">21 Cm.<\/td>\n<\/tr>\n<tr>\n<td width=\"197\">Posiciones de regulaci\u00f3n Superior<\/td>\n<td width=\"164\">3 posiciones<\/td>\n<\/tr>\n<tr>\n<td width=\"197\">Posiciones de regulaci\u00f3n Inferior<\/td>\n<td width=\"164\">10 posiciones<\/td>\n<\/tr>\n<tr>\n<td width=\"197\">Di\u00e1metro del producto<\/td>\n<td width=\"164\">20 \u2013 17\u00a0mm<\/td>\n<\/tr>\n<tr>\n<td width=\"197\">Regat\u00f3n<\/td>\n<td width=\"164\">17 mm<\/td>\n<\/tr>\n<tr>\n<td width=\"197\">Soporte de peso m\u00e1ximo<\/td>\n<td width=\"164\">100 Kg<\/td>\n<\/tr>\n<\/tbody>\n<\/table>\n","protected":false},"excerpt":{"rendered":"<p>Bast\u00f3n Codera Fija Fun Kids<\/p>\n<p>Bast\u00f3n con codera fija ideal para ni\u00f1os con movilidad reducida que necesiten un soporte para desplazarse. Con colores vivos y llamativos.<\/p>\n<p>Es una opci\u00f3n para mejorar la locomoci\u00f3n y movilizaci\u00f3n de las personas, este funciona brindando apoyo y soporte complementario al cuerpo mientras la persona camina.<\/p>\n<p>Suele utilizarse cuando el cuerpo no logra tener sost\u00e9n y necesita un suplemento terap\u00e9utico.<\/p>\n<p><strong>MARCA: REBOTEC<\/strong><\/p>\n<p><strong>PROCEDENCIA: ALEMANIA<\/strong><\/p>\n","protected":false},"featured_media":12669,"comment_status":"open","ping_status":"closed","template":"","meta":{"_acf_changed":false},"product_brand":[6087],"product_cat":[6375,6376,6378],"product_tag":[6672,6673,6070,6674],"class_list":{"0":"post-56121","1":"product","2":"type-product","3":"status-publish","4":"has-post-thumbnail","6":"product_brand-rebotec","7":"product_cat-ayudas-tecnicas","8":"product_cat-baston","9":"product_cat-fijo","10":"product_tag-discapacidad","11":"product_tag-invalido","12":"product_tag-lifante","13":"product_tag-minusvalido","14":"product_shipping_class-pequeno","15":"pa_marcas-ninos-rebotec","16":"pa_ninos-movilidad","18":"first","19":"outofstock","20":"sale","21":"taxable","22":"shipping-taxable","23":"purchasable","24":"product-type-simple"},"acf":[],"_links":{"self":[{"href":"https:\/\/deltamed.cl\/tienda\/wp-json\/wp\/v2\/product\/56121","targetHints":{"allow":["GET"]}}],"collection":[{"href":"https:\/\/deltamed.cl\/tienda\/wp-json\/wp\/v2\/product"}],"about":[{"href":"https:\/\/deltamed.cl\/tienda\/wp-json\/wp\/v2\/types\/product"}],"replies":[{"embeddable":true,"href":"https:\/\/deltamed.cl\/tienda\/wp-json\/wp\/v2\/comments?post=56121"}],"wp:featuredmedia":[{"embeddable":true,"href":"https:\/\/deltamed.cl\/tienda\/wp-json\/wp\/v2\/media\/12669"}],"wp:attachment":[{"href":"https:\/\/deltamed.cl\/tienda\/wp-json\/wp\/v2\/media?parent=56121"}],"wp:term":[{"taxonomy":"product_brand","embeddable":true,"href":"https:\/\/deltamed.cl\/tienda\/wp-json\/wp\/v2\/product_brand?post=56121"},{"taxonomy":"product_cat","embeddable":true,"href":"https:\/\/deltamed.cl\/tienda\/wp-json\/wp\/v2\/product_cat?post=56121"},{"taxonomy":"product_tag","embeddable":true,"href":"https:\/\/deltamed.cl\/tienda\/wp-json\/wp\/v2\/product_tag?post=56121"}],"curies":[{"name":"wp","href":"https:\/\/api.w.org\/{rel}","templated":true}]}}