{"id":560,"date":"2021-01-19T17:05:54","date_gmt":"2021-01-19T20:05:54","guid":{"rendered":"https:\/\/deltamed.cl\/tienda\/?post_type=product&#038;p=560"},"modified":"2026-02-27T13:30:28","modified_gmt":"2026-02-27T16:30:28","slug":"toma-presion-aneroide-2-tubos-exacta-1350-riester","status":"publish","type":"product","link":"https:\/\/deltamed.cl\/tienda\/producto\/toma-presion-aneroide-2-tubos-exacta-1350-riester\/","title":{"rendered":"Toma presi\u00f3n aneroide 2 tubos exacta 1350 Riester"},"content":{"rendered":"<p>Toma presi\u00f3n aneroide 2 tubos exacta 1350 Riester<\/p>\n<div class=\"woocommerce-tabs wc-tabs-wrapper tabs-layout-tabs\">\n<div class=\"wd-tab-wrapper woodmart-tab-wrapper\">\n<div id=\"tab-description\" class=\"woocommerce-Tabs-panel woocommerce-Tabs-panel--description panel entry-content wc-tab\">\n<div class=\"wc-tab-inner \">\n<div class=\"\">\n<p>La Toma de Presi\u00f3n Aneroide Exacta de Riester es un instrumento de calidad excepcional, con detalles meticulosos como la carcasa met\u00e1lica, la pinza inoxidable y la v\u00e1lvula de purga de precisi\u00f3n.<\/p>\n<p>Con una amplia escala lineal y una pera de l\u00e1tex para inflar el brazalete, este dispositivo proporciona mediciones confiables.<\/p>\n<p>El bolso de vinilo con cremallera a\u00f1ade portabilidad a esta herramienta esencial para el control preciso de la presi\u00f3n arterial.<\/p>\n<p>Caracter\u00edsticas:<\/p>\n<ul>\n<li>Modelo de Dos Tubos con Carcasa Met\u00e1lica:\u00a0Elegante carcasa lacada en negro para mayor durabilidad y resistencia.<\/li>\n<li>Pinza Met\u00e1lica Inoxidable:\u00a0Enganche seguro del man\u00f3metro al brazalete, proporcionando estabilidad y precisi\u00f3n.<\/li>\n<li>V\u00e1lvula de Purga de Precisi\u00f3n:\u00a0Ajuste fino sin desgaste, con microfiltro para proteger el sistema de medici\u00f3n y asegurar una medici\u00f3n precisa.<\/li>\n<li>Escala Lineal \u00f8 49 mm:\u00a0Amplia escala de 0 \u2013 300 mm Hg para una lectura f\u00e1cil y precisa.<\/li>\n<li>Pera de L\u00e1tex para Inflar el Brazalete:\u00a0Material de calidad para una inflaci\u00f3n suave y controlada.<\/li>\n<li>M\u00e1xima Tolerancia de Error de +\/- 3 mm Hg:\u00a0Garantiza mediciones fiables y precisas.<\/li>\n<li>Incluye Bolso de Vinilo con Cremallera:\u00a0Portabilidad conveniente y almacenamiento seguro.<\/li>\n<\/ul>\n<div id=\"attachment_644\" style=\"width: 310px\" class=\"wp-caption alignnone\"><img fetchpriority=\"high\" decoding=\"async\" aria-describedby=\"caption-attachment-644\" class=\"size-medium wp-image-644\" src=\"https:\/\/deltamed.cl\/tienda\/wp-content\/uploads\/2021\/01\/560-1-300x300.jpg\" alt=\"Toma presi\u00f3n aneroide 2 tubos exacta 1350 Riester\" width=\"300\" height=\"300\" title=\"\" srcset=\"https:\/\/deltamed.cl\/tienda\/wp-content\/uploads\/2021\/01\/560-1-300x300.jpg 300w, https:\/\/deltamed.cl\/tienda\/wp-content\/uploads\/2021\/01\/560-1-100x100.jpg 100w, https:\/\/deltamed.cl\/tienda\/wp-content\/uploads\/2021\/01\/560-1-150x150.jpg 150w, https:\/\/deltamed.cl\/tienda\/wp-content\/uploads\/2021\/01\/560-1.jpg 600w\" sizes=\"(max-width: 300px) 100vw, 300px\" \/><p id=\"caption-attachment-644\" class=\"wp-caption-text\">Toma presi\u00f3n aneroide 2 tubos exacta 1350 Riester<\/p><\/div>\n<\/div>\n<\/div>\n<\/div>\n<\/div>\n<div class=\"wd-tab-wrapper woodmart-tab-wrapper\"><\/div>\n<\/div>\n","protected":false},"excerpt":{"rendered":"<p>Toma presi\u00f3n aneroide 2 tubos exacta 1350 Riester<\/p>\n<p>Este esfigmoman\u00f3metro cl\u00e1sico de dos tubos se ha perfeccionado y su peso se ha reducido todav\u00eda m\u00e1s.<\/p>\n<p>Esfigmoman\u00f3metro de alta calidad y precisi\u00f3n: modelo de dos tubos con carcasa met\u00e1lica lacada en negro.<\/p>\n<p>&nbsp;<\/p>\n","protected":false},"featured_media":644,"comment_status":"open","ping_status":"closed","template":"","meta":{"_acf_changed":false},"product_brand":[1112],"product_cat":[15,361],"product_tag":[130],"class_list":{"0":"post-560","1":"product","2":"type-product","3":"status-publish","4":"has-post-thumbnail","6":"product_brand-riester","7":"product_cat-medicion-y-diagnostico","8":"product_cat-toma-presion","9":"product_tag-toma-presion","10":"product_shipping_class-pequeno","12":"first","13":"instock","14":"shipping-taxable","15":"purchasable","16":"product-type-simple"},"acf":[],"_links":{"self":[{"href":"https:\/\/deltamed.cl\/tienda\/wp-json\/wp\/v2\/product\/560","targetHints":{"allow":["GET"]}}],"collection":[{"href":"https:\/\/deltamed.cl\/tienda\/wp-json\/wp\/v2\/product"}],"about":[{"href":"https:\/\/deltamed.cl\/tienda\/wp-json\/wp\/v2\/types\/product"}],"replies":[{"embeddable":true,"href":"https:\/\/deltamed.cl\/tienda\/wp-json\/wp\/v2\/comments?post=560"}],"version-history":[{"count":2,"href":"https:\/\/deltamed.cl\/tienda\/wp-json\/wp\/v2\/product\/560\/revisions"}],"predecessor-version":[{"id":12806,"href":"https:\/\/deltamed.cl\/tienda\/wp-json\/wp\/v2\/product\/560\/revisions\/12806"}],"wp:featuredmedia":[{"embeddable":true,"href":"https:\/\/deltamed.cl\/tienda\/wp-json\/wp\/v2\/media\/644"}],"wp:attachment":[{"href":"https:\/\/deltamed.cl\/tienda\/wp-json\/wp\/v2\/media?parent=560"}],"wp:term":[{"taxonomy":"product_brand","embeddable":true,"href":"https:\/\/deltamed.cl\/tienda\/wp-json\/wp\/v2\/product_brand?post=560"},{"taxonomy":"product_cat","embeddable":true,"href":"https:\/\/deltamed.cl\/tienda\/wp-json\/wp\/v2\/product_cat?post=560"},{"taxonomy":"product_tag","embeddable":true,"href":"https:\/\/deltamed.cl\/tienda\/wp-json\/wp\/v2\/product_tag?post=560"}],"curies":[{"name":"wp","href":"https:\/\/api.w.org\/{rel}","templated":true}]}}