{"id":5599,"date":"2023-05-25T17:22:16","date_gmt":"2023-05-25T20:22:16","guid":{"rendered":"https:\/\/deltamed.cl\/tienda\/?post_type=product&#038;p=5599"},"modified":"2026-03-20T09:24:29","modified_gmt":"2026-03-20T12:24:29","slug":"oximetro-de-pulso-adulto-con-curva-cms50-pro-contec","status":"publish","type":"product","link":"https:\/\/deltamed.cl\/tienda\/producto\/oximetro-de-pulso-adulto-con-curva-cms50-pro-contec\/","title":{"rendered":"Ox\u00edmetro de pulso adulto con curva CMS50-Pro Contec"},"content":{"rendered":"<p>Ox\u00edmetro de pulso adulto con curva CMS50-Pro Contec<\/p>\n<p>Es un dispositivo port\u00e1til y preciso, dise\u00f1ado para medir en tiempo real la saturaci\u00f3n de ox\u00edgeno en sangre (SpO2) y la frecuencia card\u00edaca. Su pantalla LCD a color se enciende autom\u00e1ticamente al detectar la inserci\u00f3n del dedo y ajusta su orientaci\u00f3n de manera autom\u00e1tica, ofreciendo una lectura clara desde cualquier \u00e1ngulo.<\/p>\n<p>El CMS50-Pro ofrece un rango de medici\u00f3n de SpO2 del 0% al 100%, con una precisi\u00f3n de \u00b12% en el rango de 70%-100%.<br \/>\nEn cuanto a la frecuencia card\u00edaca (PR), el rango de visualizaci\u00f3n va de 30 a 250 latidos por minuto, con una precisi\u00f3n de \u00b12 bpm o \u00b12%, el valor que sea mayor.<br \/>\nAdem\u00e1s, el \u00edndice de perfusi\u00f3n (PI) se mide en un rango de 0% a 20%, con una precisi\u00f3n de \u00b11% cuando est\u00e1 entre 1% y 20% y de \u00b10.2% entre 0% y 0.9%.<br \/>\nEl dispositivo ofrece un desempe\u00f1o fiable incluso en condiciones de baja perfusi\u00f3n (0.4%), manteniendo una precisi\u00f3n de SpO2 de \u00b14% y de PR de \u00b12 bpm.<br \/>\nTambi\u00e9n cuenta con una pantalla de barras continua que indica la intensidad del pulso.<\/p>\n<p>El CMS50-Pro utiliza luz roja de 660 nm y luz infrarroja de 905 nm, operando con una potencia \u00f3ptica de menos de 6.65 mW y 6.75 mW respectivamente.<\/p>\n<p>Funciona con dos bater\u00edas AAA de 1.5V, ofreciendo una autonom\u00eda de hasta 24 horas de uso continuo.<\/p>\n<p>Con una clasificaci\u00f3n de protecci\u00f3n internacional IP22 contra salpidura de liquidos y un peso de aproximadamente 50 gramos (incluyendo las bater\u00edas), este dispositivo es ligero y compacto, ideal para el monitoreo dom\u00e9stico y cl\u00ednico.<\/p>\n","protected":false},"excerpt":{"rendered":"<p>Ox\u00edmetro de pulso adulto con curva CMS50-Pro Contec<\/p>\n<p>Dispositivo port\u00e1til y preciso, dise\u00f1ado para medir en tiempo real la saturaci\u00f3n de ox\u00edgeno en sangre (SpO2) y la frecuencia card\u00edaca. Su pantalla LCD a color se enciende autom\u00e1ticamente al detectar la inserci\u00f3n del dedo y ajusta su orientaci\u00f3n de manera autom\u00e1tica, ofreciendo una lectura clara desde cualquier \u00e1ngulo. Compacto y f\u00e1cil de transportar, este modelo es ideal tanto para el monitoreo cl\u00ednico como para el uso dom\u00e9stico, brindando a los usuarios una visualizaci\u00f3n precisa y accesible en cualquier momento.<\/p>\n","protected":false},"featured_media":13488,"comment_status":"open","ping_status":"closed","template":"","meta":{"_acf_changed":false},"product_brand":[1100],"product_cat":[15,353],"product_tag":[459,88,890,892,891,774,87],"class_list":{"0":"post-5599","1":"product","2":"type-product","3":"status-publish","4":"has-post-thumbnail","6":"product_brand-contec","7":"product_cat-medicion-y-diagnostico","8":"product_cat-oximetro","9":"product_tag-contec","10":"product_tag-curva","11":"product_tag-oximatro","12":"product_tag-pantalla-a-color","13":"product_tag-pletismografica","14":"product_tag-saturador","15":"product_tag-saturometro","16":"product_shipping_class-extra-pequeno","18":"first","19":"outofstock","20":"shipping-taxable","21":"purchasable","22":"product-type-simple"},"acf":[],"_links":{"self":[{"href":"https:\/\/deltamed.cl\/tienda\/wp-json\/wp\/v2\/product\/5599","targetHints":{"allow":["GET"]}}],"collection":[{"href":"https:\/\/deltamed.cl\/tienda\/wp-json\/wp\/v2\/product"}],"about":[{"href":"https:\/\/deltamed.cl\/tienda\/wp-json\/wp\/v2\/types\/product"}],"replies":[{"embeddable":true,"href":"https:\/\/deltamed.cl\/tienda\/wp-json\/wp\/v2\/comments?post=5599"}],"version-history":[{"count":3,"href":"https:\/\/deltamed.cl\/tienda\/wp-json\/wp\/v2\/product\/5599\/revisions"}],"predecessor-version":[{"id":13491,"href":"https:\/\/deltamed.cl\/tienda\/wp-json\/wp\/v2\/product\/5599\/revisions\/13491"}],"wp:featuredmedia":[{"embeddable":true,"href":"https:\/\/deltamed.cl\/tienda\/wp-json\/wp\/v2\/media\/13488"}],"wp:attachment":[{"href":"https:\/\/deltamed.cl\/tienda\/wp-json\/wp\/v2\/media?parent=5599"}],"wp:term":[{"taxonomy":"product_brand","embeddable":true,"href":"https:\/\/deltamed.cl\/tienda\/wp-json\/wp\/v2\/product_brand?post=5599"},{"taxonomy":"product_cat","embeddable":true,"href":"https:\/\/deltamed.cl\/tienda\/wp-json\/wp\/v2\/product_cat?post=5599"},{"taxonomy":"product_tag","embeddable":true,"href":"https:\/\/deltamed.cl\/tienda\/wp-json\/wp\/v2\/product_tag?post=5599"}],"curies":[{"name":"wp","href":"https:\/\/api.w.org\/{rel}","templated":true}]}}