{"id":55978,"date":"2026-04-28T20:16:14","date_gmt":"2026-04-28T20:16:14","guid":{"rendered":"https:\/\/dev.deltamed.cl\/?post_type=product&#038;p=55978"},"modified":"2026-04-30T19:19:15","modified_gmt":"2026-04-30T19:19:15","slug":"silla-de-ruedas-neurologica-modelo-netti","status":"publish","type":"product","link":"https:\/\/deltamed.cl\/tienda\/tienda\/producto\/silla-de-ruedas-neurologica-modelo-netti\/","title":{"rendered":"Silla de ruedas neurol\u00f3gica modelo netti"},"content":{"rendered":"<p>Silla de ruedas neurol\u00f3gica\u00a0 modelo netti , disponible con ruedas traseras grandes y peque\u00f1as<\/p>\n<p>Silla de ruedas desarrollada para adolescentes y adultos. Su uso es exclusivamente para el transporte de una persona dependiente de un tercero. Favoreciendo el confort mediante una completa reclinaci\u00f3n.<\/p>\n<p>Este modelo ofrece diversas posibilidades de ajuste a tallas f\u00edsicas individuales.<\/p>\n<p>El modelo Netti 4U Confort | CE PLUS se puede adaptar a muchos tipos de usuarios diferentes, ya tengan movilidad reducida, necesiten ayuda para desplazarse o tengan un deterioro cognitivo debido a un da\u00f1o cerebral.<\/p>\n<p>CARACTERISTICAS:<\/p>\n<p>\u2022 Marco fabricado con material de aluminio y acero recubierto, de 1.2mm de espesor m\u00ednimo permitiendo m\u00faltiples<\/p>\n<p>beneficios asociados<\/p>\n<p>\u2022 Asiento equipado con funda higi\u00e9nica Easy Care, fabricada en tela sint\u00e9tica, impermeable, irrompible, antideslizante, antitranspirante y lavable, es decir, de f\u00e1cil limpieza lo que la hace una silla apropiada para hospitales e instituciones<\/p>\n<p>privadas en las cuales la silla tiene m\u00faltiples usuarios.<\/p>\n<p>\u2022 Chasis r\u00edgido.<\/p>\n<p>\u2022 Peso de la silla 27,5 a 29 kg<\/p>\n<p>\u2022 Reclinaci\u00f3n de respaldo entre 92\u00b0 &#8211; 137\u00b0 con respecto a la vertical, regulable en m\u00faltiples posiciones con sistema seguro.<\/p>\n<p>\u2022 Reposacabezas A con soporte lateral. Funda higi\u00e9nica Easy Care. desmontable y regulable en altura, con sistema seguro.<\/p>\n<p>\u2022 Coj\u00edn respaldo con funda higi\u00e9nica Easy Care. Fijada con velcro. ajustable en altura y coj\u00edn asiento con funda higi\u00e9nica Easy Care. Este sistema de cojines es completo ya que es desmontable en: cabecera, asiento, respaldo, laterales, separador de piernas.<\/p>\n<p>\u2022 Respaldo ajustable.<\/p>\n<p>\u2022 Pu\u00f1os\/bastones de empuje standard. Barra de empuje opcional, ergonom\u00e9trica de goma suave de alta densidad, antideslizantes para mayor seguridad.<\/p>\n<p>\u2022 SDR Netti Modelo 315 ruedas de 12\u201d con frenos de tambor comandado desde manilla de empuje.<\/p>\n<p>\u2022 SDR Netti Modelo 600 con frenos bilaterales de palancas ajustables y forradas en pl\u00e1stico que se empuja para frenar.<\/p>\n<p>\u2022 Par antivuelco abatible y\/o desmontable<\/p>\n<p>\u2022 Silla viene equipada con la funda higi\u00e9nica e impermeable para asiento y respaldo Easy Care, que se puede limpiar. Esto hace que la silla sea apropiada para hospitales e instituciones privadas en las cuales la silla tiene m\u00faltiples usuarios.<\/p>\n<p>\u2022 Asiento y respaldo est\u00e1n acolchados con espuma de una densidad superior a los 40 kg\/m3.<\/p>\n<p>\u2022 Sistema reflectante en el respaldo del asiento<\/p>\n<p>\u2022 Reposabrazos redise\u00f1ado. Ajustable en altura y profundidad. F\u00e1cil de montar y desmontar, entre 25cm a 35cm de goma suave de alta densidad. Bloqueo de reposabrazos opcional.<\/p>\n<p>\u2022 Pierneras acolchadas, con soporte en pantorrilla, batientes y desmontable, regulable en \u00e1ngulos de 0o a 90o.<\/p>\n<p>\u2022 Reposapi\u00e9s de dos hojas batientes, ajustable\/regulables manualmente con compensaci\u00f3n de longitud, plataformas ajustables en \u00e1ngulo, reposa gemelos y almohadilla de rodilla.<\/p>\n<p>\u2022 Pendiente segura para freno de mano de al menos 7\u00b0<\/p>\n<p>\u2022 Soporte peso m\u00e1ximo de 130 kg<\/p>\n<p>\u2022 Caracter\u00edsticas de las ruedas traseras<\/p>\n<p>\u27a2 Ruedas traseras 24&#8243; \/12\u201d macizas, a prueba de pinchazos.<\/p>\n<p>\u27a2 Ruedas con sistema de quick Release.<\/p>\n<p>\u27a2 Aro de empuje de fricci\u00f3n de aluminio<\/p>\n<p>\u2022 Caracter\u00edsticas de las ruedas delanteras<\/p>\n<p>\u27a2 Ruedas delanteras 7\u201d macizas con Quick Release, a prueba de pinchazos.<\/p>\n<p>\u27a2 Ruedas con sistema de quick Release\u2022 Modelo cuenta con su propio kit de herramientas<\/p>\n<p>\u2022 Anchura de asientos disponibles: 35,40, 45 y 50 cm<\/p>\n<p>\u2022 Profundidad promedio de asiento 42,5-50 cm<\/p>\n<p>\u2022 Altura respaldo 50 cm (60 cm).<\/p>\n<p>\u2022 Altura Asiento 46-50 cm sin coj\u00edn.<\/p>\n<p>\u2022 Peso M\u00e1ximo de 130 kg<\/p>\n<p>\u2022 Peso de la silla 27,5-29 kg sin cojines.<\/p>\n<p>\u2022 Basculaci\u00f3n de -5 -+20\u00b0<\/p>\n<p>\u2022 Reclinaci\u00f3n respaldo 92\u00b0-137\u00b0<\/p>\n<p>\u2022 Altura total m\u00ednimo de 120 cm (suelo al apoya cabeza).<\/p>\n<p>\u2022 Altura asiento-reposabrazos m\u00ednimo 21 a 25 cm<\/p>\n","protected":false},"excerpt":{"rendered":"<p>Silla de ruedas neurol\u00f3gica\u00a0 modelo netti , disponible con ruedas traseras grandes y peque\u00f1as<\/p>\n<p>Silla de ruedas desarrollada para adolescentes y adultos. Su uso es exclusivamente para el transporte de una persona dependiente de un tercero. Favoreciendo el confort mediante una completa reclinaci\u00f3n.<\/p>\n<p>Este modelo ofrece diversas posibilidades de ajuste a tallas f\u00edsicas individuales.<\/p>\n<p>El modelo Netti 4U Confort | CE PLUS se puede adaptar a muchos tipos de usuarios diferentes, ya tengan movilidad reducida, necesiten ayuda para desplazarse o tengan un deterioro cognitivo debido a un da\u00f1o cerebral.<\/p>\n","protected":false},"featured_media":12380,"comment_status":"open","ping_status":"closed","template":"","meta":{"_acf_changed":false},"product_brand":[6165],"product_cat":[6643,6419],"product_tag":[6070,5449],"class_list":{"0":"post-55978","1":"product","2":"type-product","3":"status-publish","4":"has-post-thumbnail","6":"product_brand-alurehab","7":"product_cat-neurologica-silla-de-ruedas","8":"product_cat-silla-de-ruedas","9":"product_tag-lifante","10":"product_tag-silla-de-rueda-manual","11":"product_shipping_class-extra-grande","12":"pa_ancho-de-asiento-35-cm","13":"pa_ancho-de-asiento-40-cm","14":"pa_ancho-de-asiento-45-cm","15":"pa_ancho-de-asiento-50-cm","16":"pa_marca-sillas-de-rueda-alu-rehab","17":"pa_silla-de-ruedas-neurologica","18":"pa_tipo-de-ruedas-ruedas-traseras-grandes","19":"pa_tipo-de-ruedas-ruedas-traseras-pequenas","21":"first","22":"instock","23":"taxable","24":"shipping-taxable","25":"purchasable","26":"product-type-variable","27":"has-default-attributes"},"acf":[],"_links":{"self":[{"href":"https:\/\/deltamed.cl\/tienda\/wp-json\/wp\/v2\/product\/55978","targetHints":{"allow":["GET"]}}],"collection":[{"href":"https:\/\/deltamed.cl\/tienda\/wp-json\/wp\/v2\/product"}],"about":[{"href":"https:\/\/deltamed.cl\/tienda\/wp-json\/wp\/v2\/types\/product"}],"replies":[{"embeddable":true,"href":"https:\/\/deltamed.cl\/tienda\/wp-json\/wp\/v2\/comments?post=55978"}],"wp:featuredmedia":[{"embeddable":true,"href":"https:\/\/deltamed.cl\/tienda\/wp-json\/wp\/v2\/media\/12380"}],"wp:attachment":[{"href":"https:\/\/deltamed.cl\/tienda\/wp-json\/wp\/v2\/media?parent=55978"}],"wp:term":[{"taxonomy":"product_brand","embeddable":true,"href":"https:\/\/deltamed.cl\/tienda\/wp-json\/wp\/v2\/product_brand?post=55978"},{"taxonomy":"product_cat","embeddable":true,"href":"https:\/\/deltamed.cl\/tienda\/wp-json\/wp\/v2\/product_cat?post=55978"},{"taxonomy":"product_tag","embeddable":true,"href":"https:\/\/deltamed.cl\/tienda\/wp-json\/wp\/v2\/product_tag?post=55978"}],"curies":[{"name":"wp","href":"https:\/\/api.w.org\/{rel}","templated":true}]}}