{"id":5595,"date":"2023-05-25T17:19:08","date_gmt":"2023-05-25T20:19:08","guid":{"rendered":"https:\/\/deltamed.cl\/tienda\/?post_type=product&#038;p=5595"},"modified":"2026-02-27T13:30:46","modified_gmt":"2026-02-27T16:30:46","slug":"oximetro-pediatrico-cms50q1-contec","status":"publish","type":"product","link":"https:\/\/deltamed.cl\/tienda\/producto\/oximetro-pediatrico-cms50q1-contec\/","title":{"rendered":"Ox\u00edmetro pediatrico CMS50Q1 Contec"},"content":{"rendered":"<h2>Ox\u00edmetro pediatrico CMS50Q1 Contec<\/h2>\n<p><strong>El ox\u00edmetro pedi\u00e1trico personalizable CMS50Q1 de Contec que permite medir la SpO2 de los m\u00e1s peque\u00f1os adem\u00e1s de ser un dispositivo atractivo y divertido para ellos gracias a los stickers que hacen del dispositivo totalmente personalizable.<\/strong><\/p>\n<p><strong>\u00a0<\/strong><\/p>\n<p><strong>\u00a0<\/strong><strong>Instrucciones<\/strong><\/p>\n<p>El ox\u00edmetro de pulso se puede utilizar para medir la saturaci\u00f3n de ox\u00edgeno del pulso y la frecuencia del pulso a trav\u00e9s de<\/p>\n<p>dedo. El producto es apto para la familia, el hospital, la barra de ox\u00edgeno, la atenci\u00f3n m\u00e9dica comunitaria, el cuidado f\u00edsico en<\/p>\n<p>deportes (Se puede usar antes o despu\u00e9s de hacer deporte y no se recomienda usar el dispositivo<\/p>\n<p>durante el proceso de tener deporte) y etc.<\/p>\n<p>&nbsp;<\/p>\n<p><strong>Caracter\u00edsticas principales<\/strong><\/p>\n<p>1) Visualizaci\u00f3n del valor de SpO2<\/p>\n<p>2) Visualizaci\u00f3n del valor de la frecuencia del pulso, visualizaci\u00f3n del gr\u00e1fico de barras<\/p>\n<p>3) Pantalla de forma de onda de pulso<\/p>\n<p>4) El modo de visualizaci\u00f3n se puede cambiar<\/p>\n<p>5) El brillo de la pantalla se puede cambiar<\/p>\n<p>6) Indicaci\u00f3n de bajo voltaje: el indicador de bajo voltaje aparece antes de funcionar de manera anormal debido al bajo voltaje Funci\u00f3n de apagado autom\u00e1tico: cuando el dispositivo est\u00e1 en el estado de la interfaz de medici\u00f3n. se apagar\u00e1 autom\u00e1ticamente en 5 segundos si el dedo se sale de la sonda<\/p>\n<p><strong>\u00a0<\/strong><\/p>\n<p><strong>Rendimiento principal<\/strong><\/p>\n<p>1) Modo de visualizaci\u00f3n: 160 * 80<\/p>\n<p>2) Rango de medici\u00f3n de SpO2: 0% \uff5e 100%, (la resoluci\u00f3n es 1%).<\/p>\n<p>Precisi\u00f3n: 70% \uff5e 100%: \u00b1 2%, por debajo del 70% sin especificar.<\/p>\n<p>3) Rango de medici\u00f3n de PR: 30 bpm \uff5e 250 bpm, (la resoluci\u00f3n es 1 bpm)<\/p>\n<p>Precisi\u00f3n: \u00b1 2 lpm o \u00b1 2% (seleccione m\u00e1s grande)<\/p>\n<p>4) Rendimiento de la medici\u00f3n en condiciones de llenado d\u00e9bil: la SpO2 y la frecuencia del pulso se pueden mostrar correctamente cuando la relaci\u00f3n de llenado del pulso es del 0,4%. El error de SpO2 es \u00b1 4%, el error de frecuencia de pulso es \u00b1 2 lpm o \u00b1 2% (seleccione m\u00e1s grande).<\/p>\n<p>5) Resistencia a la luz circundante: la desviaci\u00f3n entre el valor medido en la condici\u00f3n de luz artificial o luz natural interior y el del cuarto oscuro es inferior a \u00b1 1%<\/p>\n<p>6) Consumo de energ\u00eda: menos de 30 mA<\/p>\n<p>7) Voltaje: DC 2.6V &#8211; 3.6V<\/p>\n<p>8) Fuente de alimentaci\u00f3n: 2 pilas alcalinas de 1,5 V (tama\u00f1o AAA)<\/p>\n<p>9) Horas de funcionamiento de la bater\u00eda: dos bater\u00edas pueden funcionar continuamente durante 20 horas, el n\u00famero te\u00f3rico es 36 horas<\/p>\n<p>10) Tipo de seguridad: bater\u00eda interior, tipo BF<\/p>\n<p><strong>\u00a0<\/strong><\/p>\n<p><strong>Accesorios<\/strong><\/p>\n<p>1) una cuerda colgante<\/p>\n<p>2) un manual de usuario<\/p>\n<p>3) pegatinas de dibujos animados<\/p>\n<ul>\n<li>No incluye pilas<\/li>\n<\/ul>\n<p>Identidad f\u00edsica<\/p>\n<p>Dimensi\u00f3n: 59 (L) \u00d7 37 (W) \u00d7 35 (H) mm<\/p>\n<p>Peso: alrededor de 50 g (con las bater\u00edas)<\/p>\n","protected":false},"excerpt":{"rendered":"<h2>Ox\u00edmetro pediatrico CMS50Q1 Contec<\/h2>\n<p><strong>El ox\u00edmetro pedi\u00e1trico personalizable CMS50Q1 de Contec que permite medir la SpO2 de los m\u00e1s peque\u00f1os adem\u00e1s de ser un dispositivo atractivo y divertido para ellos gracias a los stickers que hacen del dispositivo totalmente personalizable.<\/strong><\/p>\n<ol>\n<li>El ox\u00edmetro de pulso se puede utilizar para medir la saturaci\u00f3n de ox\u00edgeno del pulso y la frecuencia del pulso a trav\u00e9s de\u00a0dedo.<\/li>\n<li>El producto es apto para la familia, el hospital, la barra de ox\u00edgeno, la atenci\u00f3n m\u00e9dica comunitaria, el cuidado f\u00edsico en deportes.<\/li>\n<li>Se puede usar antes o despu\u00e9s de hacer deporte y no se recomienda usar el dispositivo durante el proceso de tener deporte y etc.<\/li>\n<\/ol>\n","protected":false},"featured_media":5598,"comment_status":"open","ping_status":"closed","template":"","meta":{"_acf_changed":false},"product_brand":[1100],"product_cat":[15,353],"product_tag":[466,465,464],"class_list":{"0":"post-5595","1":"product","2":"type-product","3":"status-publish","4":"has-post-thumbnail","6":"product_brand-contec","7":"product_cat-medicion-y-diagnostico","8":"product_cat-oximetro","9":"product_tag-oximetro-ninos","10":"product_tag-oximetro-pediatrico","11":"product_tag-oximetro-pediatrico-cms50q1-contec-deltamed","12":"product_shipping_class-extra-pequeno","14":"first","15":"instock","16":"shipping-taxable","17":"purchasable","18":"product-type-simple"},"acf":[],"_links":{"self":[{"href":"https:\/\/deltamed.cl\/tienda\/wp-json\/wp\/v2\/product\/5595","targetHints":{"allow":["GET"]}}],"collection":[{"href":"https:\/\/deltamed.cl\/tienda\/wp-json\/wp\/v2\/product"}],"about":[{"href":"https:\/\/deltamed.cl\/tienda\/wp-json\/wp\/v2\/types\/product"}],"replies":[{"embeddable":true,"href":"https:\/\/deltamed.cl\/tienda\/wp-json\/wp\/v2\/comments?post=5595"}],"version-history":[{"count":2,"href":"https:\/\/deltamed.cl\/tienda\/wp-json\/wp\/v2\/product\/5595\/revisions"}],"predecessor-version":[{"id":11228,"href":"https:\/\/deltamed.cl\/tienda\/wp-json\/wp\/v2\/product\/5595\/revisions\/11228"}],"wp:featuredmedia":[{"embeddable":true,"href":"https:\/\/deltamed.cl\/tienda\/wp-json\/wp\/v2\/media\/5598"}],"wp:attachment":[{"href":"https:\/\/deltamed.cl\/tienda\/wp-json\/wp\/v2\/media?parent=5595"}],"wp:term":[{"taxonomy":"product_brand","embeddable":true,"href":"https:\/\/deltamed.cl\/tienda\/wp-json\/wp\/v2\/product_brand?post=5595"},{"taxonomy":"product_cat","embeddable":true,"href":"https:\/\/deltamed.cl\/tienda\/wp-json\/wp\/v2\/product_cat?post=5595"},{"taxonomy":"product_tag","embeddable":true,"href":"https:\/\/deltamed.cl\/tienda\/wp-json\/wp\/v2\/product_tag?post=5595"}],"curies":[{"name":"wp","href":"https:\/\/api.w.org\/{rel}","templated":true}]}}