{"id":55906,"date":"2026-04-28T20:15:56","date_gmt":"2026-04-28T20:15:56","guid":{"rendered":"https:\/\/dev.deltamed.cl\/?post_type=product&#038;p=55906"},"modified":"2026-04-30T19:19:15","modified_gmt":"2026-04-30T19:19:15","slug":"parador-multifuncional","status":"publish","type":"product","link":"https:\/\/deltamed.cl\/tienda\/tienda\/producto\/parador-multifuncional\/","title":{"rendered":"Parador multifuncional"},"content":{"rendered":"<p>Parador multifuncional \/ Ormesa bipedestador Sandy<\/p>\n<p>La App Multisensorial Standing es un bipedestador vertical dise\u00f1ado por Ormesa para que la terapia sea m\u00e1s agradable y atractiva, gracias a una extraordinaria experiencia multisensorial.<\/p>\n<p>Un dispositivo electr\u00f3nico patentado, montado bajo la plataforma, transforma cualquier se\u00f1al de audio o v\u00eddeo en vibraciones.<\/p>\n<p>Las vibraciones se propagan por toda la estructura (incluyendo la plataforma, las rodilleras, los soportes y la mesa), permitiendo al ni\u00f1o experimentar gratificantes est\u00edmulos multisensoriales.<\/p>\n<p>Su estructura se adapta de forma sencilla y eficaz a las diferentes necesidades posturales.<\/p>\n<ul>\n<li>M\u00fasica, ritmos y vibraciones: \u00a1Conecta tu dispositivo!<\/li>\n<\/ul>\n<p>La app Multisensorial Standing se conecta a cualquier herramienta educativa o interactiva, como una tableta, un ordenador, una consola, un software educativo, etc.<\/p>\n<p>Los sonidos transformados en vibraciones refuerzan las actividades de rehabilitaci\u00f3n, haci\u00e9ndolas din\u00e1micas, interactivas y atractivas. La posici\u00f3n est\u00e1tica de pie se convierte en una experiencia din\u00e1mica.<\/p>\n<ul>\n<li>Estimulaci\u00f3n para el aprendizaje\n<p>Para ni\u00f1os con dificultades para procesar las entradas perceptivas y las salidas motoras, la aplicaci\u00f3n Multisensorial Standing es una herramienta excepcional para la estimulaci\u00f3n y el aprendizaje.<\/p>\n<p>Con m\u00fasica, sonidos, ritmos y vibraciones, la aplicaci\u00f3n Multisensorial Standing revoluciona los momentos de pie. Los elementos de contenci\u00f3n se convierten en veh\u00edculos de nuevos est\u00edmulos y diversi\u00f3n para el ni\u00f1o.<\/li>\n<\/ul>\n<p>Los est\u00edmulos sensoriales ayudan a superar las barreras f\u00edsicas y emocionales.<\/p>\n<p>La aplicaci\u00f3n Multisensorial Standing hace que los ejercicios de rehabilitaci\u00f3n para mejorar la postura, la interacci\u00f3n con el entorno, la coordinaci\u00f3n ojo-mano y las habilidades cognitivas sean mucho m\u00e1s efectivos.<\/p>\n<p>Con la aplicaci\u00f3n Multisensorial Standing, la terapia se convierte en un momento agradable y divertido, capaz de estimular la atenci\u00f3n y la motivaci\u00f3n del ni\u00f1o. Las diversas actividades que se pueden ofrecer a trav\u00e9s de la aplicaci\u00f3n Multisensorial Standing facilitan el ejercicio y las intervenciones terap\u00e9uticas, y fomentan la participaci\u00f3n del ni\u00f1o.<\/p>\n<p>Las aplicaciones de causa y efecto (por ejemplo, la bater\u00eda) se pueden utilizar para el trabajo cognitivo y motor, con diferentes tambores que producen sonidos y vibraciones de distinta intensidad. Ver un v\u00eddeo de un coche de carreras, en el que diferentes velocidades del motor producen distintas vibraciones, hace que la experiencia sea m\u00e1s real y divertida para el ni\u00f1o.<\/p>\n<p>*SOLO DISPONIBLE PARA CONFIGURACI\u00d3N E IMPORTACI\u00d3N.<\/p>\n<p>Tallas:<\/p>\n<p>Talla 1: Para personas entre 75 cm y 100 cm con m\u00e1ximo de peso de 35 KG<\/p>\n<p>Talla 2: Para personas entre 90 cm y 125 cm con m\u00e1ximo de peso de 45 KG<\/p>\n<p>Talla 3: Para personas entre120 cm y 150 cm con m\u00e1ximo de peso de 55 KG<\/p>\n","protected":false},"excerpt":{"rendered":"<p>Parador multifuncional \/ Ormesa bipedestador Sandy<\/p>\n<p>La App Multisensorial Standing es un bipedestador vertical dise\u00f1ado por Ormesa para que la terapia sea m\u00e1s agradable y atractiva, gracias a una extraordinaria experiencia multisensorial.<\/p>\n<p>Un dispositivo electr\u00f3nico patentado, montado bajo la plataforma, transforma cualquier se\u00f1al de audio o v\u00eddeo en vibraciones.<\/p>\n<p>Las vibraciones se propagan por toda la estructura (incluyendo la plataforma, las rodilleras, los soportes y la mesa), permitiendo al ni\u00f1o experimentar gratificantes est\u00edmulos multisensoriales.<\/p>\n<p>Su estructura se adapta de forma sencilla y eficaz a las diferentes necesidades posturales.<\/p>\n<p>*SOLO DISPONIBLE PARA CONFIGURACI\u00d3N E IMPORTACI\u00d3N.<\/p>\n<p>Tallas:<\/p>\n<p>Talla 1: Para personas entre 75 cm y 100 cm con m\u00e1ximo de peso de 35 KG<\/p>\n<p>Talla 2: Para personas entre 90 cm y 125 cm con m\u00e1ximo de peso de 45 KG<\/p>\n<p>Talla 3: Para personas entre120 cm y 150 cm con m\u00e1ximo de peso de 55 KG<\/p>\n","protected":false},"featured_media":12266,"comment_status":"open","ping_status":"closed","template":"","meta":{"_acf_changed":false},"product_brand":[6071],"product_cat":[6654,6639,6653],"product_tag":[6070],"class_list":{"0":"post-55906","1":"product","2":"type-product","3":"status-publish","4":"has-post-thumbnail","6":"product_brand-ormesa","7":"product_cat-bipedestador-movilidad","8":"product_cat-infantil-2","9":"product_cat-movilidad","10":"product_tag-lifante","11":"pa_marcas-ninos-ormesa","12":"pa_ninos-movilidad","14":"first","15":"outofstock","16":"taxable","17":"shipping-taxable","18":"product-type-simple"},"acf":[],"_links":{"self":[{"href":"https:\/\/deltamed.cl\/tienda\/wp-json\/wp\/v2\/product\/55906","targetHints":{"allow":["GET"]}}],"collection":[{"href":"https:\/\/deltamed.cl\/tienda\/wp-json\/wp\/v2\/product"}],"about":[{"href":"https:\/\/deltamed.cl\/tienda\/wp-json\/wp\/v2\/types\/product"}],"replies":[{"embeddable":true,"href":"https:\/\/deltamed.cl\/tienda\/wp-json\/wp\/v2\/comments?post=55906"}],"wp:featuredmedia":[{"embeddable":true,"href":"https:\/\/deltamed.cl\/tienda\/wp-json\/wp\/v2\/media\/12266"}],"wp:attachment":[{"href":"https:\/\/deltamed.cl\/tienda\/wp-json\/wp\/v2\/media?parent=55906"}],"wp:term":[{"taxonomy":"product_brand","embeddable":true,"href":"https:\/\/deltamed.cl\/tienda\/wp-json\/wp\/v2\/product_brand?post=55906"},{"taxonomy":"product_cat","embeddable":true,"href":"https:\/\/deltamed.cl\/tienda\/wp-json\/wp\/v2\/product_cat?post=55906"},{"taxonomy":"product_tag","embeddable":true,"href":"https:\/\/deltamed.cl\/tienda\/wp-json\/wp\/v2\/product_tag?post=55906"}],"curies":[{"name":"wp","href":"https:\/\/api.w.org\/{rel}","templated":true}]}}