{"id":55899,"date":"2026-04-28T20:15:55","date_gmt":"2026-04-28T20:15:55","guid":{"rendered":"https:\/\/dev.deltamed.cl\/?post_type=product&#038;p=55899"},"modified":"2026-04-30T19:19:15","modified_gmt":"2026-04-30T19:19:15","slug":"silla-de-ducha-infantil-manatee","status":"publish","type":"product","link":"https:\/\/deltamed.cl\/tienda\/tienda\/producto\/silla-de-ducha-infantil-manatee\/","title":{"rendered":"Silla de ducha infantil manatee"},"content":{"rendered":"<p>Silla de ducha r 82 manatee\/ Silla De Ducha Infantil Manatee<\/p>\n<p>La Silla de ducha Manatee es ajustable en m\u00faltiples posiciones, y est\u00e1 dise\u00f1ada para dar tanto a los cuidadores como al usuario, soporte, seguridad y confort.<\/p>\n<p>Caracter\u00edsticas:<\/p>\n<p>Es una tumbona para el ba\u00f1o y relajaci\u00f3n articulable y extensible.<\/p>\n<p>Se le puede adaptar una base con 4 ruedas con freno para facilitar su traslado y facilitar la labor del cuidador.<\/p>\n<p>Es regulable en altura y de tama\u00f1o \u00fanico.<\/p>\n<p>Ambas, tumbona y base, son f\u00e1cilmente plegables, para guardarlas en un reducido espacio.<\/p>\n<p>La profundidad del asiento puede ajustarse, lo que permite a Manatee \u201ccrecer\u201d con el ni\u00f1o y durar varios a\u00f1os.<\/p>\n<p>Podemos articularla, situando su asiento a solo 13 cm del fondo de la ba\u00f1era.<\/p>\n<p>Cada tama\u00f1o es extensible.<\/p>\n<p>Especificaciones est\u00e1ndar:<\/p>\n<ul>\n<li>Respaldo reclinable.<\/li>\n<li>Soporte de piernas graduable.<\/li>\n<li>Basculaci\u00f3n.<\/li>\n<li>Soportes laterales de cabeza y cintur\u00f3n p\u00e9lvico.<\/li>\n<\/ul>\n","protected":false},"excerpt":{"rendered":"<p>Silla de ducha r 82 manatee\/ Silla De Ducha Infantil Manatee<\/p>\n<p>La Silla de ducha Manatee es ajustable en m\u00faltiples posiciones, y est\u00e1 dise\u00f1ada para dar tanto a los cuidadores como al usuario, soporte, seguridad y confort.<\/p>\n<p>Caracter\u00edsticas:<\/p>\n<p>Es una tumbona para el ba\u00f1o y relajaci\u00f3n articulable y extensible.<\/p>\n<p>Se le puede adaptar una base con 4 ruedas con freno para facilitar su traslado y facilitar la labor del cuidador.<\/p>\n<p>Es regulable en altura y de tama\u00f1o \u00fanico.<\/p>\n<p>Ambas, tumbona y base, son f\u00e1cilmente plegables, para guardarlas en un reducido espacio.<\/p>\n<p>La profundidad del asiento puede ajustarse, lo que permite a Manatee \u201ccrecer\u201d con el ni\u00f1o y durar varios a\u00f1os.<\/p>\n<p>Podemos articularla, situando su asiento a solo 13 cm del fondo de la ba\u00f1era.<\/p>\n<p>Cada tama\u00f1o es extensible.<\/p>\n<p>Especificaciones est\u00e1ndar:<\/p>\n<ul>\n<li>Respaldo reclinable.<\/li>\n<li>Soporte de piernas graduable.<\/li>\n<li>Basculaci\u00f3n.<\/li>\n<li>Soportes laterales de cabeza y cintur\u00f3n p\u00e9lvico.<\/li>\n<\/ul>\n","protected":false},"featured_media":12246,"comment_status":"open","ping_status":"closed","template":"","meta":{"_acf_changed":false},"product_brand":[6085],"product_cat":[6639,6640],"product_tag":[5297,5339,6070,5596],"class_list":{"0":"post-55899","1":"product","2":"type-product","3":"status-publish","4":"has-post-thumbnail","6":"product_brand-r82","7":"product_cat-infantil-2","8":"product_cat-silla-de-banos","9":"product_tag-baston","10":"product_tag-burrito","11":"product_tag-lifante","12":"product_tag-silla-de-ruedas","13":"pa_ayudas-diarias-bano","14":"pa_marca-ayudas-diarias-r82","16":"first","17":"instock","18":"taxable","19":"shipping-taxable","20":"purchasable","21":"product-type-variable"},"acf":[],"_links":{"self":[{"href":"https:\/\/deltamed.cl\/tienda\/wp-json\/wp\/v2\/product\/55899","targetHints":{"allow":["GET"]}}],"collection":[{"href":"https:\/\/deltamed.cl\/tienda\/wp-json\/wp\/v2\/product"}],"about":[{"href":"https:\/\/deltamed.cl\/tienda\/wp-json\/wp\/v2\/types\/product"}],"replies":[{"embeddable":true,"href":"https:\/\/deltamed.cl\/tienda\/wp-json\/wp\/v2\/comments?post=55899"}],"wp:featuredmedia":[{"embeddable":true,"href":"https:\/\/deltamed.cl\/tienda\/wp-json\/wp\/v2\/media\/12246"}],"wp:attachment":[{"href":"https:\/\/deltamed.cl\/tienda\/wp-json\/wp\/v2\/media?parent=55899"}],"wp:term":[{"taxonomy":"product_brand","embeddable":true,"href":"https:\/\/deltamed.cl\/tienda\/wp-json\/wp\/v2\/product_brand?post=55899"},{"taxonomy":"product_cat","embeddable":true,"href":"https:\/\/deltamed.cl\/tienda\/wp-json\/wp\/v2\/product_cat?post=55899"},{"taxonomy":"product_tag","embeddable":true,"href":"https:\/\/deltamed.cl\/tienda\/wp-json\/wp\/v2\/product_tag?post=55899"}],"curies":[{"name":"wp","href":"https:\/\/api.w.org\/{rel}","templated":true}]}}